{"id":5379,"date":"2017-10-02T08:37:19","date_gmt":"2017-10-02T08:37:19","guid":{"rendered":"http:\/\/www.comunidadcalatayud.com\/?page_id=5379"},"modified":"2025-07-30T07:21:46","modified_gmt":"2025-07-30T07:21:46","slug":"recogida-de-voluminosos","status":"publish","type":"page","link":"https:\/\/www.comunidadcalatayud.com\/index.php\/areas\/medio-ambiente\/recogida-de-voluminosos\/","title":{"rendered":"Recogida de Voluminosos"},"content":{"rendered":"<div class=\"grid\">\n<article class=\"column span-9 enlaces\">La recogida selectiva de voluminosos viene dada como un refuerzo a la que se realiza con el Punto Limpio M\u00f3vil desde el mes de abril, y que tuvo su inicio en el periodo estival. El servicio no es de car\u00e1cter peri\u00f3dico, y pueden consultarse las pr\u00f3ximas rutas en el siguiente enlace:<\/article>\n<article><\/article>\n<\/div>\n<article>.<\/article>\n<article><strong><a href=\"https:\/\/www.comunidadcalatayud.com\/wp-content\/uploads\/2025\/07\/CARTEL-VOLUMINOSOS-CLATAYUD-2025-01.pdf\">Recogida Voluminosos a\u00f1o 2025 abril a agosto<\/a><\/strong><\/article>\n<div class=\"grid\">\n<article><strong><strong><strong><strong><a href=\"https:\/\/www.comunidadcalatayud.com\/wp-content\/uploads\/2025\/06\/CARTEL-VOLUMINOSOS-CLATAYUD-2025_02.pdf\">Recogida Voluminosos a\u00f1o 2025 septiembre a diciembre<\/a><\/strong><\/strong><\/strong><\/strong><\/article>\n<\/div>\n<article><\/article>\n<article>\n<article><\/article>\n<div class=\"grid\"><\/div>\n<\/article>\n<article><\/article>\n<article>En este servicio se podr\u00e1n depositar distintos tipos de residuos como los que se detallan a continuaci\u00f3n.<\/article>\n<div class=\"grid\">\n<article class=\"column span-9 enlaces\">\n<ul>\n<li>Colchones y somieres.<\/li>\n<li>Muebles.<\/li>\n<li>Maderas.<\/li>\n<li>Metales.<\/li>\n<\/ul>\n<\/article>\n<div class=\"column span-3 pull-right sidebar\">\n<!-- Widget Shortcode --><div id=\"nav_menu-4\" class=\"widget widget_nav_menu widget-shortcode area-otw-sidebar-3 \"><h2 class=\"widgettitle\">\u00c1reas<\/h2><div class=\"menu-areas-container\"><ul id=\"menu-areas\" class=\"menu\"><li id=\"menu-item-2987\" class=\"menu-item menu-item-type-post_type menu-item-object-page menu-item-2987\"><a href=\"https:\/\/www.comunidadcalatayud.com\/index.php\/areas\/accion-social\/\">Acci\u00f3n Social<\/a><\/li>\n<li id=\"menu-item-2986\" class=\"menu-item menu-item-type-post_type menu-item-object-page menu-item-2986\"><a href=\"https:\/\/www.comunidadcalatayud.com\/index.php\/areas\/cultura\/\">Cultura<\/a><\/li>\n<li id=\"menu-item-2985\" class=\"menu-item menu-item-type-post_type menu-item-object-page menu-item-2985\"><a href=\"https:\/\/www.comunidadcalatayud.com\/index.php\/areas\/deportes\/\">Deportes<\/a><\/li>\n<li id=\"menu-item-2984\" class=\"menu-item menu-item-type-post_type menu-item-object-page menu-item-2984\"><a href=\"https:\/\/www.comunidadcalatayud.com\/index.php\/areas\/medio-ambiente\/\">Medio Ambiente<\/a><\/li>\n<li id=\"menu-item-2983\" class=\"menu-item menu-item-type-post_type menu-item-object-page menu-item-2983\"><a href=\"https:\/\/www.comunidadcalatayud.com\/index.php\/areas\/proteccion-civil\/\">Protecci\u00f3n Civil<\/a><\/li>\n<li id=\"menu-item-2982\" class=\"menu-item menu-item-type-post_type menu-item-object-page menu-item-2982\"><a href=\"https:\/\/www.comunidadcalatayud.com\/index.php\/areas\/turismo\/\">Turismo<\/a><\/li>\n<li id=\"menu-item-2981\" class=\"menu-item menu-item-type-post_type menu-item-object-page menu-item-2981\"><a href=\"https:\/\/www.comunidadcalatayud.com\/index.php\/areas\/juventud\/\">Juventud<\/a><\/li>\n<\/ul><\/div><\/div><!-- \/Widget Shortcode -->\n<\/div>\n<\/div>\n","protected":false},"excerpt":{"rendered":"<p class=\"excerpt\">La recogida selectiva de voluminosos viene dada como un refuerzo a la que se realiza con el Punto Limpio M\u00f3vil desde el mes de abril, y que tuvo su inicio en el periodo estival. El servicio no es de car\u00e1cter peri\u00f3dico, y pueden consultarse las pr\u00f3ximas rutas en el siguiente enlace: . Recogida Voluminosos a\u00f1o [&hellip;]<\/p>\n","protected":false},"author":1,"featured_media":0,"parent":2948,"menu_order":3,"comment_status":"closed","ping_status":"closed","template":"","meta":{"footnotes":""},"class_list":["post-5379","page","type-page","status-publish","hentry"],"_links":{"self":[{"href":"https:\/\/www.comunidadcalatayud.com\/index.php\/wp-json\/wp\/v2\/pages\/5379","targetHints":{"allow":["GET"]}}],"collection":[{"href":"https:\/\/www.comunidadcalatayud.com\/index.php\/wp-json\/wp\/v2\/pages"}],"about":[{"href":"https:\/\/www.comunidadcalatayud.com\/index.php\/wp-json\/wp\/v2\/types\/page"}],"author":[{"embeddable":true,"href":"https:\/\/www.comunidadcalatayud.com\/index.php\/wp-json\/wp\/v2\/users\/1"}],"replies":[{"embeddable":true,"href":"https:\/\/www.comunidadcalatayud.com\/index.php\/wp-json\/wp\/v2\/comments?post=5379"}],"version-history":[{"count":71,"href":"https:\/\/www.comunidadcalatayud.com\/index.php\/wp-json\/wp\/v2\/pages\/5379\/revisions"}],"predecessor-version":[{"id":10066,"href":"https:\/\/www.comunidadcalatayud.com\/index.php\/wp-json\/wp\/v2\/pages\/5379\/revisions\/10066"}],"up":[{"embeddable":true,"href":"https:\/\/www.comunidadcalatayud.com\/index.php\/wp-json\/wp\/v2\/pages\/2948"}],"wp:attachment":[{"href":"https:\/\/www.comunidadcalatayud.com\/index.php\/wp-json\/wp\/v2\/media?parent=5379"}],"curies":[{"name":"wp","href":"https:\/\/api.w.org\/{rel}","templated":true}]}}