{"id":5062,"date":"2017-09-25T10:22:18","date_gmt":"2017-09-25T10:22:18","guid":{"rendered":"http:\/\/www.comunidadcalatayud.com\/?page_id=5062"},"modified":"2024-08-05T15:10:20","modified_gmt":"2024-08-05T15:10:20","slug":"puntos-limpios-fijo-y-movil","status":"publish","type":"page","link":"https:\/\/www.comunidadcalatayud.com\/index.php\/areas\/medio-ambiente\/puntos-limpios-fijo-y-movil\/","title":{"rendered":"Puntos Limpios Fijo y M\u00f3vil"},"content":{"rendered":"<div class=\"grid\">\n<article class=\"column span-9 enlaces\">En abril de 2017, se comenz\u00f3 a prestar el servicio de recogida selectiva tanto desde el Punto Limpio Fijo situado en el Paraje Cifuentes de Calatayud, como del Punto Limpio M\u00f3vil que regularmente pasa por los municipios de la Comarca. Los horarios de apertura del Punto Limpio Fijo son:<\/p>\n<ul>\n<li><strong>MA\u00d1ANAS.<\/strong> De lunes a s\u00e1bado de 9.00 a 13.30 h<\/li>\n<li><strong>TARDES.<\/strong> Martes y jueves de 17.00 a 19.00 h<\/li>\n<\/ul>\n<p><a href=\"https:\/\/www.comunidadcalatayud.com\/wp-content\/uploads\/2024\/08\/PUNTO-LIMPIO-FIJO-COMARCAL.pdf\" target=\"_blank\" rel=\"noopener noreferrer\">Informaci\u00f3n del Punto Limpio Fijo<\/a><\/p>\n<p>Mientras las <strong>rutas del Punto Limpio M\u00f3vil<\/strong>, pueden consultarse aqu\u00ed:<\/p>\n<p><strong><span style=\"color: #000080;\"><a style=\"color: #000080;\" href=\"https:\/\/www.comunidadcalatayud.com\/wp-content\/uploads\/2023\/01\/punto-limpio-febrero.pdf\">Rutas mes de febrero de 2023<\/a><\/span><\/strong><\/p>\n<p>En los puntos limpios se recogen residuos domiciliarios generados en las actividades de uso dom\u00e9stico. Hay una limitaci\u00f3n por persona y d\u00eda para el dep\u00f3sito de los residuos y que se detalla en las tablas siguientes:<\/p>\n<\/article>\n<article class=\"column span-9 enlaces\">\n<h2>Residuos admisibles en el punto limpio fijo.<\/h2>\n<p><strong>M\u00c1XIMO 3 COSAS POR PERSONA Y D\u00cdA<\/strong><\/p>\n<p><strong>ACEITES DOM\u00c9STICOS:<\/strong> 25 LITROS<br \/>\n<strong>PAPEL &#8211; CART\u00d3N<\/strong>: 20 KG<br \/>\n<strong>PILAS ORDINARIAS Y ALCALINAS<\/strong>: 50 UNIDADES<br \/>\nPILAS CON N\u00cdQUEL, CADMIO Y MERCURIO: 10 UNIDADES<br \/>\n<strong>METALES:<\/strong> 25 KG. &#8211; 3 SOMIERES<br \/>\n<strong>ELECTRODOM\u00c9STICOS, APARATOS EL\u00c9CTRICOS, ELECTR\u00d3NICOS E INFORM\u00c1TICOS<\/strong>: 3 UNIDADES<br \/>\n<strong>MADERAS:<\/strong> 50 KG, 3 MUEBLES<br \/>\n<strong>ENVASES LIGEROS Y PL\u00c1STICOS:<\/strong> 25 KG<br \/>\n<strong>ESCOMBROS<\/strong>: 10 SACOS<br \/>\n<strong>VOLUMINOSOS (SOF\u00c1S, COLCHONES, SILLAS, SOMIERES Y SIMILARES)<\/strong>: 3 UNIDADES<br \/>\n<strong>ENVASE DE VIDRIO<\/strong>: 100 BOTELLAS<br \/>\n<strong>VIDRIO PLANO<\/strong>: 10 KG<br \/>\n<strong>TUBOS FLUORESCENTES Y BOMBILLAS:<\/strong> 10 UNIDADES<br \/>\n<strong>ENVASES VAC\u00cdOS DE DISOLVENTES Y PINTURAS:<\/strong> 50 LITROS<br \/>\n<strong>T\u00d3NER:<\/strong> 10 UNIDADES<br \/>\n<strong>RADIOGRAF\u00cdAS:<\/strong> 10 UNIDADES<br \/>\n<strong>AEROSOLES<\/strong>: 10 UNIDADES<br \/>\n<strong>C\u00c1PSULAS DE CAF\u00c9<\/strong><br \/>\n<strong>BATER\u00cdAS:<\/strong> 1 UNIDAD<br \/>\n<!-- Widget Shortcode --><div id=\"nav_menu-4\" class=\"widget widget_nav_menu widget-shortcode area-otw-sidebar-3 \"><h2 class=\"widgettitle\">\u00c1reas<\/h2><div class=\"menu-areas-container\"><ul id=\"menu-areas\" class=\"menu\"><li id=\"menu-item-2987\" class=\"menu-item menu-item-type-post_type menu-item-object-page menu-item-2987\"><a href=\"https:\/\/www.comunidadcalatayud.com\/index.php\/areas\/accion-social\/\">Acci\u00f3n Social<\/a><\/li>\n<li id=\"menu-item-2986\" class=\"menu-item menu-item-type-post_type menu-item-object-page menu-item-2986\"><a href=\"https:\/\/www.comunidadcalatayud.com\/index.php\/areas\/cultura\/\">Cultura<\/a><\/li>\n<li id=\"menu-item-2985\" class=\"menu-item menu-item-type-post_type menu-item-object-page menu-item-2985\"><a href=\"https:\/\/www.comunidadcalatayud.com\/index.php\/areas\/deportes\/\">Deportes<\/a><\/li>\n<li id=\"menu-item-2984\" class=\"menu-item menu-item-type-post_type menu-item-object-page menu-item-2984\"><a href=\"https:\/\/www.comunidadcalatayud.com\/index.php\/areas\/medio-ambiente\/\">Medio Ambiente<\/a><\/li>\n<li id=\"menu-item-2983\" class=\"menu-item menu-item-type-post_type menu-item-object-page menu-item-2983\"><a href=\"https:\/\/www.comunidadcalatayud.com\/index.php\/areas\/proteccion-civil\/\">Protecci\u00f3n Civil<\/a><\/li>\n<li id=\"menu-item-2982\" class=\"menu-item menu-item-type-post_type menu-item-object-page menu-item-2982\"><a href=\"https:\/\/www.comunidadcalatayud.com\/index.php\/areas\/turismo\/\">Turismo<\/a><\/li>\n<li id=\"menu-item-2981\" class=\"menu-item menu-item-type-post_type menu-item-object-page menu-item-2981\"><a href=\"https:\/\/www.comunidadcalatayud.com\/index.php\/areas\/juventud\/\">Juventud<\/a><\/li>\n<\/ul><\/div><\/div><!-- \/Widget Shortcode --><\/p>\n<\/article>\n<\/div>\n","protected":false},"excerpt":{"rendered":"<p class=\"excerpt\">En abril de 2017, se comenz\u00f3 a prestar el servicio de recogida selectiva tanto desde el Punto Limpio Fijo situado en el Paraje Cifuentes de Calatayud, como del Punto Limpio M\u00f3vil que regularmente pasa por los municipios de la Comarca. Los horarios de apertura del Punto Limpio Fijo son: MA\u00d1ANAS. De lunes a s\u00e1bado de [&hellip;]<\/p>\n","protected":false},"author":1,"featured_media":0,"parent":2948,"menu_order":2,"comment_status":"closed","ping_status":"closed","template":"","meta":{"footnotes":""},"class_list":["post-5062","page","type-page","status-publish","hentry"],"_links":{"self":[{"href":"https:\/\/www.comunidadcalatayud.com\/index.php\/wp-json\/wp\/v2\/pages\/5062","targetHints":{"allow":["GET"]}}],"collection":[{"href":"https:\/\/www.comunidadcalatayud.com\/index.php\/wp-json\/wp\/v2\/pages"}],"about":[{"href":"https:\/\/www.comunidadcalatayud.com\/index.php\/wp-json\/wp\/v2\/types\/page"}],"author":[{"embeddable":true,"href":"https:\/\/www.comunidadcalatayud.com\/index.php\/wp-json\/wp\/v2\/users\/1"}],"replies":[{"embeddable":true,"href":"https:\/\/www.comunidadcalatayud.com\/index.php\/wp-json\/wp\/v2\/comments?post=5062"}],"version-history":[{"count":81,"href":"https:\/\/www.comunidadcalatayud.com\/index.php\/wp-json\/wp\/v2\/pages\/5062\/revisions"}],"predecessor-version":[{"id":9782,"href":"https:\/\/www.comunidadcalatayud.com\/index.php\/wp-json\/wp\/v2\/pages\/5062\/revisions\/9782"}],"up":[{"embeddable":true,"href":"https:\/\/www.comunidadcalatayud.com\/index.php\/wp-json\/wp\/v2\/pages\/2948"}],"wp:attachment":[{"href":"https:\/\/www.comunidadcalatayud.com\/index.php\/wp-json\/wp\/v2\/media?parent=5062"}],"curies":[{"name":"wp","href":"https:\/\/api.w.org\/{rel}","templated":true}]}}