{"id":4175,"date":"2017-09-19T08:49:24","date_gmt":"2017-09-19T08:49:24","guid":{"rendered":"http:\/\/www.comunidadcalatayud.com\/?page_id=4175"},"modified":"2017-09-25T10:25:27","modified_gmt":"2017-09-25T10:25:27","slug":"politica-de-cookies","status":"publish","type":"page","link":"https:\/\/www.comunidadcalatayud.com\/index.php\/politica-de-cookies\/","title":{"rendered":"Pol\u00edtica de Cookies"},"content":{"rendered":"<p>A continuaci\u00f3n, te mostramos informaci\u00f3n sobre qu\u00e9 son las \u201ccookies\u201d, qu\u00e9 tipos de cookies utiliza este portal y c\u00f3mo puedes desactivar las cookies en tu navegador. Si no encuentras lo que est\u00e1s buscando, escr\u00edbenos a &#x63;&#x6f;&#x6d;&#97;rca&#x40;&#x63;&#x6f;&#109;uni&#x64;&#x61;&#x64;&#99;ala&#x74;&#x61;&#x79;&#117;d.c&#x6f;&#x6d;.<\/p>\n<p>La Agencia Espa\u00f1ola de Protecci\u00f3n de Datos ofrece informaci\u00f3n completa sobre uso de cookies en: www.agpd.es\/portalwebAGPD\/canaldocumentacion\/publicaciones\/common\/Guias\/Guia_Cookies.pdf<\/p>\n<h2>COOKIES UTILIZADAS<\/h2>\n<h3>Datos estad\u00edsticos de navegaci\u00f3n<\/h3>\n<p>Esta p\u00e1gina web utiliza Google Analytics para ayudar a analizar c\u00f3mo los visitantes utilizan este sitio. Google Analytics utiliza varias cookies, que son peque\u00f1os archivos de texto ubicados en su ordenador, para recoger informaci\u00f3n sobre el comportamiento de los visitantes en un formulario an\u00f3nimo. Tenga en cuenta el \u00e9nfasis deliberado de anonimato, ya que ninguna informaci\u00f3n de identificaci\u00f3n personal se recopila sobre usted a menos que usted presente de forma expl\u00edcita esta informaci\u00f3n a trav\u00e9s del relleno de un formulario en este sitio web.<\/p>\n<p>La informaci\u00f3n an\u00f3nima generada por las cookies de Google Analytics sobre el uso de este sitio web (incluyendo su direcci\u00f3n IP) se transmite a Google. Esta informaci\u00f3n se procesa para elaborar informes estad\u00edsticos sobre la actividad del sitio web. Usamos estos informes para evaluar el uso de este sitio web y poder optimizar el contenido, para satisfacer mejor sus necesidades.<\/p>\n<p>Jam\u00e1s vamos a enlazar, o tratar de vincular, una direcci\u00f3n IP con la identidad de un usuario o con la informaci\u00f3n de identificaci\u00f3n personal de cualquier fuente, a menos que usted presente de forma expl\u00edcita la informaci\u00f3n a trav\u00e9s de un formulario.<\/p>\n<h3>Compartir contenidos en redes sociales<\/h3>\n<p>Este sitio web utiliza AddThis para facilitar que se compartan nuestros contenidos en distintas redes sociales. Para ello se almacena en su equipo una cookie con el \u00fanico objeto de saber si usted ha compartido alguno de nuestros contenidos. De esta forma le informaremos si ya comparti\u00f3 ese contenido y evitamos que se compartan contenidos m\u00e1s de una vez por el mismo usuario. As\u00ed tambi\u00e9n conseguimos ser m\u00e1s honestos al indicar las veces que se comparti\u00f3 un determinado contenido. AddThis tambi\u00e9n recopila informaci\u00f3n estad\u00edstica de cuantas veces se comparti\u00f3 un determinado contenido. Pero al igual que con las cookies de Google Analytics, jam\u00e1s enlazaremos o vincularemos una direcci\u00f3n IP con la identidad de un usuario.<\/p>\n<h3>Formularios y obtenci\u00f3n de datos personales<\/h3>\n<p>Se le solicitar\u00e1n datos personales (como su correo electr\u00f3nico) al suscribirse a nuestro bolet\u00edn o cuando desee enviar un comentario, y usted tendr\u00e1 la opci\u00f3n de proporcionar esos datos o no. Los datos facilitados por los usuarios en estos formularios no ser\u00e1n nunca utilizados para finalidades distintas a las indicadas claramente en este sitio web.<\/p>\n<p>No obstante, usted podr\u00e1 ejercer su derecho a borrar o modificar sus datos cuando lo desee en la forma indicada en nuestra pol\u00edtica de privacidad<\/p>\n<h3>\u00bfQu\u00e9 son las Cookies?<\/h3>\n<p>Las cookies son peque\u00f1as informaciones enviadas por un sitio web y almacenadas en el navegador del usuario, de manera que el sitio web puede consultar la actividad previa del usuario con diversas finalidades.<\/p>\n<p>Las cookies pueden ser borradas, aceptadas o bloqueadas seg\u00fan desee, para esto s\u00f3lo debe configurar convenientemente el navegador web.<\/p>\n<h3>\u00bfPara qu\u00e9 utiliza la Comarca de la Comunidad de Calatayud las Cookies?<\/h3>\n<p>La Comarca de la Comunidad de Calatayud utiliza cookies estrictamente necesarias y esenciales para que utilices nuestro sitio web y te permitan moverte libremente, utilizar \u00e1reas seguras, opciones personalizadas, etc. Adem\u00e1s, la Comarca de la Comunidad de Calatayud utiliza cookies que recogen datos relativos al an\u00e1lisis de uso de la Web. \u00c9stas se utilizan para ayudar a mejorar el servicio al cliente, midiendo el uso y el rendimiento de la p\u00e1gina, para optimizarla y personalizarla. Nuestros sitio tambi\u00e9n puede tener enlaces de redes sociales (como Facebook o Twitter). La Comarca de la Comunidad de Calatayud no controla las cookies utilizadas por estas Web externas. Para m\u00e1s informaci\u00f3n sobre las cookies de las redes sociales u otras Webs ajenas, aconsejamos revisar sus propias pol\u00edticas de cookies.<\/p>\n<h3>\u00bfQu\u00e9 uso le damos a los diferentes tipos de cookies?<\/h3>\n<h4>Seg\u00fan su finalidad:<\/h4>\n<h5>Cookies T\u00e9cnicas:<\/h5>\n<p>Las cookies t\u00e9cnicas son aquellas imprescindibles y estrictamente necesarias para el correcto funcionamiento de un portal Web y la utilizaci\u00f3n de las diferentes opciones y servicios que ofrece. Por ejemplo, las que sirven para el mantenimiento de la sesi\u00f3n, la gesti\u00f3n del tiempo de respuesta, rendimiento o validaci\u00f3n de opciones, utilizar elementos de seguridad, compartir contenido con redes sociales, etc.<\/p>\n<h5>Cookies de personalizaci\u00f3n:<\/h5>\n<p>Estas cookies permiten al usuario especificar o personalizar algunas caracter\u00edsticas de las opciones generales de la p\u00e1gina Web, Por ejemplo, definir el idioma, configuraci\u00f3n regional o tipo de navegador.<\/p>\n<h5>Cookies anal\u00edticas<\/h5>\n<p>Las cookies anal\u00edticas son las utilizadas por nuestros portales Web, para elaborar perfiles de navegaci\u00f3n y poder conocer las preferencias de los usuarios del mismo con el fin de mejorar la oferta de productos y servicios. Por ejemplo, mediante una cookie anal\u00edtica se controlar\u00edan las \u00e1reas geogr\u00e1ficas de mayor inter\u00e9s de un usuario, cu\u00e1l es el producto de m\u00e1s aceptaci\u00f3n, etc.<\/p>\n<h5>Cookies de publicidad<\/h5>\n<p>Las cookies publicitarias permiten la gesti\u00f3n de los espacios publicitarios en base a criterios concretos. Por ejemplo, la frecuencia de acceso, el contenido editado, etc.<\/p>\n<p>Las cookies de publicidad permiten a trav\u00e9s de la gesti\u00f3n de la publicidad almacenar informaci\u00f3n del comportamiento a trav\u00e9s de la observaci\u00f3n de h\u00e1bitos, estudiando los accesos y formando un perfil de preferencias del usuario, para ofrecerle publicidad relacionada con los intereses de su perfil.<\/p>\n<h4>Seg\u00fan su plazo de permanencia:<\/h4>\n<h5>Cookies de sesi\u00f3n:<\/h5>\n<p>Las cookies de sesi\u00f3n son aquellas que duran el tiempo que el usuario est\u00e1 navegando por la p\u00e1gina Web y se borran al t\u00e9rmino.<\/p>\n<h5>Cookies persistentes:<\/h5>\n<p>Estas cookies quedan almacenadas en el terminal del usuario, por un tiempo m\u00e1s largo, facilitando as\u00ed el control de las preferencias elegidas sin tener que repetir ciertos par\u00e1metros cada vez que se visite el sitio Web.<\/p>\n<p>Los datos recogidos en las cookies \u00bfse usan en Webs distintas de la Comarca de la Comunidad de Calatayud?<\/p>\n<p>Algunas de nuestras cookies se utilizan para generar informaci\u00f3n en redes de terceros o para realizar anal\u00edticas para las que usamos herramientas externas a la Comarca de la Comunidad de Calatayud.<\/p>\n<h3>Entonces, \u00bfqu\u00e9 significa la informaci\u00f3n anterior?<\/h3>\n<p>Si aceptas nuestras cookies, nos permites la mejora de la web de la Comarca de la Comunidad de Calatayud para ofrecerte un acceso \u00f3ptimo y darle un servicio m\u00e1s eficaz y personalizado de acuerdo con las finalidades indicadas desde el comienzo. Adem\u00e1s, puedes configurar tu navegador para establecer que s\u00f3lo los sitios Web de confianza o las p\u00e1ginas por las que est\u00e1s navegando en este momento puedan gestionar cookies lo que te permite seleccionar sus preferencias. Proporcionando esta pol\u00edtica, la Comarca de la Comunidad de Calatayud demuestra el compromiso adquirido con la legislaci\u00f3n vigente sobre el uso de cookies, proporcion\u00e1ndote informaci\u00f3n para que puedas comprender qu\u00e9 tipo de cookies utilizamos y por qu\u00e9 lo hacemos. Con esto, pretendemos proporcionarte transparencia en cuanto a los datos tratados acerca de la navegaci\u00f3n realizada desde tu equipo en nuestra Web. Esta pol\u00edtica se revisa peri\u00f3dicamente para asegurar su vigencia, por lo que puede ser modificada. Te recomendamos que visites la p\u00e1gina con regularidad para informarte de cualquier actualizaci\u00f3n al respecto.<\/p>\n<h3>\u00bfD\u00f3nde puedo obtener m\u00e1s informaci\u00f3n?<\/h3>\n<p>Si tienes cualquier pregunta sobre c\u00f3mo usamos las cookies, y no est\u00e1 contestada en \u00e9sta pol\u00edtica, por favor m\u00e1ndenos tus comentarios a trav\u00e9s del correo electr\u00f3nico c&#x6f;m&#97;&#x72;c&#x61;&#64;&#99;&#x6f;m&#x75;&#x6e;i&#x64;a&#100;&#x63;a&#x6c;&#x61;t&#x61;y&#117;&#x64;.&#x63;o&#109;<\/p>\n<h3>Configuraci\u00f3n de su equipo para desactivar la instalaci\u00f3n de cookies<\/h3>\n<p>En primer lugar, le informamos de que si desactiva la instalaci\u00f3n de cookies es su equipo es posible que algunas funcionalidades de este sitio web no est\u00e9n disponibles.<\/p>\n<p>A continuaci\u00f3n, le facilitamos enlaces a instrucciones para desactivar o configurar la instalaci\u00f3n de cookies en su equipo en los distintos navegadores m\u00e1s habituales:<\/p>\n<ul>\n<li>Mozilla Firefox: <a href=\"https:\/\/support.mozilla.org\/es\/kb\/habilitar-y-deshabilitar-cookies-que-los-sitios-we\" target=\"_blank\" rel=\"noopener\">https:\/\/support.mozilla.org\/es\/kb\/habilitar-y-deshabilitar-cookies-que-los-sitios-we<\/a><\/li>\n<li>Google Chrome: <a href=\"https:\/\/support.google.com\/chrome\/answer\/95647?hl=es\" target=\"_blank\" rel=\"noopener\">https:\/\/support.google.com\/chrome\/answer\/95647?hl=es<\/a><\/li>\n<li>Internet Explorer: <a href=\"http:\/\/windows.microsoft.com\/es-xl\/internet-explorer\/delete-manage-cookies#ie=ie-11\" target=\"_blank\" rel=\"noopener\">http:\/\/windows.microsoft.com\/es-xl\/internet-explorer\/delete-manage-cookies#ie=ie-11<\/a><\/li>\n<li>Safari: <a href=\"http:\/\/support.apple.com\/kb\/ph5042\" target=\"_blank\" rel=\"noopener\">http:\/\/support.apple.com\/kb\/ph5042<\/a><\/li>\n<li>Opera: <a href=\"http:\/\/help.opera.com\/Windows\/11.50\/es-ES\/cookies.html\" target=\"_blank\" rel=\"noopener\">http:\/\/help.opera.com\/Windows\/11.50\/es-ES\/cookies.html<\/a><\/li>\n<\/ul>\n<p>En resumen, el anonimato es seguro. Ese es nuestro compromiso personal para usted como usuario o usuaria de nuestro sitio web.<\/p>\n<p>Si est\u00e1s de acuerdo con la pol\u00edtica de cookies de la Comarca de la Comunidad de Calatayud haz click en ACEPTAR en el mensaje que aparece al entrar en nuestra p\u00e1gina<\/p>\n","protected":false},"excerpt":{"rendered":"<p class=\"excerpt\">A continuaci\u00f3n, te mostramos informaci\u00f3n sobre qu\u00e9 son las \u201ccookies\u201d, qu\u00e9 tipos de cookies utiliza este portal y c\u00f3mo puedes desactivar las cookies en tu navegador. Si no encuentras lo que est\u00e1s buscando, escr\u00edbenos a c&#x6f;m&#97;&#x72;c&#97;&#x40;c&#x6f;&#x6d;u&#x6e;i&#100;&#x61;d&#99;&#x61;l&#x61;&#x74;a&#x79;&#x75;d&#x2e;c&#111;&#x6d;. La Agencia Espa\u00f1ola de Protecci\u00f3n de Datos ofrece informaci\u00f3n completa sobre uso de cookies en: www.agpd.es\/portalwebAGPD\/canaldocumentacion\/publicaciones\/common\/Guias\/Guia_Cookies.pdf COOKIES UTILIZADAS Datos [&hellip;]<\/p>\n","protected":false},"author":1,"featured_media":0,"parent":0,"menu_order":8,"comment_status":"closed","ping_status":"closed","template":"","meta":{"footnotes":""},"class_list":["post-4175","page","type-page","status-publish","hentry"],"_links":{"self":[{"href":"https:\/\/www.comunidadcalatayud.com\/index.php\/wp-json\/wp\/v2\/pages\/4175","targetHints":{"allow":["GET"]}}],"collection":[{"href":"https:\/\/www.comunidadcalatayud.com\/index.php\/wp-json\/wp\/v2\/pages"}],"about":[{"href":"https:\/\/www.comunidadcalatayud.com\/index.php\/wp-json\/wp\/v2\/types\/page"}],"author":[{"embeddable":true,"href":"https:\/\/www.comunidadcalatayud.com\/index.php\/wp-json\/wp\/v2\/users\/1"}],"replies":[{"embeddable":true,"href":"https:\/\/www.comunidadcalatayud.com\/index.php\/wp-json\/wp\/v2\/comments?post=4175"}],"version-history":[{"count":4,"href":"https:\/\/www.comunidadcalatayud.com\/index.php\/wp-json\/wp\/v2\/pages\/4175\/revisions"}],"predecessor-version":[{"id":4177,"href":"https:\/\/www.comunidadcalatayud.com\/index.php\/wp-json\/wp\/v2\/pages\/4175\/revisions\/4177"}],"wp:attachment":[{"href":"https:\/\/www.comunidadcalatayud.com\/index.php\/wp-json\/wp\/v2\/media?parent=4175"}],"curies":[{"name":"wp","href":"https:\/\/api.w.org\/{rel}","templated":true}]}}