{"id":3873,"date":"2017-09-18T09:35:17","date_gmt":"2017-09-18T09:35:17","guid":{"rendered":"http:\/\/www.comunidadcalatayud.com\/?page_id=3873"},"modified":"2025-07-21T06:39:34","modified_gmt":"2025-07-21T06:39:34","slug":"ventanilla","status":"publish","type":"page","link":"https:\/\/www.comunidadcalatayud.com\/index.php\/ventanilla\/","title":{"rendered":"Ventanilla"},"content":{"rendered":"<p>Ventanilla<br \/>\n\t\t\t\t\t\t\t\t\t\t\t\t\t\t\t\t\t\t\t\t\t\tConsulta toda la informaci\u00f3n sobre Empleo P\u00fablico, Subvenciones,&#8230;\t\t\t\t\t\t\t\t\t\t\t\t\t<\/p>\n<p><a href=\"https:\/\/www.comunidadcalatayud.com\/index.php\/ventanilla\/cesion-de-material\/\"><br \/>\n\t\t\t\t\t\t\t\t\t\t\t\t\t\t\t\t\t\t\t\t\t\t\t\t\t\t\t\t\tCesi\u00f3n de material\t\t\t\t\t\t\t\t\t\t\t\t\t\t\t\t\t\t\t\t\t\t\t\t\t\t\t\t\t<\/a><\/p>\n<p>La Comarca ofrece a sus Ayuntamientos el servicio de cesi\u00f3n de distintos materiales.<br \/>\n\t\t\t\t\t\t\t\t\t\t\t\t\t\t\t\t\t\t\t\t\t\t\t\t\t\t\t\t\t\t\t\t\t\t\t\t\t<a href=\"https:\/\/www.comunidadcalatayud.com\/index.php\/ventanilla\/cesion-de-material\/\"><br \/>\n\t\t\t\t\t\t\t\t\t\t\t\t\t\tLeer m\u00e1s\t\t\t\t\t\t\t\t\t\t\t\t\t<\/a><\/p>\n<p><a href=\"https:\/\/www.comunidadcalatayud.com\/index.php\/ventanilla\/empleo-publico\/\"><br \/>\n\t\t\t\t\t\t\t\t\t\t\t\t\t\t\t\t\t\t\t\t\t\t\t\t\t\t\t\t\tEmpleo P\u00fablico\t\t\t\t\t\t\t\t\t\t\t\t\t\t\t\t\t\t\t\t\t\t\t\t\t\t\t\t\t<\/a><\/p>\n<p>Consulta todo lo referente al Empleo P\u00fablico de la Comarca de la Comunidad de Calatayud.<br \/>\n\t\t\t\t\t\t\t\t\t\t\t\t\t\t\t\t\t\t\t\t\t\t\t\t\t\t\t\t\t\t\t\t\t\t\t\t\t<a href=\"https:\/\/www.comunidadcalatayud.com\/index.php\/ventanilla\/empleo-publico\/\"><br \/>\n\t\t\t\t\t\t\t\t\t\t\t\t\t\tLeer m\u00e1s\t\t\t\t\t\t\t\t\t\t\t\t\t<\/a><\/p>\n<p><a href=\"https:\/\/www.comunidadcalatayud.com\/index.php\/ventanilla\/subvenciones\/\"><br \/>\n\t\t\t\t\t\t\t\t\t\t\t\t\t\t\t\t\t\t\t\t\t\t\t\t\t\t\t\t\tSubvenciones\t\t\t\t\t\t\t\t\t\t\t\t\t\t\t\t\t\t\t\t\t\t\t\t\t\t\t\t\t<\/a><\/p>\n<p>Conoce todo la informaci\u00f3n acerca de las Subvenciones de la Comunidad.<br \/>\n\t\t\t\t\t\t\t\t\t\t\t\t\t\t\t\t\t\t\t\t\t\t\t\t\t\t\t\t\t\t\t\t\t\t\t\t\t<a href=\"https:\/\/www.comunidadcalatayud.com\/index.php\/ventanilla\/subvenciones\/\"><br \/>\n\t\t\t\t\t\t\t\t\t\t\t\t\t\tLeer m\u00e1s\t\t\t\t\t\t\t\t\t\t\t\t\t<\/a><\/p>\n<p><a href=\"https:\/\/www.comunidadcalatayud.com\/index.php\/ventanilla\/agencia-de-empleo-y-desarrollo-local\/\"><br \/>\n\t\t\t\t\t\t\t\t\t\t\t\t\t\t\t\t\t\t\t\t\t\t\t\t\t\t\t\t\tAgencia de Empleo y Desarrollo Local\t\t\t\t\t\t\t\t\t\t\t\t\t\t\t\t\t\t\t\t\t\t\t\t\t\t\t\t\t<\/a><\/p>\n<p>Gestiona los recursos disponibles en materia de empleo y desarrollo local.<br \/>\n\t\t\t\t\t\t\t\t\t\t\t\t\t\t\t\t\t\t\t\t\t\t\t\t\t\t\t\t\t\t\t\t\t\t\t\t\t<a href=\"https:\/\/www.comunidadcalatayud.com\/index.php\/ventanilla\/agencia-de-empleo-y-desarrollo-local\/\"><br \/>\n\t\t\t\t\t\t\t\t\t\t\t\t\t\tLeer m\u00e1s\t\t\t\t\t\t\t\t\t\t\t\t\t<\/a><\/p>\n<p><!-- \/row --><\/p>\n","protected":false},"excerpt":{"rendered":"<p class=\"excerpt\">Ventanilla Consulta toda la informaci\u00f3n sobre Empleo P\u00fablico, Subvenciones,&#8230; Cesi\u00f3n de material La Comarca ofrece a sus Ayuntamientos el servicio de cesi\u00f3n de distintos materiales. Leer m\u00e1s Empleo P\u00fablico Consulta todo lo referente al Empleo P\u00fablico de la Comarca de la Comunidad de Calatayud. Leer m\u00e1s Subvenciones Conoce todo la informaci\u00f3n acerca de las Subvenciones [&hellip;]<\/p>\n","protected":false},"author":1,"featured_media":0,"parent":0,"menu_order":5,"comment_status":"closed","ping_status":"closed","template":"builder.php","meta":{"footnotes":""},"class_list":["post-3873","page","type-page","status-publish","hentry"],"_links":{"self":[{"href":"https:\/\/www.comunidadcalatayud.com\/index.php\/wp-json\/wp\/v2\/pages\/3873","targetHints":{"allow":["GET"]}}],"collection":[{"href":"https:\/\/www.comunidadcalatayud.com\/index.php\/wp-json\/wp\/v2\/pages"}],"about":[{"href":"https:\/\/www.comunidadcalatayud.com\/index.php\/wp-json\/wp\/v2\/types\/page"}],"author":[{"embeddable":true,"href":"https:\/\/www.comunidadcalatayud.com\/index.php\/wp-json\/wp\/v2\/users\/1"}],"replies":[{"embeddable":true,"href":"https:\/\/www.comunidadcalatayud.com\/index.php\/wp-json\/wp\/v2\/comments?post=3873"}],"version-history":[{"count":11,"href":"https:\/\/www.comunidadcalatayud.com\/index.php\/wp-json\/wp\/v2\/pages\/3873\/revisions"}],"predecessor-version":[{"id":9185,"href":"https:\/\/www.comunidadcalatayud.com\/index.php\/wp-json\/wp\/v2\/pages\/3873\/revisions\/9185"}],"wp:attachment":[{"href":"https:\/\/www.comunidadcalatayud.com\/index.php\/wp-json\/wp\/v2\/media?parent=3873"}],"curies":[{"name":"wp","href":"https:\/\/api.w.org\/{rel}","templated":true}]}}