{"id":3212,"date":"2017-09-12T11:51:35","date_gmt":"2017-09-12T11:51:35","guid":{"rendered":"http:\/\/www.comunidadcalatayud.com\/?page_id=3212"},"modified":"2023-11-13T10:47:21","modified_gmt":"2023-11-13T10:47:21","slug":"comision-de-turismo","status":"publish","type":"page","link":"https:\/\/www.comunidadcalatayud.com\/index.php\/comarca\/comisiones-informativas\/comision-de-turismo\/","title":{"rendered":"Comisi\u00f3n de Turismo"},"content":{"rendered":"<div class=\"grid\">\n<article class=\"column span-9\">\n<ul>\n<li><strong>PRESIDENTE<\/strong>: Jos\u00e9 F\u00e9lix Lajusticia Rubio (PAR)<\/li>\n<li>Jos\u00e9 Vidal Casado Pomareta (PP)<\/li>\n<li>Rosana Perruca Remartinez (PP)<\/li>\n<li>Fernando Jos\u00e9 Duce Borao (PP)<\/li>\n<li>Tania Pradanos Cig\u00fcela (PP)<\/li>\n<li>H\u00e9ctor Sarria Moya (PP)<\/li>\n<li>Angel Mill\u00e1n Mar\u00edn Rubio (PSOE)<\/li>\n<li>Ram\u00f3n Duce Maestro (PSOE)<\/li>\n<li>Manuel Peiro Cobacho (PSOE)<\/li>\n<li>Fernando Ros Molina (PSOE)<\/li>\n<li>Silvia Molina San Juan (CS-TU ARAGON)<\/li>\n<li>Mar\u00eda Pilar Delgado Anglada (VOX)<\/li>\n<li>Noelia S\u00e1nchez Gil (CHA)<\/li>\n<\/ul>\n<\/article>\n<div class=\"column span-3 pull-right sidebar\">\n<!-- Widget Shortcode --><div id=\"nav_menu-3\" class=\"widget widget_nav_menu widget-shortcode area-otw-sidebar-1 \"><h2 class=\"widgettitle\">Comarca<\/h2><div class=\"menu-menu-comarca-container\"><ul id=\"menu-menu-comarca\" class=\"menu\"><li id=\"menu-item-2727\" class=\"menu-item menu-item-type-post_type menu-item-object-page menu-item-2727\"><a href=\"https:\/\/www.comunidadcalatayud.com\/index.php\/comarca\/\">La Instituci\u00f3n de La Comarca<\/a><\/li>\n<li id=\"menu-item-2769\" class=\"menu-item menu-item-type-post_type menu-item-object-page menu-item-2769\"><a href=\"https:\/\/www.comunidadcalatayud.com\/index.php\/comarca\/saludo\/\">Saludo del Presidente<\/a><\/li>\n<li id=\"menu-item-2821\" class=\"menu-item menu-item-type-post_type menu-item-object-page menu-item-2821\"><a href=\"https:\/\/www.comunidadcalatayud.com\/index.php\/comarca\/consejo\/\">Consejo<\/a><\/li>\n<li id=\"menu-item-2820\" class=\"menu-item menu-item-type-post_type menu-item-object-page menu-item-2820\"><a href=\"https:\/\/www.comunidadcalatayud.com\/index.php\/comarca\/comision-de-gobierno\/\">Comisi\u00f3n de Gobierno<\/a><\/li>\n<li id=\"menu-item-2864\" class=\"menu-item menu-item-type-post_type menu-item-object-page menu-item-2864\"><a href=\"https:\/\/www.comunidadcalatayud.com\/index.php\/comarca\/comisiones-informativas\/\">Comisiones Informativas<\/a><\/li>\n<li id=\"menu-item-3578\" class=\"menu-item menu-item-type-post_type menu-item-object-page menu-item-3578\"><a href=\"https:\/\/www.comunidadcalatayud.com\/index.php\/areas\/\">\u00c1reas<\/a><\/li>\n<li id=\"menu-item-2863\" class=\"menu-item menu-item-type-post_type menu-item-object-page menu-item-2863\"><a href=\"https:\/\/www.comunidadcalatayud.com\/index.php\/comarca\/normativa\/\">Normativa<\/a><\/li>\n<li id=\"menu-item-4650\" class=\"menu-item menu-item-type-post_type menu-item-object-page menu-item-4650\"><a href=\"https:\/\/www.comunidadcalatayud.com\/index.php\/comarca\/telefonos-de-interes\/\">Tel\u00e9fonos de inter\u00e9s<\/a><\/li>\n<\/ul><\/div><\/div><!-- \/Widget Shortcode -->\n<\/div>\n<\/div>\n","protected":false},"excerpt":{"rendered":"<p class=\"excerpt\">PRESIDENTE: Jos\u00e9 F\u00e9lix Lajusticia Rubio (PAR) Jos\u00e9 Vidal Casado Pomareta (PP) Rosana Perruca Remartinez (PP) Fernando Jos\u00e9 Duce Borao (PP) Tania Pradanos Cig\u00fcela (PP) H\u00e9ctor Sarria Moya (PP) Angel Mill\u00e1n Mar\u00edn Rubio (PSOE) Ram\u00f3n Duce Maestro (PSOE) Manuel Peiro Cobacho (PSOE) Fernando Ros Molina (PSOE) Silvia Molina San Juan (CS-TU ARAGON) Mar\u00eda Pilar Delgado Anglada [&hellip;]<\/p>\n","protected":false},"author":1,"featured_media":0,"parent":2822,"menu_order":0,"comment_status":"closed","ping_status":"closed","template":"","meta":{"footnotes":""},"class_list":["post-3212","page","type-page","status-publish","hentry"],"_links":{"self":[{"href":"https:\/\/www.comunidadcalatayud.com\/index.php\/wp-json\/wp\/v2\/pages\/3212","targetHints":{"allow":["GET"]}}],"collection":[{"href":"https:\/\/www.comunidadcalatayud.com\/index.php\/wp-json\/wp\/v2\/pages"}],"about":[{"href":"https:\/\/www.comunidadcalatayud.com\/index.php\/wp-json\/wp\/v2\/types\/page"}],"author":[{"embeddable":true,"href":"https:\/\/www.comunidadcalatayud.com\/index.php\/wp-json\/wp\/v2\/users\/1"}],"replies":[{"embeddable":true,"href":"https:\/\/www.comunidadcalatayud.com\/index.php\/wp-json\/wp\/v2\/comments?post=3212"}],"version-history":[{"count":10,"href":"https:\/\/www.comunidadcalatayud.com\/index.php\/wp-json\/wp\/v2\/pages\/3212\/revisions"}],"predecessor-version":[{"id":9632,"href":"https:\/\/www.comunidadcalatayud.com\/index.php\/wp-json\/wp\/v2\/pages\/3212\/revisions\/9632"}],"up":[{"embeddable":true,"href":"https:\/\/www.comunidadcalatayud.com\/index.php\/wp-json\/wp\/v2\/pages\/2822"}],"wp:attachment":[{"href":"https:\/\/www.comunidadcalatayud.com\/index.php\/wp-json\/wp\/v2\/media?parent=3212"}],"curies":[{"name":"wp","href":"https:\/\/api.w.org\/{rel}","templated":true}]}}