{"id":3058,"date":"2017-09-12T09:02:33","date_gmt":"2017-09-12T09:02:33","guid":{"rendered":"http:\/\/www.comunidadcalatayud.com\/?page_id=3058"},"modified":"2017-09-18T09:03:29","modified_gmt":"2017-09-18T09:03:29","slug":"recursos-accion-social","status":"publish","type":"page","link":"https:\/\/www.comunidadcalatayud.com\/index.php\/areas\/accion-social\/recursos-accion-social\/","title":{"rendered":"Recursos Acci\u00f3n Social"},"content":{"rendered":"<div class=\"grid\">\n<article class=\"column span-9 enlaces\">\n<h3>Servicios Sociales Generales<\/h3>\n<p>Son servicios p\u00fablicos de car\u00e1cter polivalente y comunitario, cuya organizaci\u00f3n y personal est\u00e1n al servicio de toda la poblaci\u00f3n. Constituyen le primer nivel del Sistema P\u00fablico de Servicios Sociales y proporcionan una atenci\u00f3n que tiene por objeto favorecer el acceso a los recurso de los sistemas de bienestar social, generando alternativas a las carencias o limitaciones en la convivencia, favoreciendo la inclusi\u00f3n social y promoviendo la cooperaci\u00f3n y solidaridad social en nuestra Comarca, la \u00abComunidad de Calatayud\u00bb.<br \/>\n<!-- Widget Shortcode -->\n\t\t\t\t<div id=\"layers-widget-layers-pro-accordion-5\" class=\"widget content-vertical-massive layers-pro-accordion  accordion-item-styling \" >\n\n\t\t\t\t\t\n\t\t\t\t\t\n\t\t\t\t\t\t\t\t\t\t\t\t<div class=\"clearfix accordion-row nav-accordion container  \">\n\t\t\t\t\t\t\t<ul class=\"accordion-list\">\n\t\t\t\t\t\t\t\t\t\t\t\t\t\t\t\t\t<li id=\"layers-widget-layers-pro-accordion-5-accordions-82\" class=\"accordion\">\n\t\t\t\t\t\t\t\t\t\t\t\t\t\t\t\t\t\t\t\t<a href=\"#\" class=\"accordion-button \">\n\t\t\t\t\t\t\t\t\t\t\tUTS Ariza.\t\t\t\t\t\t\t\t\t\t<\/a>\n\t\t\t\t\t\t\t\t\t\t\t\t\t\t\t\t\t\t\t\t<section class=\" content copy accordion-content\">\n\t\t\t\t\t\t\t\t\t\t\t<p><strong>Tel\u00e9fono:<\/strong> 976 84 54 26<\/p><p><strong>Fax:<\/strong> 976 84 55 12<\/p><p><strong>Direcci\u00f3n:<\/strong> Pza. del Hortal 18.<br>50220 Ariza<\/p><p><strong>Email:<\/strong>\u00a0<a href=\"&#x6d;a&#x69;&#x6c;t&#x6f;&#x3a;u&#x74;&#x73;a&#x72;&#x69;z&#x61;&#x40;c&#x6f;&#109;u&#x6e;&#105;d&#x61;&#100;c&#x61;&#108;a&#x74;&#97;y&#x75;&#100;.&#x63;&#111;m\">u&#116;&#x73;ar&#x69;&#x7a;a&#64;&#x63;&#x6f;mu&#x6e;&#x69;d&#97;&#x64;&#x63;a&#108;&#x61;&#x74;a&#121;&#x75;d.&#99;&#x6f;m<\/a><\/p><p><strong>Municipios a los que presta el servicio:<\/strong><\/p><ul><li>ALCONCHEL DE ARIZA<\/li><li>ALHAMA DE ARAG\u00d3N\u00a0<\/li><li>ARIZA<\/li><li>BORDALBA<\/li><li>CABOLAFUENTE<\/li><li>CETINA<\/li><li>CONTAMINA<\/li><li>EMBID DE ARIZA<\/li><li>GODOJOS<\/li><li>MONREAL DE ARIZA<\/li><li>POZUEL DE ARIZA<\/li><li>SISAM\u00d3N<\/li><li>TORREHERMOSA<\/li><\/ul>\t\t\t\t\t\t\t\t\t\t<\/section>\n\t\t\t\t\t\t\t\t\t<\/li>\n\t\t\t\t\t\t\t\t\t\t\t\t\t\t\t\t\t\t<li id=\"layers-widget-layers-pro-accordion-5-accordions-925\" class=\"accordion\">\n\t\t\t\t\t\t\t\t\t\t\t\t\t\t\t\t\t\t\t\t<a href=\"#\" class=\"accordion-button \">\n\t\t\t\t\t\t\t\t\t\t\tUTS Ateca\t\t\t\t\t\t\t\t\t\t<\/a>\n\t\t\t\t\t\t\t\t\t\t\t\t\t\t\t\t\t\t\t\t<section class=\" content copy accordion-content\">\n\t\t\t\t\t\t\t\t\t\t\t<p><strong>Tel\u00e9fono:<\/strong> 976 87 21 16<\/p><p><strong>Fax:<\/strong> 976 87 21 05<\/p><p><strong>Direcci\u00f3n:<\/strong> Plaza de Espa\u00f1a, 5.<br>50200 Ateca<\/p><p><strong>Email:<\/strong>\u00a0<a href=\"m&#x61;il&#x74;o:&#x75;t&#115;&#x61;t&#101;&#x63;a&#64;&#x63;o&#109;&#x75;n&#105;&#x64;a&#100;&#x63;a&#108;&#x61;t&#97;&#x79;u&#x64;&#x2e;c&#x6f;&#x6d;\">&#x75;&#x74;&#x73;&#x61;&#116;&#101;ca&#64;co&#x6d;&#x75;&#x6e;&#x69;&#x64;&#97;dcala&#x74;&#x61;&#x79;&#x75;&#x64;&#46;com<\/a><\/p><p><strong>Municipios a los que presta el servicio:<\/strong>\u00a0 \u00a0\u00a0<\/p><ul><li>ATECA<\/li><li>BUBIERCA<\/li><li>CALMARZA<\/li><li>CARENAS<\/li><li>CASTEJ\u00d3N DE LAS ARMAS<\/li><li>IBDES<\/li><li>JARABA<\/li><li>LA VILUE\u00d1A<\/li><li>MUN\u00c9BREGA<\/li><li>VALTORRES: 976 84 23 39<\/li><\/ul>\t\t\t\t\t\t\t\t\t\t<\/section>\n\t\t\t\t\t\t\t\t\t<\/li>\n\t\t\t\t\t\t\t\t\t\t\t\t\t\t\t\t\t\t<li id=\"layers-widget-layers-pro-accordion-5-accordions-471\" class=\"accordion\">\n\t\t\t\t\t\t\t\t\t\t\t\t\t\t\t\t\t\t\t\t<a href=\"#\" class=\"accordion-button \">\n\t\t\t\t\t\t\t\t\t\t\tUTS Maluenda\t\t\t\t\t\t\t\t\t\t<\/a>\n\t\t\t\t\t\t\t\t\t\t\t\t\t\t\t\t\t\t\t\t<section class=\" content copy accordion-content\">\n\t\t\t\t\t\t\t\t\t\t\t<p><strong>Tel\u00e9fono:<\/strong> 976 89 30 07<\/p><p><strong>Fax:<\/strong> 976 54 69 09<\/p><p><strong>Direcci\u00f3n:<\/strong> Plaza Cardenal Casanova, 1<br>50340 Maluenda \u00a0 \u00a0<\/p><p><strong>Email:<\/strong>\u00a0<a href=\"&#x6d;&#97;il&#x74;&#x6f;:u&#x74;&#x73;&#109;al&#x75;&#101;nd&#x61;&#x40;&#99;o&#x6d;&#x75;&#110;id&#x61;&#x64;ca&#x6c;&#x61;&#116;a&#x79;&#x75;&#100;.c&#x6f;&#x6d;\">&#x75;&#x74;&#x73;&#x6d;&#x61;&#x6c;&#x75;&#x65;&#x6e;&#x64;&#x61;&#64;&#99;&#111;&#109;unidadcal&#x61;&#x74;&#x61;&#x79;&#x75;&#x64;&#x2e;&#x63;&#x6f;&#x6d;<\/a><\/p><p><strong>Municipios a los que presta el servicio:<\/strong>\u00a0 \u00a0\u00a0<\/p><ul><li>ABANTO<\/li><li>ALARBA<\/li><li>CAMPILLO DE ARAG\u00d3N<\/li><li>CASTEJ\u00d3N DE ALARBA<\/li><li>CIMBALLA<\/li><li>FUENTES DE JILOCA<\/li><li>MALUENDA<\/li><li>MONTERDE<\/li><li>MONT\u00d3N<\/li><li>MORATA DE JILOCA<\/li><li>NU\u00c9VALOS<\/li><li>OLV\u00c9S<\/li><li>PARACUELLOS DE JILOCA<\/li><li>VELILLA DE JILOCA<\/li><li>VILLAFELICHE<\/li><\/ul>\t\t\t\t\t\t\t\t\t\t<\/section>\n\t\t\t\t\t\t\t\t\t<\/li>\n\t\t\t\t\t\t\t\t\t\t\t\t\t\t\t\t\t\t<li id=\"layers-widget-layers-pro-accordion-5-accordions-285\" class=\"accordion\">\n\t\t\t\t\t\t\t\t\t\t\t\t\t\t\t\t\t\t\t\t<a href=\"#\" class=\"accordion-button \">\n\t\t\t\t\t\t\t\t\t\t\tUTS Villarroya de la Sierra\t\t\t\t\t\t\t\t\t\t<\/a>\n\t\t\t\t\t\t\t\t\t\t\t\t\t\t\t\t\t\t\t\t<section class=\" content copy accordion-content\">\n\t\t\t\t\t\t\t\t\t\t\t<p><strong>Tel\u00e9fono:<\/strong> 976 89 61 05<\/p><p><strong>Fax:<\/strong> 976 89 61 05<\/p><p><strong>Direcci\u00f3n:<\/strong> Plaza Mayor, 2<br>50310 Villarroya de la Sierra<\/p><p><strong>Email:<\/strong>\u00a0<a href=\"m&#x61;&#x69;l&#116;&#x6f;:u&#x74;&#x73;v&#105;&#x6c;la&#x72;&#x72;o&#121;&#x61;&#64;c&#x6f;&#x6d;u&#110;&#x69;d&#97;&#x64;&#x63;a&#x6c;&#x61;t&#97;&#x79;ud&#x2e;&#x63;o&#109;\">utsvillarroya&#64;&#99;&#111;&#109;&#117;&#x6e;&#x69;&#x64;&#x61;&#x64;&#x63;&#x61;&#x6c;&#x61;&#x74;&#x61;&#x79;&#x75;&#x64;&#x2e;com<\/a>\u00a0 \u00a0 \u00a0 \u00a0\u00a0<\/p><p><strong>Municipios a los que presta el servicio:\u00a0<\/strong>\u00a0 \u00a0<\/p><ul><li>ANI\u00d1\u00d3N<\/li><li>BERDEJO<\/li><li>BIJUESCA<\/li><li>CERVERA DE LA CA\u00d1ADA<\/li><li>CLAR\u00c9S DE RIBOTA<\/li><li>MALANQUILLA<\/li><li>MOROS<\/li><li>TERRER:<\/li><li>TORRALBA DE RIBOTA<\/li><li>TORRELAPAJA<\/li><li>TORRIJO DE LA CA\u00d1ADA<\/li><li>VILLALENGUA<\/li><li>VILLARROYA DE LA SIERRA<\/li><\/ul>\t\t\t\t\t\t\t\t\t\t<\/section>\n\t\t\t\t\t\t\t\t\t<\/li>\n\t\t\t\t\t\t\t\t\t\t\t\t\t\t\t\t\t\t<li id=\"layers-widget-layers-pro-accordion-5-accordions-600\" class=\"accordion\">\n\t\t\t\t\t\t\t\t\t\t\t\t\t\t\t\t\t\t\t\t<a href=\"#\" class=\"accordion-button \">\n\t\t\t\t\t\t\t\t\t\t\tUTS Savi\u00f1\u00e1n\t\t\t\t\t\t\t\t\t\t<\/a>\n\t\t\t\t\t\t\t\t\t\t\t\t\t\t\t\t\t\t\t\t<section class=\" content copy accordion-content\">\n\t\t\t\t\t\t\t\t\t\t\t<p><strong>Tel\u00e9fono:<\/strong> 976 82 62 02<\/p><p><strong>Fax:<\/strong> 976 82 52 30<\/p><p><strong>Direcci\u00f3n:<\/strong> C\/Condes de Arguillo, 4<br>50299 Savi\u00f1\u00e1n<\/p><p><strong>Email:<\/strong>&nbsp;<a href=\"&#x6d;&#x61;&#105;lt&#x6f;&#x3a;&#x75;tss&#x61;&#x76;&#105;na&#x6e;&#x40;&#x63;&#111;mu&#x6e;&#x69;&#100;ad&#x63;&#x61;&#x6c;&#97;ta&#x79;&#x75;&#100;.c&#x6f;&#x6d;\">&#x75;&#x74;&#x73;&#x73;&#x61;&#x76;&#x69;&#x6e;&#x61;&#x6e;&#x40;&#x63;&#x6f;&#x6d;&#x75;&#x6e;&#x69;&#x64;&#x61;&#x64;&#x63;&#x61;&#108;&#97;&#116;&#97;&#121;&#117;&#100;&#46;com<\/a>&nbsp; &nbsp; &nbsp; &nbsp;&nbsp;<\/p><p><strong>Municipios a los que presta el servicio:<\/strong>&nbsp; &nbsp;&nbsp;<\/p><ul><li>AR\u00c1NDIGA<\/li><li>BELMONTE DE GRACI\u00c1N<\/li><li>CODOS<\/li><li>EL FRASNO<\/li><li>MARA<\/li><li>MIEDES DE ARAG\u00d3N<\/li><li>MORES<\/li><li>NIG\u00dcELLA<\/li><li>ORERA<\/li><li>PARACUELLOS DE LA RIBERA<\/li><li>RUESCA<\/li><li>SAVI\u00d1\u00c1N<\/li><li>SEDILES<\/li><li>TOBED<\/li><li>VILLALBA DE PEREJIL<\/li><\/ul>\t\t\t\t\t\t\t\t\t\t<\/section>\n\t\t\t\t\t\t\t\t\t<\/li>\n\t\t\t\t\t\t\t\t\t\t\t\t\t\t\t\t<\/ul>\n\t\t\t\t\t\t<\/div>\n\t\t\t\t\t\t\t\t\t<\/div>\n\t\t\t<!-- \/Widget Shortcode --><\/p>\n<\/article>\n<div class=\"column span-3 pull-right sidebar\">\n<!-- Widget Shortcode --><div id=\"nav_menu-4\" class=\"widget widget_nav_menu widget-shortcode area-otw-sidebar-3 \"><h2 class=\"widgettitle\">\u00c1reas<\/h2><div class=\"menu-areas-container\"><ul id=\"menu-areas\" class=\"menu\"><li id=\"menu-item-2987\" class=\"menu-item menu-item-type-post_type menu-item-object-page menu-item-2987\"><a href=\"https:\/\/www.comunidadcalatayud.com\/index.php\/areas\/accion-social\/\">Acci\u00f3n Social<\/a><\/li>\n<li id=\"menu-item-2986\" class=\"menu-item menu-item-type-post_type menu-item-object-page menu-item-2986\"><a href=\"https:\/\/www.comunidadcalatayud.com\/index.php\/areas\/cultura\/\">Cultura<\/a><\/li>\n<li id=\"menu-item-2985\" class=\"menu-item menu-item-type-post_type menu-item-object-page menu-item-2985\"><a href=\"https:\/\/www.comunidadcalatayud.com\/index.php\/areas\/deportes\/\">Deportes<\/a><\/li>\n<li id=\"menu-item-2984\" class=\"menu-item menu-item-type-post_type menu-item-object-page menu-item-2984\"><a href=\"https:\/\/www.comunidadcalatayud.com\/index.php\/areas\/medio-ambiente\/\">Medio Ambiente<\/a><\/li>\n<li id=\"menu-item-2983\" class=\"menu-item menu-item-type-post_type menu-item-object-page menu-item-2983\"><a href=\"https:\/\/www.comunidadcalatayud.com\/index.php\/areas\/proteccion-civil\/\">Protecci\u00f3n Civil<\/a><\/li>\n<li id=\"menu-item-2982\" class=\"menu-item menu-item-type-post_type menu-item-object-page menu-item-2982\"><a href=\"https:\/\/www.comunidadcalatayud.com\/index.php\/areas\/turismo\/\">Turismo<\/a><\/li>\n<li id=\"menu-item-2981\" class=\"menu-item menu-item-type-post_type menu-item-object-page menu-item-2981\"><a href=\"https:\/\/www.comunidadcalatayud.com\/index.php\/areas\/juventud\/\">Juventud<\/a><\/li>\n<\/ul><\/div><\/div><!-- \/Widget Shortcode -->\n<\/div>\n<\/div>\n","protected":false},"excerpt":{"rendered":"<p class=\"excerpt\">Servicios Sociales Generales Son servicios p\u00fablicos de car\u00e1cter polivalente y comunitario, cuya organizaci\u00f3n y personal est\u00e1n al servicio de toda la poblaci\u00f3n. Constituyen le primer nivel del Sistema P\u00fablico de Servicios Sociales y proporcionan una atenci\u00f3n que tiene por objeto favorecer el acceso a los recurso de los sistemas de bienestar social, generando alternativas a [&hellip;]<\/p>\n","protected":false},"author":1,"featured_media":0,"parent":2941,"menu_order":3,"comment_status":"closed","ping_status":"closed","template":"","meta":{"footnotes":""},"class_list":["post-3058","page","type-page","status-publish","hentry"],"_links":{"self":[{"href":"https:\/\/www.comunidadcalatayud.com\/index.php\/wp-json\/wp\/v2\/pages\/3058","targetHints":{"allow":["GET"]}}],"collection":[{"href":"https:\/\/www.comunidadcalatayud.com\/index.php\/wp-json\/wp\/v2\/pages"}],"about":[{"href":"https:\/\/www.comunidadcalatayud.com\/index.php\/wp-json\/wp\/v2\/types\/page"}],"author":[{"embeddable":true,"href":"https:\/\/www.comunidadcalatayud.com\/index.php\/wp-json\/wp\/v2\/users\/1"}],"replies":[{"embeddable":true,"href":"https:\/\/www.comunidadcalatayud.com\/index.php\/wp-json\/wp\/v2\/comments?post=3058"}],"version-history":[{"count":12,"href":"https:\/\/www.comunidadcalatayud.com\/index.php\/wp-json\/wp\/v2\/pages\/3058\/revisions"}],"predecessor-version":[{"id":3836,"href":"https:\/\/www.comunidadcalatayud.com\/index.php\/wp-json\/wp\/v2\/pages\/3058\/revisions\/3836"}],"up":[{"embeddable":true,"href":"https:\/\/www.comunidadcalatayud.com\/index.php\/wp-json\/wp\/v2\/pages\/2941"}],"wp:attachment":[{"href":"https:\/\/www.comunidadcalatayud.com\/index.php\/wp-json\/wp\/v2\/media?parent=3058"}],"curies":[{"name":"wp","href":"https:\/\/api.w.org\/{rel}","templated":true}]}}