{"id":3006,"date":"2017-09-11T11:35:47","date_gmt":"2017-09-11T11:35:47","guid":{"rendered":"http:\/\/www.comunidadcalatayud.com\/?page_id=3006"},"modified":"2017-09-18T09:02:50","modified_gmt":"2017-09-18T09:02:50","slug":"impresos-de-la-comarca","status":"publish","type":"page","link":"https:\/\/www.comunidadcalatayud.com\/index.php\/areas\/accion-social\/impresos-de-la-comarca\/","title":{"rendered":"Normativa e impresos de la Comarca"},"content":{"rendered":"<div class=\"grid\">\n<article class=\"column span-9 enlaces\">\n<ul>\n<li>Solicitud del Servicio de Ayuda a Domicilio.\n<ul>\n<li><a href=\"http:\/\/www.comunidadcalatayud.com\/wp-content\/uploads\/2017\/09\/OrdenanzaAyudaDomicilio.pdf\" target=\"_blank\" rel=\"noopener\">Normativa Precio P\u00fablico.<\/a><\/li>\n<li>Reglamento del Servicio. <a href=\"http:\/\/www.comunidadcalatayud.com\/wp-content\/uploads\/2017\/09\/REGLAMENTO-SERVICIO-AYUDA-A-DOMICILIO.pdf\" target=\"_blank\" rel=\"noopener\">(PDF)<\/a> <a href=\"http:\/\/www.comunidadcalatayud.com\/wp-content\/uploads\/2017\/09\/REGLAMENTO-SERVICIO-AYUDA-A-DOMICILIO.docx\">(WORD)<\/a><\/li>\n<li><a href=\"http:\/\/www.comunidadcalatayud.com\/wp-content\/uploads\/2017\/09\/DOCUMENTACION-SERVICIO-AYUDA-A-DOMICILIO.doc\">Documentaci\u00f3n necesaria<\/a>.<\/li>\n<\/ul>\n<\/li>\n<\/ul>\n<ul>\n<li>Solicitud de Pr\u00e9stamo de Ayudas T\u00e9cnicas. Ortopedia\n<ul>\n<li><a href=\"http:\/\/www.comunidadcalatayud.com\/wp-content\/uploads\/2017\/09\/REGLAMENTO_DEL_SERVICIO.docx\">Reglamento del Servicio.<\/a><\/li>\n<li>Anexo I. Solicitud Inicial\u00a0<a href=\"http:\/\/www.comunidadcalatayud.com\/wp-content\/uploads\/2017\/09\/AnexoI_Solicitud_inicial.pdf\" target=\"_blank\" rel=\"noopener\">(PDF)<\/a> <a href=\"http:\/\/www.comunidadcalatayud.com\/wp-content\/uploads\/2017\/09\/AnexoI_Solicitud_inicial.docx\">(WORD)<\/a><\/li>\n<li>Anexo II. Solicitud Ampliacion de ayuda t\u00e9cnica <a href=\"http:\/\/www.comunidadcalatayud.com\/wp-content\/uploads\/2017\/09\/AnexoII_Solicitud_ampliacion_Ayuda_Tecnica.pdf\" target=\"_blank\" rel=\"noopener\">(PDF)<\/a> <a href=\"http:\/\/www.comunidadcalatayud.com\/wp-content\/uploads\/2017\/09\/AnexoII_Solicitud_ampliacion_Ayuda_Tecnica.docx\">(WORD)<\/a><\/li>\n<li>Anexo III. Solicitud de Baja <a href=\"http:\/\/www.comunidadcalatayud.com\/wp-content\/uploads\/2017\/09\/AnexoIII_Solicitud_Baja_Ayuda_Tecnica.pdf\" target=\"_blank\" rel=\"noopener\">(PDF)<\/a> <a href=\"http:\/\/www.comunidadcalatayud.com\/wp-content\/uploads\/2017\/09\/AnexoIII_Solicitud_Baja_Ayuda_Tecnica.docx\">(WORD)<\/a><\/li>\n<\/ul>\n<\/li>\n<\/ul>\n<ul>\n<li>Solicitud de Ayuda de Urgencia.\n<ul>\n<li><a href=\"http:\/\/www.comunidadcalatayud.com\/wp-content\/uploads\/2017\/09\/REGLAMENTO_COMARCAL_AYUDAS_DE_URGENCIA.docx\">Reglamento del Servicio.<\/a><\/li>\n<li><a href=\"http:\/\/www.comunidadcalatayud.com\/wp-content\/uploads\/2017\/09\/MODELO_SOLICITUD_AYUDAS_DE_URGENCIA.docx\">Modelo de solicitud<\/a>.<\/li>\n<\/ul>\n<\/li>\n<\/ul>\n<ul>\n<li><a href=\"http:\/\/www.comunidadcalatayud.com\/wp-content\/uploads\/2017\/09\/solicaltaasespsico.doc\">Solicitud de alta en el Servicio de Asesor\u00eda Psicol\u00f3gica.<\/a><\/li>\n<\/ul>\n<ul>\n<li><a href=\"http:\/\/www.comunidadcalatayud.com\/wp-content\/uploads\/2017\/09\/solicitudbajaasepsico.doc\">Solicitud de baja en el Servicio de Asesor\u00eda Psicol\u00f3gica.<\/a><\/li>\n<\/ul>\n<ul>\n<li><a href=\"http:\/\/www.comunidadcalatayud.com\/wp-content\/uploads\/2017\/09\/solicitudasesopsiactividades.pdf\" target=\"_blank\" rel=\"noopener\">Solicitud de actividades al Servicio de Asesor\u00eda Psicol\u00f3gica.<\/a><\/li>\n<\/ul>\n<\/article>\n<div class=\"column span-3 pull-right sidebar\">\n<!-- Widget Shortcode --><div id=\"nav_menu-4\" class=\"widget widget_nav_menu widget-shortcode area-otw-sidebar-3 \"><h2 class=\"widgettitle\">\u00c1reas<\/h2><div class=\"menu-areas-container\"><ul id=\"menu-areas\" class=\"menu\"><li id=\"menu-item-2987\" class=\"menu-item menu-item-type-post_type menu-item-object-page menu-item-2987\"><a href=\"https:\/\/www.comunidadcalatayud.com\/index.php\/areas\/accion-social\/\">Acci\u00f3n Social<\/a><\/li>\n<li id=\"menu-item-2986\" class=\"menu-item menu-item-type-post_type menu-item-object-page menu-item-2986\"><a href=\"https:\/\/www.comunidadcalatayud.com\/index.php\/areas\/cultura\/\">Cultura<\/a><\/li>\n<li id=\"menu-item-2985\" class=\"menu-item menu-item-type-post_type menu-item-object-page menu-item-2985\"><a href=\"https:\/\/www.comunidadcalatayud.com\/index.php\/areas\/deportes\/\">Deportes<\/a><\/li>\n<li id=\"menu-item-2984\" class=\"menu-item menu-item-type-post_type menu-item-object-page menu-item-2984\"><a href=\"https:\/\/www.comunidadcalatayud.com\/index.php\/areas\/medio-ambiente\/\">Medio Ambiente<\/a><\/li>\n<li id=\"menu-item-2983\" class=\"menu-item menu-item-type-post_type menu-item-object-page menu-item-2983\"><a href=\"https:\/\/www.comunidadcalatayud.com\/index.php\/areas\/proteccion-civil\/\">Protecci\u00f3n Civil<\/a><\/li>\n<li id=\"menu-item-2982\" class=\"menu-item menu-item-type-post_type menu-item-object-page menu-item-2982\"><a href=\"https:\/\/www.comunidadcalatayud.com\/index.php\/areas\/turismo\/\">Turismo<\/a><\/li>\n<li id=\"menu-item-2981\" class=\"menu-item menu-item-type-post_type menu-item-object-page menu-item-2981\"><a href=\"https:\/\/www.comunidadcalatayud.com\/index.php\/areas\/juventud\/\">Juventud<\/a><\/li>\n<\/ul><\/div><\/div><!-- \/Widget Shortcode -->\n<\/div>\n<\/div>\n","protected":false},"excerpt":{"rendered":"<p class=\"excerpt\">Solicitud del Servicio de Ayuda a Domicilio. Normativa Precio P\u00fablico. Reglamento del Servicio. (PDF) (WORD) Documentaci\u00f3n necesaria. Solicitud de Pr\u00e9stamo de Ayudas T\u00e9cnicas. Ortopedia Reglamento del Servicio. Anexo I. Solicitud Inicial\u00a0(PDF) (WORD) Anexo II. Solicitud Ampliacion de ayuda t\u00e9cnica (PDF) (WORD) Anexo III. Solicitud de Baja (PDF) (WORD) Solicitud de Ayuda de Urgencia. Reglamento del [&hellip;]<\/p>\n","protected":false},"author":1,"featured_media":0,"parent":2941,"menu_order":1,"comment_status":"closed","ping_status":"closed","template":"","meta":{"footnotes":""},"class_list":["post-3006","page","type-page","status-publish","hentry"],"_links":{"self":[{"href":"https:\/\/www.comunidadcalatayud.com\/index.php\/wp-json\/wp\/v2\/pages\/3006","targetHints":{"allow":["GET"]}}],"collection":[{"href":"https:\/\/www.comunidadcalatayud.com\/index.php\/wp-json\/wp\/v2\/pages"}],"about":[{"href":"https:\/\/www.comunidadcalatayud.com\/index.php\/wp-json\/wp\/v2\/types\/page"}],"author":[{"embeddable":true,"href":"https:\/\/www.comunidadcalatayud.com\/index.php\/wp-json\/wp\/v2\/users\/1"}],"replies":[{"embeddable":true,"href":"https:\/\/www.comunidadcalatayud.com\/index.php\/wp-json\/wp\/v2\/comments?post=3006"}],"version-history":[{"count":23,"href":"https:\/\/www.comunidadcalatayud.com\/index.php\/wp-json\/wp\/v2\/pages\/3006\/revisions"}],"predecessor-version":[{"id":3833,"href":"https:\/\/www.comunidadcalatayud.com\/index.php\/wp-json\/wp\/v2\/pages\/3006\/revisions\/3833"}],"up":[{"embeddable":true,"href":"https:\/\/www.comunidadcalatayud.com\/index.php\/wp-json\/wp\/v2\/pages\/2941"}],"wp:attachment":[{"href":"https:\/\/www.comunidadcalatayud.com\/index.php\/wp-json\/wp\/v2\/media?parent=3006"}],"curies":[{"name":"wp","href":"https:\/\/api.w.org\/{rel}","templated":true}]}}