{"id":2978,"date":"2017-09-11T11:02:31","date_gmt":"2017-09-11T11:02:31","guid":{"rendered":"http:\/\/www.comunidadcalatayud.com\/?page_id=2978"},"modified":"2017-09-18T09:02:20","modified_gmt":"2017-09-18T09:02:20","slug":"funciones","status":"publish","type":"page","link":"https:\/\/www.comunidadcalatayud.com\/index.php\/areas\/accion-social\/funciones\/","title":{"rendered":"Funciones"},"content":{"rendered":"<div class=\"grid\">\n<article class=\"column span-9\">Los Servicios Sociales Comunitarios, a trav\u00e9s de los equipos t\u00e9cnicos y los medios necesarios, desarrollan las acciones preventivas, asistenciales y rehabilitadoras para garantizar a personas y grupos el acceso al sistema de servicios sociales en respuesta a las necesidades de informaci\u00f3n y orientaci\u00f3n, convivencia, participaci\u00f3n e inserci\u00f3n social, as\u00ed como al desarrollo de la comunidad. Dichas acciones requieren de la valoraci\u00f3n de los profesionales de los servicios sociales comunitarios que desarrollar\u00e1n la intervenci\u00f3n correspondiente a trav\u00e9s de las siguientes funciones:<\/p>\n<p>a) Detecci\u00f3n de las situaciones de necesidad personal, familiar y comunitaria.<\/p>\n<p>b) Informaci\u00f3n, orientaci\u00f3n, valoraci\u00f3n, diagn\u00f3stico y asesoramiento.<\/p>\n<p>c) Realizaci\u00f3n de las actuaciones preventivas, tratamiento social en intervenciones necesarias en situaciones de necesidad social y su evaluaci\u00f3n.<\/p>\n<p>d) Realizaci\u00f3n de aquellas funciones en materia de atenci\u00f3n a las personas en situaci\u00f3n de dependencia.<\/p>\n<p>e) Intervenci\u00f3n en los n\u00facleos familiares o convivenciales en situaci\u00f3n de riesgo social, especialmente si hay menores.<\/p>\n<p>f) Prestaci\u00f3n de servicios de ayuda a domicilio, teleasistencia, alojamiento temporal y apoyo a la unidad familiar o de convivencia.<\/p>\n<p>g) Promoci\u00f3n de medidas de inserci\u00f3n social.<\/p>\n<p>h) Prestaci\u00f3n de servicios de intervenci\u00f3n socioeducativa no residencial para ni\u00f1os y adolescentes.<\/p>\n<p>i) Gesti\u00f3n de prestaciones de urgencia social.<\/p>\n<p>j) Fomento de la animaci\u00f3n comunitaria, estableciendo mecanismos que hagan posible la participaci\u00f3n activa de la comunidad en la b\u00fasqueda de respuestas a las situaciones de necesidad social y de mejora y promoci\u00f3n de las condiciones de vida y convivencia.<\/p>\n<p>k) Coordinaci\u00f3n con los servicios sociales especializados, con los equipos profesionales de los dem\u00e1s sistemas de bienestar social y con el conjunto de las entidades que act\u00faan en el \u00e1mbito de los servicios sociales.<\/p>\n<p>l) Atenci\u00f3n, informaci\u00f3n y asesoramiento a las mujeres v\u00edctimas de violencia sobre los recursos existentes.<\/p>\n<p>m) Colaboraci\u00f3n con los servicios de la Administraci\u00f3n de la Comunidad Aut\u00f3noma en el ejercicio de sus funciones de autorizaci\u00f3n e inspecci\u00f3n en materia de servicios sociales.<\/p>\n<p>n) Elaboraci\u00f3n de propuestas de actuaci\u00f3n o intervenci\u00f3n social que correspondan a las entidades locales o a la Comunidad Aut\u00f3noma.<\/p>\n<p>o) Atenci\u00f3n urgencias sociales.<\/p>\n<p>p) Recogida de informaci\u00f3n sobre usuarios y gesti\u00f3n de programas y servicios.<\/p>\n<\/article>\n<div class=\"column span-3 pull-right sidebar\">\n<!-- Widget Shortcode --><div id=\"nav_menu-4\" class=\"widget widget_nav_menu widget-shortcode area-otw-sidebar-3 \"><h2 class=\"widgettitle\">\u00c1reas<\/h2><div class=\"menu-areas-container\"><ul id=\"menu-areas\" class=\"menu\"><li id=\"menu-item-2987\" class=\"menu-item menu-item-type-post_type menu-item-object-page menu-item-2987\"><a href=\"https:\/\/www.comunidadcalatayud.com\/index.php\/areas\/accion-social\/\">Acci\u00f3n Social<\/a><\/li>\n<li id=\"menu-item-2986\" class=\"menu-item menu-item-type-post_type menu-item-object-page menu-item-2986\"><a href=\"https:\/\/www.comunidadcalatayud.com\/index.php\/areas\/cultura\/\">Cultura<\/a><\/li>\n<li id=\"menu-item-2985\" class=\"menu-item menu-item-type-post_type menu-item-object-page menu-item-2985\"><a href=\"https:\/\/www.comunidadcalatayud.com\/index.php\/areas\/deportes\/\">Deportes<\/a><\/li>\n<li id=\"menu-item-2984\" class=\"menu-item menu-item-type-post_type menu-item-object-page menu-item-2984\"><a href=\"https:\/\/www.comunidadcalatayud.com\/index.php\/areas\/medio-ambiente\/\">Medio Ambiente<\/a><\/li>\n<li id=\"menu-item-2983\" class=\"menu-item menu-item-type-post_type menu-item-object-page menu-item-2983\"><a href=\"https:\/\/www.comunidadcalatayud.com\/index.php\/areas\/proteccion-civil\/\">Protecci\u00f3n Civil<\/a><\/li>\n<li id=\"menu-item-2982\" class=\"menu-item menu-item-type-post_type menu-item-object-page menu-item-2982\"><a href=\"https:\/\/www.comunidadcalatayud.com\/index.php\/areas\/turismo\/\">Turismo<\/a><\/li>\n<li id=\"menu-item-2981\" class=\"menu-item menu-item-type-post_type menu-item-object-page menu-item-2981\"><a href=\"https:\/\/www.comunidadcalatayud.com\/index.php\/areas\/juventud\/\">Juventud<\/a><\/li>\n<\/ul><\/div><\/div><!-- \/Widget Shortcode -->\n<\/div>\n<\/div>\n","protected":false},"excerpt":{"rendered":"<p class=\"excerpt\">Los Servicios Sociales Comunitarios, a trav\u00e9s de los equipos t\u00e9cnicos y los medios necesarios, desarrollan las acciones preventivas, asistenciales y rehabilitadoras para garantizar a personas y grupos el acceso al sistema de servicios sociales en respuesta a las necesidades de informaci\u00f3n y orientaci\u00f3n, convivencia, participaci\u00f3n e inserci\u00f3n social, as\u00ed como al desarrollo de la comunidad. [&hellip;]<\/p>\n","protected":false},"author":1,"featured_media":0,"parent":2941,"menu_order":0,"comment_status":"closed","ping_status":"closed","template":"","meta":{"footnotes":""},"class_list":["post-2978","page","type-page","status-publish","hentry"],"_links":{"self":[{"href":"https:\/\/www.comunidadcalatayud.com\/index.php\/wp-json\/wp\/v2\/pages\/2978","targetHints":{"allow":["GET"]}}],"collection":[{"href":"https:\/\/www.comunidadcalatayud.com\/index.php\/wp-json\/wp\/v2\/pages"}],"about":[{"href":"https:\/\/www.comunidadcalatayud.com\/index.php\/wp-json\/wp\/v2\/types\/page"}],"author":[{"embeddable":true,"href":"https:\/\/www.comunidadcalatayud.com\/index.php\/wp-json\/wp\/v2\/users\/1"}],"replies":[{"embeddable":true,"href":"https:\/\/www.comunidadcalatayud.com\/index.php\/wp-json\/wp\/v2\/comments?post=2978"}],"version-history":[{"count":7,"href":"https:\/\/www.comunidadcalatayud.com\/index.php\/wp-json\/wp\/v2\/pages\/2978\/revisions"}],"predecessor-version":[{"id":2997,"href":"https:\/\/www.comunidadcalatayud.com\/index.php\/wp-json\/wp\/v2\/pages\/2978\/revisions\/2997"}],"up":[{"embeddable":true,"href":"https:\/\/www.comunidadcalatayud.com\/index.php\/wp-json\/wp\/v2\/pages\/2941"}],"wp:attachment":[{"href":"https:\/\/www.comunidadcalatayud.com\/index.php\/wp-json\/wp\/v2\/media?parent=2978"}],"curies":[{"name":"wp","href":"https:\/\/api.w.org\/{rel}","templated":true}]}}