{"id":2954,"date":"2017-09-11T08:39:34","date_gmt":"2017-09-11T08:39:34","guid":{"rendered":"http:\/\/www.comunidadcalatayud.com\/?page_id=2954"},"modified":"2017-10-03T09:54:29","modified_gmt":"2017-10-03T09:54:29","slug":"juventud","status":"publish","type":"page","link":"https:\/\/www.comunidadcalatayud.com\/index.php\/areas\/juventud\/","title":{"rendered":"Juventud"},"content":{"rendered":"<div class=\"grid\">\n<article class=\"column span-9 enlaces\">Texto del \u00e1rea de juventud<\/p>\n<p><!-- Widget Shortcode -->\t\t\t\t\t\t<div id=\"layers-widget-ourblog-23\" class=\"widget content-vertical-massive clearfix   \">\n\n\t\t\t\t\n\t\t\t\t\t\t\t\t\t<div class=\"container clearfix\">\n\t\t\t\t\t\t\t\t\t\t\t\t<div class=\"section-title clearfix section-title-wrapper medium text-center \">\n\t\t\t\t\t\t\n\t\t\t\t\t\t\t\t\t\t\t\t\t\t\t<h3 class=\"hadding\">\n\t\t\t\t\t\t\t\t\t\u00daltimas noticias de Juventud\t\t\t\t\t\t\t\t<\/h3>\n\t\t\t\t\t\t\t\t\t\t\t\t\t\t\t\t\t\t\t\t\t\t<p>Conoce las \u00faltimas noticias de este \u00e1rea<\/p>\t\t\t\t\t\t\t\t\t\t\t\t\t<\/div>\n\t\t\t\t\t<\/div>\n\t\t\t\t\t\t\t\t\t\t\t\t\t<div class=\"container\">\n\t\t\t\t\t\n\t\t\t\t\t\t\t\t\t\t\t\t\t\t\t\t\t\t\t\t\t<div class=\"grid blog-style-three bfs\">\n\t\t\t\t\t\t\t\t\t\t<div class=\"blog-carousel carousel-style-one\">\n\t\t\t\t\t\t\t\t \t\t\t\t\t\t\t\t\t\t\n\t\t\t\t\t\t\t\t\n\t\t\t\t\t\t\t\t\t\t\t\n\t\t\t\t\t\t\t\t\t\t\t\t\t\t\t\t\n\t\t\t\t\t\t\t\t\t<div class=\"single-blog-pading column span-3 \" data-cols=\"4\">\t\t\n\t\t\t\t\t\t\t\t\t\t<div class=\"single-blog-item text-center border overlay-hover\">\n\t\t\t\t\t\t\t\t\t\t\t\t\t\t\t\t\t\t\t\t\t<div class=\"single-blog-image\">\n\t\t\t\t\t\t\t\t\t\t\t\t<div class=\"overlay-effect\">\n\t\t\t\t\t\t\t\t\t\t\t\t\t\t\t\t\t\t\t\t\t\t\t\t\t\t\t\t<a href=\"https:\/\/www.comunidadcalatayud.com\/index.php\/2026\/02\/13\/viaje-a-la-estacion-invernal-de-panticosa\/\" title=\"VIAJE A LA ESTACI\u00d3N INVERNAL DE PANTICOSA\">\n\t\t\t\t\t\t\t\t\t\t\t\t\t\t\t<img loading=\"lazy\" decoding=\"async\" width=\"376\" height=\"252\" src=\"https:\/\/www.comunidadcalatayud.com\/wp-content\/uploads\/2026\/02\/629672867_1325958606232041_2123349305058142343_n-376x252.jpg\" class=\"attachment-hexapro_blog_widget_image size-hexapro_blog_widget_image wp-post-image\" alt=\"\" srcset=\"https:\/\/www.comunidadcalatayud.com\/wp-content\/uploads\/2026\/02\/629672867_1325958606232041_2123349305058142343_n-376x252.jpg 376w, https:\/\/www.comunidadcalatayud.com\/wp-content\/uploads\/2026\/02\/629672867_1325958606232041_2123349305058142343_n-110x73.jpg 110w\" sizes=\"auto, (max-width: 376px) 100vw, 376px\" \/>\t\t\t\t\t\t\t\t\t\t\t\t\t\t\t\t\n\t\t\t\t\t\t\t\t\t\t\t\t\t\t\t\n\t\t\t\t\t\t\t\t\t\t\t\t\t\t\t<\/a>\n\t\t\t\t\t\t\t\t\t\t\t\t\t\t\n\t\t\t\t\t\t\t\t\t\t\t\t<\/div>\n\t\t\t\t\t\t\t\t\t\t\t<\/div>\n\t\t\t\t\t\t\t\t\t\t\t\t\t\t\t\t\t\t\t\t\t\n\t\t\t\t\t\t\t\t\t\t\t\t\t\t\t\t\t\t\t\t\t\t<div class=\"single-blog-text wb\">\n\t\t\t\t\t\t\t\t\t\t\t\t \t\t\t\t\t\t\t\t\t\t\t\t\t\t<h4><a href=\"https:\/\/www.comunidadcalatayud.com\/index.php\/2026\/02\/13\/viaje-a-la-estacion-invernal-de-panticosa\/\">VIAJE A LA ESTACI\u00d3N INVERNAL DE PANTICOSA<\/a><\/h4>\n\t\t\t\t\t\t\t\t\t\t\t\t\t\t\t\t\t\t\t\t\t\t\t\t<p>\n\t\t\t\t\t\t\t\t\t\t\t\t\tLa Comarca Comunidad de Calatayud organizar\u00e1 un viaje a la Estaci\u00f3n Invernal de Panticosa.A trav\u00e9s del Carn\u00e9 Joven del Instituto Aragon\u00e9s de Juventud, la Comarca Comunidad de Calatayud organiza u&#8230;\t\n\t\t\t\t\t\t\t\t\t\t\t\t<\/p>\n\t\t\t\t\t\t\t\t\t\t\t\t<a href=\"https:\/\/www.comunidadcalatayud.com\/index.php\/2026\/02\/13\/viaje-a-la-estacion-invernal-de-panticosa\/\">Read more.<\/a>\n\t\t\t\t\t\t\t\t\t\t\t<\/div>\n\t\t\t\t\t\t\t\t\t\t\t\t\n\t\t\t\t\t\t\t\t\t\t<\/div>\n\t\t\t\t\t\t\t\t\t<\/div>\t\t\t\n\t\t\t\t\t\t\t\t\t\t\t\n\t\t\t\t\t\t\t\t\t\t\t\n\t\t\t\t\t\t\t\t\t\t\t\t\t\t\t\t\n\t\t\t\t\t\t\t\t\t<div class=\"single-blog-pading column span-3 \" data-cols=\"4\">\t\t\n\t\t\t\t\t\t\t\t\t\t<div class=\"single-blog-item text-center border overlay-hover\">\n\t\t\t\t\t\t\t\t\t\t\t\t\t\t\t\t\t\t\t\t\t<div class=\"single-blog-image\">\n\t\t\t\t\t\t\t\t\t\t\t\t<div class=\"overlay-effect\">\n\t\t\t\t\t\t\t\t\t\t\t\t\t\t\t\t\t\t\t\t\t\t\t\t\t\t\t\t<a href=\"https:\/\/www.comunidadcalatayud.com\/index.php\/2025\/11\/03\/la-caravana-escape-room-llega-a-la-comarca-comunidad-de-calatayud\/\" title=\"La Caravana Escape Room llega a la Comarca Comunidad de Calatayud\">\n\t\t\t\t\t\t\t\t\t\t\t\t\t\t\t<img loading=\"lazy\" decoding=\"async\" width=\"376\" height=\"252\" src=\"https:\/\/www.comunidadcalatayud.com\/wp-content\/uploads\/2025\/11\/CARTEL_LA-CARAVANA_ESCAPE_ROOM-376x252.jpg\" class=\"attachment-hexapro_blog_widget_image size-hexapro_blog_widget_image wp-post-image\" alt=\"\" srcset=\"https:\/\/www.comunidadcalatayud.com\/wp-content\/uploads\/2025\/11\/CARTEL_LA-CARAVANA_ESCAPE_ROOM-376x252.jpg 376w, https:\/\/www.comunidadcalatayud.com\/wp-content\/uploads\/2025\/11\/CARTEL_LA-CARAVANA_ESCAPE_ROOM-110x73.jpg 110w\" sizes=\"auto, (max-width: 376px) 100vw, 376px\" \/>\t\t\t\t\t\t\t\t\t\t\t\t\t\t\t\t\n\t\t\t\t\t\t\t\t\t\t\t\t\t\t\t\n\t\t\t\t\t\t\t\t\t\t\t\t\t\t\t<\/a>\n\t\t\t\t\t\t\t\t\t\t\t\t\t\t\n\t\t\t\t\t\t\t\t\t\t\t\t<\/div>\n\t\t\t\t\t\t\t\t\t\t\t<\/div>\n\t\t\t\t\t\t\t\t\t\t\t\t\t\t\t\t\t\t\t\t\t\n\t\t\t\t\t\t\t\t\t\t\t\t\t\t\t\t\t\t\t\t\t\t<div class=\"single-blog-text wb\">\n\t\t\t\t\t\t\t\t\t\t\t\t \t\t\t\t\t\t\t\t\t\t\t\t\t\t<h4><a href=\"https:\/\/www.comunidadcalatayud.com\/index.php\/2025\/11\/03\/la-caravana-escape-room-llega-a-la-comarca-comunidad-de-calatayud\/\">La Caravana Escape Room llega a la Comarca Comunidad de Calatayud<\/a><\/h4>\n\t\t\t\t\t\t\t\t\t\t\t\t\t\t\t\t\t\t\t\t\t\t\t\t<p>\n\t\t\t\t\t\t\t\t\t\t\t\t\tLa Comarca Comunidad de Calatayud, en colaboraci\u00f3n con el Instituto Aragon\u00e9s de la Juventud (IAJ), acoger\u00e1 el pr\u00f3ximo fin de semana la actividad \u201cLa Caravana Escape Room\u201d, una innovadora propu&#8230;\t\n\t\t\t\t\t\t\t\t\t\t\t\t<\/p>\n\t\t\t\t\t\t\t\t\t\t\t\t<a href=\"https:\/\/www.comunidadcalatayud.com\/index.php\/2025\/11\/03\/la-caravana-escape-room-llega-a-la-comarca-comunidad-de-calatayud\/\">Read more.<\/a>\n\t\t\t\t\t\t\t\t\t\t\t<\/div>\n\t\t\t\t\t\t\t\t\t\t\t\t\n\t\t\t\t\t\t\t\t\t\t<\/div>\n\t\t\t\t\t\t\t\t\t<\/div>\t\t\t\n\t\t\t\t\t\t\t\t\t\t\t\n\t\t\t\t\t\t\t\t\t\t\t\n\t\t\t\t\t\t\t\t\t\t\t\t\t\t\t\t\n\t\t\t\t\t\t\t\t\t<div class=\"single-blog-pading column span-3 \" data-cols=\"4\">\t\t\n\t\t\t\t\t\t\t\t\t\t<div class=\"single-blog-item text-center border overlay-hover\">\n\t\t\t\t\t\t\t\t\t\t\t\t\t\t\t\t\t\t\t\t\t<div class=\"single-blog-image\">\n\t\t\t\t\t\t\t\t\t\t\t\t<div class=\"overlay-effect\">\n\t\t\t\t\t\t\t\t\t\t\t\t\t\t\t\t\t\t\t\t\t\t\t\t\t\t\t\t<a href=\"https:\/\/www.comunidadcalatayud.com\/index.php\/2025\/10\/28\/escape-room-movil-contra-la-violencia-de-genero-en-la-comarca-comunidad-de-calatayud\/\" title=\"\u201cEscape Room M\u00f3vil contra la Violencia de G\u00e9nero\u201d en la Comarca Comunidad de Calatayud\">\n\t\t\t\t\t\t\t\t\t\t\t\t\t\t\t<img loading=\"lazy\" decoding=\"async\" width=\"376\" height=\"252\" src=\"https:\/\/www.comunidadcalatayud.com\/wp-content\/uploads\/2025\/10\/WhatsApp-Image-2025-10-28-at-12.56.01-376x252.jpeg\" class=\"attachment-hexapro_blog_widget_image size-hexapro_blog_widget_image wp-post-image\" alt=\"\" srcset=\"https:\/\/www.comunidadcalatayud.com\/wp-content\/uploads\/2025\/10\/WhatsApp-Image-2025-10-28-at-12.56.01-376x252.jpeg 376w, https:\/\/www.comunidadcalatayud.com\/wp-content\/uploads\/2025\/10\/WhatsApp-Image-2025-10-28-at-12.56.01-110x73.jpeg 110w\" sizes=\"auto, (max-width: 376px) 100vw, 376px\" \/>\t\t\t\t\t\t\t\t\t\t\t\t\t\t\t\t\n\t\t\t\t\t\t\t\t\t\t\t\t\t\t\t\n\t\t\t\t\t\t\t\t\t\t\t\t\t\t\t<\/a>\n\t\t\t\t\t\t\t\t\t\t\t\t\t\t\n\t\t\t\t\t\t\t\t\t\t\t\t<\/div>\n\t\t\t\t\t\t\t\t\t\t\t<\/div>\n\t\t\t\t\t\t\t\t\t\t\t\t\t\t\t\t\t\t\t\t\t\n\t\t\t\t\t\t\t\t\t\t\t\t\t\t\t\t\t\t\t\t\t\t<div class=\"single-blog-text wb\">\n\t\t\t\t\t\t\t\t\t\t\t\t \t\t\t\t\t\t\t\t\t\t\t\t\t\t<h4><a href=\"https:\/\/www.comunidadcalatayud.com\/index.php\/2025\/10\/28\/escape-room-movil-contra-la-violencia-de-genero-en-la-comarca-comunidad-de-calatayud\/\">\u201cEscape Room M\u00f3vil contra la Violencia de G\u00e9nero\u201d en la Comarca Comunidad de Calatayud<\/a><\/h4>\n\t\t\t\t\t\t\t\t\t\t\t\t\t\t\t\t\t\t\t\t\t\t\t\t<p>\n\t\t\t\t\t\t\t\t\t\t\t\t\tLa Comarca Comunidad de Calatayud, en colaboraci\u00f3n con el Instituto Aragon\u00e9s de la Juventud (IAJ), organiza el pr\u00f3ximo s\u00e1bado 15 de noviembre la actividad \u201cEscape Room M\u00f3vil contra la Violencia&#8230;\t\n\t\t\t\t\t\t\t\t\t\t\t\t<\/p>\n\t\t\t\t\t\t\t\t\t\t\t\t<a href=\"https:\/\/www.comunidadcalatayud.com\/index.php\/2025\/10\/28\/escape-room-movil-contra-la-violencia-de-genero-en-la-comarca-comunidad-de-calatayud\/\">Read more.<\/a>\n\t\t\t\t\t\t\t\t\t\t\t<\/div>\n\t\t\t\t\t\t\t\t\t\t\t\t\n\t\t\t\t\t\t\t\t\t\t<\/div>\n\t\t\t\t\t\t\t\t\t<\/div>\t\t\t\n\t\t\t\t\t\t\t\t\t\t\t\n\t\t\t\t\t\t\t\t\t\t\t\n\t\t\t\t\t\t\t\t\t\t\t\t\t\t\t\t\n\t\t\t\t\t\t\t\t\t<div class=\"single-blog-pading column span-3 \" data-cols=\"4\">\t\t\n\t\t\t\t\t\t\t\t\t\t<div class=\"single-blog-item text-center border overlay-hover\">\n\t\t\t\t\t\t\t\t\t\t\t\t\t\t\t\t\t\t\t\t\t<div class=\"single-blog-image\">\n\t\t\t\t\t\t\t\t\t\t\t\t<div class=\"overlay-effect\">\n\t\t\t\t\t\t\t\t\t\t\t\t\t\t\t\t\t\t\t\t\t\t\t\t\t\t\t\t<a href=\"https:\/\/www.comunidadcalatayud.com\/index.php\/2025\/02\/24\/9911\/\" title=\"ASESOR\u00cdA DE BIENESTAR EMOCIONAL PARA J\u00d3VENES\">\n\t\t\t\t\t\t\t\t\t\t\t\t\t\t\t<img loading=\"lazy\" decoding=\"async\" width=\"376\" height=\"252\" src=\"https:\/\/www.comunidadcalatayud.com\/wp-content\/uploads\/2025\/02\/476787584_1027285366099368_4436300897518410166_n-376x252.jpg\" class=\"attachment-hexapro_blog_widget_image size-hexapro_blog_widget_image wp-post-image\" alt=\"\" srcset=\"https:\/\/www.comunidadcalatayud.com\/wp-content\/uploads\/2025\/02\/476787584_1027285366099368_4436300897518410166_n-376x252.jpg 376w, https:\/\/www.comunidadcalatayud.com\/wp-content\/uploads\/2025\/02\/476787584_1027285366099368_4436300897518410166_n-110x73.jpg 110w\" sizes=\"auto, (max-width: 376px) 100vw, 376px\" \/>\t\t\t\t\t\t\t\t\t\t\t\t\t\t\t\t\n\t\t\t\t\t\t\t\t\t\t\t\t\t\t\t\n\t\t\t\t\t\t\t\t\t\t\t\t\t\t\t<\/a>\n\t\t\t\t\t\t\t\t\t\t\t\t\t\t\n\t\t\t\t\t\t\t\t\t\t\t\t<\/div>\n\t\t\t\t\t\t\t\t\t\t\t<\/div>\n\t\t\t\t\t\t\t\t\t\t\t\t\t\t\t\t\t\t\t\t\t\n\t\t\t\t\t\t\t\t\t\t\t\t\t\t\t\t\t\t\t\t\t\t<div class=\"single-blog-text wb\">\n\t\t\t\t\t\t\t\t\t\t\t\t \t\t\t\t\t\t\t\t\t\t\t\t\t\t<h4><a href=\"https:\/\/www.comunidadcalatayud.com\/index.php\/2025\/02\/24\/9911\/\">ASESOR\u00cdA DE BIENESTAR EMOCIONAL PARA J\u00d3VENES<\/a><\/h4>\n\t\t\t\t\t\t\t\t\t\t\t\t\t\t\t\t\t\t\t\t\t\t\t\t<p>\n\t\t\t\t\t\t\t\t\t\t\t\t\tAsesor\u00eda de bienestar emocional para j\u00f3venes El Instituto Aragon\u00e9s de la Juventud ofrece a la juventud aragonesa un servicio de asesor\u00eda de bienestar emocional totalmente gratuito. Si tienes entre&#8230;\t\n\t\t\t\t\t\t\t\t\t\t\t\t<\/p>\n\t\t\t\t\t\t\t\t\t\t\t\t<a href=\"https:\/\/www.comunidadcalatayud.com\/index.php\/2025\/02\/24\/9911\/\">Read more.<\/a>\n\t\t\t\t\t\t\t\t\t\t\t<\/div>\n\t\t\t\t\t\t\t\t\t\t\t\t\n\t\t\t\t\t\t\t\t\t\t<\/div>\n\t\t\t\t\t\t\t\t\t<\/div>\t\t\t\n\t\t\t\t\t\t\t\t\t\t\t\n\t\t\t\t\t\t\t\t\t\t\t\t\t\t\t<\/div><!-- \/carsol -->\n\t\t\t\t\t\t<\/div><!-- \/row -->\t\t\t\t\t\t\n\t\t\t\t\t\t\t\t\t\t\t\t\n\t\t\t\t\t<\/div>\n\t\t\t\t\t\t\t\t\t\t\t\t<style id=\"layers_widget_ourblog_inline_css\" type=\"text\/css\"> \/* INLINE WIDGET CSS *\/\n\t\t\t\t#layers-widget-ourblog-23 { background-repeat: no-repeat;background-position: center;}\n\t\t\t\t<\/style>\t\t\t<\/div>\n\n\t\t\t<!-- \/Widget Shortcode --><br \/>\n<\/article>\n<div class=\"column span-3 pull-right sidebar\">\n<p><!-- Widget Shortcode --><div id=\"nav_menu-4\" class=\"widget widget_nav_menu widget-shortcode area-otw-sidebar-3 \"><h2 class=\"widgettitle\">\u00c1reas<\/h2><div class=\"menu-areas-container\"><ul id=\"menu-areas\" class=\"menu\"><li id=\"menu-item-2987\" class=\"menu-item menu-item-type-post_type menu-item-object-page menu-item-2987\"><a href=\"https:\/\/www.comunidadcalatayud.com\/index.php\/areas\/accion-social\/\">Acci\u00f3n Social<\/a><\/li>\n<li id=\"menu-item-2986\" class=\"menu-item menu-item-type-post_type menu-item-object-page menu-item-2986\"><a href=\"https:\/\/www.comunidadcalatayud.com\/index.php\/areas\/cultura\/\">Cultura<\/a><\/li>\n<li id=\"menu-item-2985\" class=\"menu-item menu-item-type-post_type menu-item-object-page menu-item-2985\"><a href=\"https:\/\/www.comunidadcalatayud.com\/index.php\/areas\/deportes\/\">Deportes<\/a><\/li>\n<li id=\"menu-item-2984\" class=\"menu-item menu-item-type-post_type menu-item-object-page menu-item-2984\"><a href=\"https:\/\/www.comunidadcalatayud.com\/index.php\/areas\/medio-ambiente\/\">Medio Ambiente<\/a><\/li>\n<li id=\"menu-item-2983\" class=\"menu-item menu-item-type-post_type menu-item-object-page menu-item-2983\"><a href=\"https:\/\/www.comunidadcalatayud.com\/index.php\/areas\/proteccion-civil\/\">Protecci\u00f3n Civil<\/a><\/li>\n<li id=\"menu-item-2982\" class=\"menu-item menu-item-type-post_type menu-item-object-page menu-item-2982\"><a href=\"https:\/\/www.comunidadcalatayud.com\/index.php\/areas\/turismo\/\">Turismo<\/a><\/li>\n<li id=\"menu-item-2981\" class=\"menu-item menu-item-type-post_type menu-item-object-page menu-item-2981\"><a href=\"https:\/\/www.comunidadcalatayud.com\/index.php\/areas\/juventud\/\">Juventud<\/a><\/li>\n<\/ul><\/div><\/div><!-- \/Widget Shortcode --><br \/>\n<!-- Widget Shortcode --><div id=\"ecwd_widget-13\" class=\"widget widget_ecwd_widget widget-shortcode area-otw-sidebar-9 \"><h2 class=\"widgettitle\">Eventos de Juventud<\/h2><div class=\"ecwd_3192 ecwd_theme_calendar_grey calendar_widget_content calendar_main\"><div class=\"ecwd-widget-mini ecwd_calendar\"><div data-id=\"3192\" data-type=\"widget\" class=\"ecwd-widget-3192\"><div class=\"calendar-head ecwd_calendar_prev_next\"><div class=\"previous\"><a href=\"?date=2026-3&t=mini\" rel=\"noindex, nofollow\"><span><<\/span><\/a><\/div><div class=\"current-month\"><a href=\"?date=2025-4-15&t=mini\" rel=\"noindex, nofollow\"><<\/a>&nbsp;2026&nbsp;<a href=\"?date=2027-4-15&t=mini\" rel=\"noindex, nofollow\">><\/a><div>Abril<\/div><\/div><div class=\"next\"><a href=\"?date=2026-5-15&t=mini\" rel=\"noindex, nofollow\"><span>><\/span><\/a><\/div><input type=\"hidden\" class=\"ecwd_current_link\" value=\"?date=2026-4-15&t=mini\" \/><\/div> <div class=\"ecwd_calendar_view_dropdown cal_tabs_blue\" ><a class=\"ecwd-dropdown-toggle\" data-toggle=\"ecwd-dropdown\">Mes<\/a><div class=\"ecwd-dropdown-menu\"><div class=\"type\"><a href=\"?date=2026-4-15&t=mini\" rel=\"noindex, nofollow\">Mes<\/a><\/div><div class=\"type\"><a href=\"?date=2026-4-15&t=list\" rel=\"noindex, nofollow\">Lista<\/a><\/div><div class=\"type\"><a href=\"?date=2026-4-13&t=week\" rel=\"noindex, nofollow\">Semana<\/a><\/div><div class=\"type\"><a href=\"?date=2026-4-15&t=day\" rel=\"noindex, nofollow\">D\u00eda<\/a><\/div><\/div><\/div><table class=\"ecwd_calendar_container mini cal_blue\" cellpadding=\"0\" cellspacing=\"0\" border=\"0\">                <tr><\/tr><tr><th class=\"normal-day-heading week-start\" data-date=\"\">Lu<\/th><th class=\"normal-day-heading\" data-date=\"\">Ma<\/th><th class=\"normal-day-heading\" data-date=\"\">Mi<\/th><th class=\"normal-day-heading\" data-date=\"\">Ju<\/th><th class=\"normal-day-heading\" data-date=\"\">Vi<\/th><th class=\"normal-day-heading\" data-date=\"\">Sa<\/th><th class=\"normal-day-heading\" data-date=\"\">Do<\/th><\/tr><tr><td class=\"day-without-date week-start no-events\" data-date=\"\">&nbsp;<\/td><td class=\"day-without-date no-events\" data-date=\"\">&nbsp;<\/td><td class=\"day-with-date no-events\" data-date=\"2026-4-1\">1<\/td><td class=\"day-with-date no-events\" data-date=\"2026-4-2\">2<\/td><td class=\"day-with-date no-events\" data-date=\"2026-4-3\">3<\/td><td class=\"day-with-date weekend no-events\" data-date=\"2026-4-4\">4<\/td><td class=\"day-with-date weekend no-events\" data-date=\"2026-4-5\">5<\/td><\/tr><tr><td class=\"day-with-date week-start no-events\" data-date=\"2026-4-6\">6<\/td><td class=\"day-with-date no-events\" data-date=\"2026-4-7\">7<\/td><td class=\"day-with-date no-events\" data-date=\"2026-4-8\">8<\/td><td class=\"day-with-date no-events\" data-date=\"2026-4-9\">9<\/td><td class=\"day-with-date no-events\" data-date=\"2026-4-10\">10<\/td><td class=\"day-with-date weekend no-events\" data-date=\"2026-4-11\">11<\/td><td class=\"day-with-date weekend no-events\" data-date=\"2026-4-12\">12<\/td><\/tr><tr><td class=\"day-with-date week-start no-events\" data-date=\"2026-4-13\">13<\/td><td class=\"day-with-date no-events\" data-date=\"2026-4-14\">14<\/td><td class=\"day-with-date current-day no-events\" data-date=\"2026-4-15\">15<\/td><td class=\"day-with-date no-events\" data-date=\"2026-4-16\">16<\/td><td class=\"day-with-date no-events\" data-date=\"2026-4-17\">17<\/td><td class=\"day-with-date weekend no-events\" data-date=\"2026-4-18\">18<\/td><td class=\"day-with-date weekend no-events\" data-date=\"2026-4-19\">19<\/td><\/tr><tr><td class=\"day-with-date week-start no-events\" data-date=\"2026-4-20\">20<\/td><td class=\"day-with-date no-events\" data-date=\"2026-4-21\">21<\/td><td class=\"day-with-date no-events\" data-date=\"2026-4-22\">22<\/td><td class=\"day-with-date no-events\" data-date=\"2026-4-23\">23<\/td><td class=\"day-with-date no-events\" data-date=\"2026-4-24\">24<\/td><td class=\"day-with-date weekend no-events\" data-date=\"2026-4-25\">25<\/td><td class=\"day-with-date weekend no-events\" data-date=\"2026-4-26\">26<\/td><\/tr><tr><td class=\"day-with-date week-start no-events\" data-date=\"2026-4-27\">27<\/td><td class=\"day-with-date no-events\" data-date=\"2026-4-28\">28<\/td><td class=\"day-with-date no-events\" data-date=\"2026-4-29\">29<\/td><td class=\"day-with-date no-events\" data-date=\"2026-4-30\">30<\/td><td class=\"day-without-date no-events\" data-date=\"\">&nbsp;<\/td><td class=\"day-without-date no-events\" data-date=\"\">&nbsp;<\/td><td class=\"day-without-date no-events\" data-date=\"\">&nbsp;<\/td><\/tr><\/table><\/div><div class=\"ecwd-events-day-details\"><\/div><input type=\"hidden\" class=\"event_search\" value=\"yes\"\/><input type=\"hidden\" class=\"ecwd_page_items\" value=\"5\"\/><div class=\"ecwd_loader\"><\/div><div class=\"single_event_popup\"><\/div><\/div><\/div><script id=\"ecwd_script_handler\" type=\"text\/javascript\">if(typeof ecwd_js_init_call==\"object\"){ecwd_js_init_call = new ecwd_js_init();}<\/script><\/div><!-- \/Widget Shortcode --><\/p>\n<\/div>\n<\/div>\n","protected":false},"excerpt":{"rendered":"<p class=\"excerpt\">Texto del \u00e1rea de juventud<\/p>\n","protected":false},"author":1,"featured_media":0,"parent":2935,"menu_order":6,"comment_status":"closed","ping_status":"closed","template":"","meta":{"footnotes":""},"class_list":["post-2954","page","type-page","status-publish","hentry"],"_links":{"self":[{"href":"https:\/\/www.comunidadcalatayud.com\/index.php\/wp-json\/wp\/v2\/pages\/2954","targetHints":{"allow":["GET"]}}],"collection":[{"href":"https:\/\/www.comunidadcalatayud.com\/index.php\/wp-json\/wp\/v2\/pages"}],"about":[{"href":"https:\/\/www.comunidadcalatayud.com\/index.php\/wp-json\/wp\/v2\/types\/page"}],"author":[{"embeddable":true,"href":"https:\/\/www.comunidadcalatayud.com\/index.php\/wp-json\/wp\/v2\/users\/1"}],"replies":[{"embeddable":true,"href":"https:\/\/www.comunidadcalatayud.com\/index.php\/wp-json\/wp\/v2\/comments?post=2954"}],"version-history":[{"count":6,"href":"https:\/\/www.comunidadcalatayud.com\/index.php\/wp-json\/wp\/v2\/pages\/2954\/revisions"}],"predecessor-version":[{"id":5952,"href":"https:\/\/www.comunidadcalatayud.com\/index.php\/wp-json\/wp\/v2\/pages\/2954\/revisions\/5952"}],"up":[{"embeddable":true,"href":"https:\/\/www.comunidadcalatayud.com\/index.php\/wp-json\/wp\/v2\/pages\/2935"}],"wp:attachment":[{"href":"https:\/\/www.comunidadcalatayud.com\/index.php\/wp-json\/wp\/v2\/media?parent=2954"}],"curies":[{"name":"wp","href":"https:\/\/api.w.org\/{rel}","templated":true}]}}