{"id":2948,"date":"2017-09-11T08:37:42","date_gmt":"2017-09-11T08:37:42","guid":{"rendered":"http:\/\/www.comunidadcalatayud.com\/?page_id=2948"},"modified":"2017-10-05T09:34:21","modified_gmt":"2017-10-05T09:34:21","slug":"medio-ambiente","status":"publish","type":"page","link":"https:\/\/www.comunidadcalatayud.com\/index.php\/areas\/medio-ambiente\/","title":{"rendered":"Medio Ambiente"},"content":{"rendered":"<div class=\"grid\">\n<article class=\"column span-9 enlaces\"><a href=\"http:\/\/www.comunidadcalatayud.com\/wp-content\/uploads\/2017\/09\/RecogidaResiduos.jpg\"><img loading=\"lazy\" decoding=\"async\" class=\"alignright wp-image-5404\" src=\"http:\/\/www.comunidadcalatayud.com\/wp-content\/uploads\/2017\/09\/RecogidaResiduos-403x1024.jpg\" alt=\"Recogida de Residuos\" width=\"238\" height=\"605\" srcset=\"https:\/\/www.comunidadcalatayud.com\/wp-content\/uploads\/2017\/09\/RecogidaResiduos-403x1024.jpg 403w, https:\/\/www.comunidadcalatayud.com\/wp-content\/uploads\/2017\/09\/RecogidaResiduos-118x300.jpg 118w, https:\/\/www.comunidadcalatayud.com\/wp-content\/uploads\/2017\/09\/RecogidaResiduos.jpg 600w\" sizes=\"auto, (max-width: 238px) 100vw, 238px\" \/><\/a>Desde la Comisi\u00f3n de Medio Ambiente, Agricultura y Ganader\u00eda de la Comarca de la Comunidad de Calatayud se realizan distintas actuaciones en relaci\u00f3n con las competencias asumidas desde su constituci\u00f3n en 2001. En la gesti\u00f3n de residuos generados en nuestra Comarca, esta instituci\u00f3n tiene un papel clave en la recogida selectiva de:<\/p>\n<ul>\n<li>Papel \u2013 cart\u00f3n<\/li>\n<li>Envases ligeros<\/li>\n<li>Voluminosos<\/li>\n<li>Vidrio<\/li>\n<li>Aceite dom\u00e9stico usado<\/li>\n<\/ul>\n<p>Para ello se dispone de distintos contratos con empresas.<\/p>\n<ul class=\"accordion-list\">\n<li class=\"accordion\"><a class=\"accordion-button\" href=\"http:\/\/www.comunidadcalatayud.com\/index.php\/areas\/medio-ambiente\/recogida-selectiva-de-papel-carton\/\">Recogida Selectiva de Papel \u2013 Cart\u00f3n<\/a><\/li>\n<li class=\"accordion\"><a class=\"accordion-button\" href=\"http:\/\/www.comunidadcalatayud.com\/index.php\/areas\/medio-ambiente\/recogida-selectiva-de-envases-ligeros\/\">Recogida Selectiva de Envases Ligeros<\/a><\/li>\n<li class=\"accordion\"><a class=\"accordion-button\" href=\"http:\/\/www.comunidadcalatayud.com\/index.php\/areas\/medio-ambiente\/puntos-limpios-fijo-y-movil\/\">Puntos Limpios Fijo y M\u00f3vil<\/a><\/li>\n<li class=\"accordion\"><a class=\"accordion-button\" href=\"http:\/\/www.comunidadcalatayud.com\/index.php\/areas\/medio-ambiente\/recogida-de-voluminosos\/\">Recogida de Voluminosos<\/a><\/li>\n<li class=\"accordion\"><a class=\"accordion-button\" href=\"http:\/\/www.comunidadcalatayud.com\/index.php\/areas\/medio-ambiente\/recogida-de-aceites-domesticos\/\">Recogida de Aceites dom\u00e9sticos<\/a><\/li>\n<li class=\"accordion\"><a class=\"accordion-button\" href=\"http:\/\/www.comunidadcalatayud.com\/index.php\/areas\/medio-ambiente\/recogida-de-vidrio\/\">Recogida de Vidrio<\/a><\/li>\n<\/ul>\n<!-- Widget Shortcode -->\t\t\t\t\t\t<div id=\"layers-widget-ourblog-20\" class=\"widget content-vertical-massive clearfix   \">\n\n\t\t\t\t\n\t\t\t\t\t\t\t\t\t<div class=\"container clearfix\">\n\t\t\t\t\t\t\t\t\t\t\t\t<div class=\"section-title clearfix section-title-wrapper medium text-center \">\n\t\t\t\t\t\t\n\t\t\t\t\t\t\t\t\t\t\t\t\t\t\t<h3 class=\"hadding\">\n\t\t\t\t\t\t\t\t\t\u00daltimas noticias de Medio Ambiente\t\t\t\t\t\t\t\t<\/h3>\n\t\t\t\t\t\t\t\t\t\t\t\t\t\t\t\t\t\t\t\t\t\t<p>Conoce las \u00faltimas noticias de este \u00e1rea<\/p>\t\t\t\t\t\t\t\t\t\t\t\t\t<\/div>\n\t\t\t\t\t<\/div>\n\t\t\t\t\t\t\t\t\t\t\t\t\t<div class=\"container\">\n\t\t\t\t\t\n\t\t\t\t\t\t\t\t\t\t\t\t\t\t\t\t\t\t\t\t\t<div class=\"grid blog-style-three bfs\">\n\t\t\t\t\t\t\t\t\t\t<div class=\"blog-carousel carousel-style-one\">\n\t\t\t\t\t\t\t\t \t\t\t\t\t\t\t\t\t\t\n\t\t\t\t\t\t\t\t\n\t\t\t\t\t\t\t\t\t\t\t\n\t\t\t\t\t\t\t\t\t\t\t\t\t\t\t\t\n\t\t\t\t\t\t\t\t\t<div class=\"single-blog-pading column span-3 \" data-cols=\"4\">\t\t\n\t\t\t\t\t\t\t\t\t\t<div class=\"single-blog-item text-center border overlay-hover\">\n\t\t\t\t\t\t\t\t\t\t\t\t\t\t\t\t\t\t\t\t\t<div class=\"single-blog-image\">\n\t\t\t\t\t\t\t\t\t\t\t\t<div class=\"overlay-effect\">\n\t\t\t\t\t\t\t\t\t\t\t\t\t\t\t\t\t\t\t\t\t\t\t\t\t\t\t\t<a href=\"https:\/\/www.comunidadcalatayud.com\/index.php\/2024\/02\/06\/calendario-anual-recogida-voluminosos\/\" title=\"Calendario Anual recogida voluminosos\">\n\t\t\t\t\t\t\t\t\t\t\t\t\t\t\t<img loading=\"lazy\" decoding=\"async\" width=\"376\" height=\"252\" src=\"https:\/\/www.comunidadcalatayud.com\/wp-content\/uploads\/2024\/02\/recogida-voluminosos-web-376x252.jpg\" class=\"attachment-hexapro_blog_widget_image size-hexapro_blog_widget_image wp-post-image\" alt=\"\" srcset=\"https:\/\/www.comunidadcalatayud.com\/wp-content\/uploads\/2024\/02\/recogida-voluminosos-web-376x252.jpg 376w, https:\/\/www.comunidadcalatayud.com\/wp-content\/uploads\/2024\/02\/recogida-voluminosos-web-110x73.jpg 110w\" sizes=\"auto, (max-width: 376px) 100vw, 376px\" \/>\t\t\t\t\t\t\t\t\t\t\t\t\t\t\t\t\n\t\t\t\t\t\t\t\t\t\t\t\t\t\t\t\n\t\t\t\t\t\t\t\t\t\t\t\t\t\t\t<\/a>\n\t\t\t\t\t\t\t\t\t\t\t\t\t\t\n\t\t\t\t\t\t\t\t\t\t\t\t<\/div>\n\t\t\t\t\t\t\t\t\t\t\t<\/div>\n\t\t\t\t\t\t\t\t\t\t\t\t\t\t\t\t\t\t\t\t\t\n\t\t\t\t\t\t\t\t\t\t\t\t\t\t\t\t\t\t\t\t\t\t<div class=\"single-blog-text wb\">\n\t\t\t\t\t\t\t\t\t\t\t\t \t\t\t\t\t\t\t\t\t\t\t\t\t\t<h4><a href=\"https:\/\/www.comunidadcalatayud.com\/index.php\/2024\/02\/06\/calendario-anual-recogida-voluminosos\/\">Calendario Anual recogida voluminosos<\/a><\/h4>\n\t\t\t\t\t\t\t\t\t\t\t\t\t\t\t\t\t\t\t\t\t\t\t\t<p>\n\t\t\t\t\t\t\t\t\t\t\t\t\tSe ha actualizado el calendario anual de recogida de voluminosos en los distintos municipios de la Comarca Comunidad de Calatayud. Toda la informaci\u00f3n sobre los residuos que se recogen a trav\u00e9s de e&#8230;\t\n\t\t\t\t\t\t\t\t\t\t\t\t<\/p>\n\t\t\t\t\t\t\t\t\t\t\t\t<a href=\"https:\/\/www.comunidadcalatayud.com\/index.php\/2024\/02\/06\/calendario-anual-recogida-voluminosos\/\">Read more.<\/a>\n\t\t\t\t\t\t\t\t\t\t\t<\/div>\n\t\t\t\t\t\t\t\t\t\t\t\t\n\t\t\t\t\t\t\t\t\t\t<\/div>\n\t\t\t\t\t\t\t\t\t<\/div>\t\t\t\n\t\t\t\t\t\t\t\t\t\t\t\n\t\t\t\t\t\t\t\t\t\t\t\n\t\t\t\t\t\t\t\t\t\t\t\t\t\t\t\t\n\t\t\t\t\t\t\t\t\t<div class=\"single-blog-pading column span-3 \" data-cols=\"4\">\t\t\n\t\t\t\t\t\t\t\t\t\t<div class=\"single-blog-item text-center border overlay-hover\">\n\t\t\t\t\t\t\t\t\t\t\t\t\t\t\t\t\t\t\t\t\t<div class=\"single-blog-image\">\n\t\t\t\t\t\t\t\t\t\t\t\t<div class=\"overlay-effect\">\n\t\t\t\t\t\t\t\t\t\t\t\t\t\t\t\t\t\t\t\t\t\t\t\t\t\t\t\t<a href=\"https:\/\/www.comunidadcalatayud.com\/index.php\/2023\/03\/21\/proyecto-jalon-jalon-aporta-un-nuevo-enfoque-para-facilitar-la-creacion-y-el-desarrollo-de-proyectos-comunitarios-de-energia-liderados-por-ciudadanos-en-toda-europa\/\" title=\"PROYECTO JALON PRETENDE FACILITAR LOS PROYECTOS COMUNITARIOS DE ENERGIA\">\n\t\t\t\t\t\t\t\t\t\t\t\t\t\t\t<img loading=\"lazy\" decoding=\"async\" width=\"376\" height=\"252\" src=\"https:\/\/www.comunidadcalatayud.com\/wp-content\/uploads\/2023\/02\/life-logo-376x252.jpg\" class=\"attachment-hexapro_blog_widget_image size-hexapro_blog_widget_image wp-post-image\" alt=\"\" srcset=\"https:\/\/www.comunidadcalatayud.com\/wp-content\/uploads\/2023\/02\/life-logo-376x252.jpg 376w, https:\/\/www.comunidadcalatayud.com\/wp-content\/uploads\/2023\/02\/life-logo-110x73.jpg 110w\" sizes=\"auto, (max-width: 376px) 100vw, 376px\" \/>\t\t\t\t\t\t\t\t\t\t\t\t\t\t\t\t\n\t\t\t\t\t\t\t\t\t\t\t\t\t\t\t\n\t\t\t\t\t\t\t\t\t\t\t\t\t\t\t<\/a>\n\t\t\t\t\t\t\t\t\t\t\t\t\t\t\n\t\t\t\t\t\t\t\t\t\t\t\t<\/div>\n\t\t\t\t\t\t\t\t\t\t\t<\/div>\n\t\t\t\t\t\t\t\t\t\t\t\t\t\t\t\t\t\t\t\t\t\n\t\t\t\t\t\t\t\t\t\t\t\t\t\t\t\t\t\t\t\t\t\t<div class=\"single-blog-text wb\">\n\t\t\t\t\t\t\t\t\t\t\t\t \t\t\t\t\t\t\t\t\t\t\t\t\t\t<h4><a href=\"https:\/\/www.comunidadcalatayud.com\/index.php\/2023\/03\/21\/proyecto-jalon-jalon-aporta-un-nuevo-enfoque-para-facilitar-la-creacion-y-el-desarrollo-de-proyectos-comunitarios-de-energia-liderados-por-ciudadanos-en-toda-europa\/\">PROYECTO JALON PRETENDE FACILITAR LOS PROYECTOS COMUNITARIOS DE ENERGIA<\/a><\/h4>\n\t\t\t\t\t\t\t\t\t\t\t\t\t\t\t\t\t\t\t\t\t\t\t\t<p>\n\t\t\t\t\t\t\t\t\t\t\t\t\tDuraci\u00f3n del proyecto: Octubre 2022 &#8211; Octubre 2025 Estado del proyecto: En progreso Financiaci\u00f3n: 2021 \u2013 2027 (Life+ \/ financiaci\u00f3n de la UE) &nbsp; JALON aporta un nuevo enfoque para facil&#8230;\t\n\t\t\t\t\t\t\t\t\t\t\t\t<\/p>\n\t\t\t\t\t\t\t\t\t\t\t\t<a href=\"https:\/\/www.comunidadcalatayud.com\/index.php\/2023\/03\/21\/proyecto-jalon-jalon-aporta-un-nuevo-enfoque-para-facilitar-la-creacion-y-el-desarrollo-de-proyectos-comunitarios-de-energia-liderados-por-ciudadanos-en-toda-europa\/\">Read more.<\/a>\n\t\t\t\t\t\t\t\t\t\t\t<\/div>\n\t\t\t\t\t\t\t\t\t\t\t\t\n\t\t\t\t\t\t\t\t\t\t<\/div>\n\t\t\t\t\t\t\t\t\t<\/div>\t\t\t\n\t\t\t\t\t\t\t\t\t\t\t\n\t\t\t\t\t\t\t\t\t\t\t\n\t\t\t\t\t\t\t\t\t\t\t\t\t\t\t\t\n\t\t\t\t\t\t\t\t\t<div class=\"single-blog-pading column span-3 \" data-cols=\"4\">\t\t\n\t\t\t\t\t\t\t\t\t\t<div class=\"single-blog-item text-center border overlay-hover\">\n\t\t\t\t\t\t\t\t\t\t\t\t\t\t\t\t\t\t\t\t\t<div class=\"single-blog-image\">\n\t\t\t\t\t\t\t\t\t\t\t\t<div class=\"overlay-effect\">\n\t\t\t\t\t\t\t\t\t\t\t\t\t\t\t\t\t\t\t\t\t\t\t\t\t\t\t\t<a href=\"https:\/\/www.comunidadcalatayud.com\/index.php\/2019\/09\/16\/anuncio-licitacion\/\" title=\"Anuncio Licitaci\u00f3n\">\n\t\t\t\t\t\t\t\t\t\t\t\t\t\t\t<img loading=\"lazy\" decoding=\"async\" width=\"376\" height=\"252\" src=\"https:\/\/www.comunidadcalatayud.com\/wp-content\/uploads\/2017\/12\/logo-para-web-376x252.jpg\" class=\"attachment-hexapro_blog_widget_image size-hexapro_blog_widget_image wp-post-image\" alt=\"\" srcset=\"https:\/\/www.comunidadcalatayud.com\/wp-content\/uploads\/2017\/12\/logo-para-web-376x252.jpg 376w, https:\/\/www.comunidadcalatayud.com\/wp-content\/uploads\/2017\/12\/logo-para-web-300x200.jpg 300w, https:\/\/www.comunidadcalatayud.com\/wp-content\/uploads\/2017\/12\/logo-para-web-600x400.jpg 600w, https:\/\/www.comunidadcalatayud.com\/wp-content\/uploads\/2017\/12\/logo-para-web-110x73.jpg 110w, https:\/\/www.comunidadcalatayud.com\/wp-content\/uploads\/2017\/12\/logo-para-web-e1513449705513.jpg 400w\" sizes=\"auto, (max-width: 376px) 100vw, 376px\" \/>\t\t\t\t\t\t\t\t\t\t\t\t\t\t\t\t\n\t\t\t\t\t\t\t\t\t\t\t\t\t\t\t\n\t\t\t\t\t\t\t\t\t\t\t\t\t\t\t<\/a>\n\t\t\t\t\t\t\t\t\t\t\t\t\t\t\n\t\t\t\t\t\t\t\t\t\t\t\t<\/div>\n\t\t\t\t\t\t\t\t\t\t\t<\/div>\n\t\t\t\t\t\t\t\t\t\t\t\t\t\t\t\t\t\t\t\t\t\n\t\t\t\t\t\t\t\t\t\t\t\t\t\t\t\t\t\t\t\t\t\t<div class=\"single-blog-text wb\">\n\t\t\t\t\t\t\t\t\t\t\t\t \t\t\t\t\t\t\t\t\t\t\t\t\t\t<h4><a href=\"https:\/\/www.comunidadcalatayud.com\/index.php\/2019\/09\/16\/anuncio-licitacion\/\">Anuncio Licitaci\u00f3n<\/a><\/h4>\n\t\t\t\t\t\t\t\t\t\t\t\t\t\t\t\t\t\t\t\t\t\t\t\t<p>\n\t\t\t\t\t\t\t\t\t\t\t\t\tObjeto del contrato: Contrato Administrativo del servicio y mantenimiento del punto limpio , Punto Limpio M\u00f3vil y servicio de recogida de voluminosos en la comarca de Calatayud Presupuesto base de li&#8230;\t\n\t\t\t\t\t\t\t\t\t\t\t\t<\/p>\n\t\t\t\t\t\t\t\t\t\t\t\t<a href=\"https:\/\/www.comunidadcalatayud.com\/index.php\/2019\/09\/16\/anuncio-licitacion\/\">Read more.<\/a>\n\t\t\t\t\t\t\t\t\t\t\t<\/div>\n\t\t\t\t\t\t\t\t\t\t\t\t\n\t\t\t\t\t\t\t\t\t\t<\/div>\n\t\t\t\t\t\t\t\t\t<\/div>\t\t\t\n\t\t\t\t\t\t\t\t\t\t\t\n\t\t\t\t\t\t\t\t\t\t\t\n\t\t\t\t\t\t\t\t\t\t\t\t\t\t\t\t\n\t\t\t\t\t\t\t\t\t<div class=\"single-blog-pading column span-3 \" data-cols=\"4\">\t\t\n\t\t\t\t\t\t\t\t\t\t<div class=\"single-blog-item text-center border overlay-hover\">\n\t\t\t\t\t\t\t\t\t\t\t\t\t\t\t\t\t\t\t\t\n\t\t\t\t\t\t\t\t\t\t\t\t\t\t\t\t\t\t\t\t\t\t\n\t\t\t\t\t\t\t\t\t\t\t\t\t\t\t\t\t\t\t\t\t\t\n\t\t\t\t\t\t\t\t\t\t\t\t\t\t\t\t\t\t\t\t\t\t<div class=\"single-blog-text wb\">\n\t\t\t\t\t\t\t\t\t\t\t\t \t\t\t\t\t\t\t\t\t\t\t\t\t\t<h4><a href=\"https:\/\/www.comunidadcalatayud.com\/index.php\/2017\/09\/13\/medio-ambiente\/\">Medio Ambiente<\/a><\/h4>\n\t\t\t\t\t\t\t\t\t\t\t\t\t\t\t\t\t\t\t\t\t\t\t\t<p>\n\t\t\t\t\t\t\t\t\t\t\t\t\tEn este apartado se publicar\u00e1n las futuras noticias del \u00c1rea de Medio Ambiente.\t\n\t\t\t\t\t\t\t\t\t\t\t\t<\/p>\n\t\t\t\t\t\t\t\t\t\t\t\t<a href=\"https:\/\/www.comunidadcalatayud.com\/index.php\/2017\/09\/13\/medio-ambiente\/\">Read more.<\/a>\n\t\t\t\t\t\t\t\t\t\t\t<\/div>\n\t\t\t\t\t\t\t\t\t\t\t\t\n\t\t\t\t\t\t\t\t\t\t<\/div>\n\t\t\t\t\t\t\t\t\t<\/div>\t\t\t\n\t\t\t\t\t\t\t\t\t\t\t\n\t\t\t\t\t\t\t\t\t\t\t\t\t\t\t<\/div><!-- \/carsol -->\n\t\t\t\t\t\t<\/div><!-- \/row -->\t\t\t\t\t\t\n\t\t\t\t\t\t\t\t\t\t\t\t\n\t\t\t\t\t<\/div>\n\t\t\t\t\t\t\t\t\t\t\t\t<style id=\"layers_widget_ourblog_inline_css\" type=\"text\/css\"> \/* INLINE WIDGET CSS *\/\n\t\t\t\t#layers-widget-ourblog-20 { background-repeat: no-repeat;background-position: center;}\n\t\t\t\t<\/style>\t\t\t<\/div>\n\n\t\t\t<!-- \/Widget Shortcode -->\n<\/article>\n<div class=\"column span-3 pull-right sidebar\">\n<p><!-- Widget Shortcode --><div id=\"nav_menu-4\" class=\"widget widget_nav_menu widget-shortcode area-otw-sidebar-3 \"><h2 class=\"widgettitle\">\u00c1reas<\/h2><div class=\"menu-areas-container\"><ul id=\"menu-areas\" class=\"menu\"><li id=\"menu-item-2987\" class=\"menu-item menu-item-type-post_type menu-item-object-page menu-item-2987\"><a href=\"https:\/\/www.comunidadcalatayud.com\/index.php\/areas\/accion-social\/\">Acci\u00f3n Social<\/a><\/li>\n<li id=\"menu-item-2986\" class=\"menu-item menu-item-type-post_type menu-item-object-page menu-item-2986\"><a href=\"https:\/\/www.comunidadcalatayud.com\/index.php\/areas\/cultura\/\">Cultura<\/a><\/li>\n<li id=\"menu-item-2985\" class=\"menu-item menu-item-type-post_type menu-item-object-page menu-item-2985\"><a href=\"https:\/\/www.comunidadcalatayud.com\/index.php\/areas\/deportes\/\">Deportes<\/a><\/li>\n<li id=\"menu-item-2984\" class=\"menu-item menu-item-type-post_type menu-item-object-page menu-item-2984\"><a href=\"https:\/\/www.comunidadcalatayud.com\/index.php\/areas\/medio-ambiente\/\">Medio Ambiente<\/a><\/li>\n<li id=\"menu-item-2983\" class=\"menu-item menu-item-type-post_type menu-item-object-page menu-item-2983\"><a href=\"https:\/\/www.comunidadcalatayud.com\/index.php\/areas\/proteccion-civil\/\">Protecci\u00f3n Civil<\/a><\/li>\n<li id=\"menu-item-2982\" class=\"menu-item menu-item-type-post_type menu-item-object-page menu-item-2982\"><a href=\"https:\/\/www.comunidadcalatayud.com\/index.php\/areas\/turismo\/\">Turismo<\/a><\/li>\n<li id=\"menu-item-2981\" class=\"menu-item menu-item-type-post_type menu-item-object-page menu-item-2981\"><a href=\"https:\/\/www.comunidadcalatayud.com\/index.php\/areas\/juventud\/\">Juventud<\/a><\/li>\n<\/ul><\/div><\/div><!-- \/Widget Shortcode --><br \/>\n<!-- Widget Shortcode --><div id=\"ecwd_widget-10\" class=\"widget widget_ecwd_widget widget-shortcode area-otw-sidebar-7 \"><h2 class=\"widgettitle\">Eventos de Medio Ambiente<\/h2><div class=\"ecwd_3189 ecwd_theme_calendar_grey calendar_widget_content calendar_main\"><div class=\"ecwd-widget-mini ecwd_calendar\"><div data-id=\"3189\" data-type=\"widget\" class=\"ecwd-widget-3189\"><div class=\"calendar-head ecwd_calendar_prev_next\"><div class=\"previous\"><a href=\"?date=2026-3&t=mini\" rel=\"noindex, nofollow\"><span><<\/span><\/a><\/div><div class=\"current-month\"><a href=\"?date=2025-4-16&t=mini\" rel=\"noindex, nofollow\"><<\/a>&nbsp;2026&nbsp;<a href=\"?date=2027-4-16&t=mini\" rel=\"noindex, nofollow\">><\/a><div>Abril<\/div><\/div><div class=\"next\"><a href=\"?date=2026-5-15&t=mini\" rel=\"noindex, nofollow\"><span>><\/span><\/a><\/div><input type=\"hidden\" class=\"ecwd_current_link\" value=\"?date=2026-4-16&t=mini\" \/><\/div> <div class=\"ecwd_calendar_view_dropdown cal_tabs_blue\" ><a class=\"ecwd-dropdown-toggle\" data-toggle=\"ecwd-dropdown\">Mes<\/a><div class=\"ecwd-dropdown-menu\"><div class=\"type\"><a href=\"?date=2026-4-16&t=mini\" rel=\"noindex, nofollow\">Mes<\/a><\/div><div class=\"type\"><a href=\"?date=2026-4-16&t=list\" rel=\"noindex, nofollow\">Lista<\/a><\/div><div class=\"type\"><a href=\"?date=2026-4-13&t=week\" rel=\"noindex, nofollow\">Semana<\/a><\/div><div class=\"type\"><a href=\"?date=2026-4-16&t=day\" rel=\"noindex, nofollow\">D\u00eda<\/a><\/div><\/div><\/div><table class=\"ecwd_calendar_container mini cal_blue\" cellpadding=\"0\" cellspacing=\"0\" border=\"0\">                <tr><\/tr><tr><th class=\"normal-day-heading week-start\" data-date=\"\">Lu<\/th><th class=\"normal-day-heading\" data-date=\"\">Ma<\/th><th class=\"normal-day-heading\" data-date=\"\">Mi<\/th><th class=\"normal-day-heading\" data-date=\"\">Ju<\/th><th class=\"normal-day-heading\" data-date=\"\">Vi<\/th><th class=\"normal-day-heading\" data-date=\"\">Sa<\/th><th class=\"normal-day-heading\" data-date=\"\">Do<\/th><\/tr><tr><td class=\"day-without-date week-start no-events\" data-date=\"\">&nbsp;<\/td><td class=\"day-without-date no-events\" data-date=\"\">&nbsp;<\/td><td class=\"day-with-date no-events\" data-date=\"2026-4-1\">1<\/td><td class=\"day-with-date no-events\" data-date=\"2026-4-2\">2<\/td><td class=\"day-with-date no-events\" data-date=\"2026-4-3\">3<\/td><td class=\"day-with-date weekend no-events\" data-date=\"2026-4-4\">4<\/td><td class=\"day-with-date weekend no-events\" data-date=\"2026-4-5\">5<\/td><\/tr><tr><td class=\"day-with-date week-start no-events\" data-date=\"2026-4-6\">6<\/td><td class=\"day-with-date no-events\" data-date=\"2026-4-7\">7<\/td><td class=\"day-with-date no-events\" data-date=\"2026-4-8\">8<\/td><td class=\"day-with-date no-events\" data-date=\"2026-4-9\">9<\/td><td class=\"day-with-date no-events\" data-date=\"2026-4-10\">10<\/td><td class=\"day-with-date weekend no-events\" data-date=\"2026-4-11\">11<\/td><td class=\"day-with-date weekend no-events\" data-date=\"2026-4-12\">12<\/td><\/tr><tr><td class=\"day-with-date week-start no-events\" data-date=\"2026-4-13\">13<\/td><td class=\"day-with-date no-events\" data-date=\"2026-4-14\">14<\/td><td class=\"day-with-date no-events\" data-date=\"2026-4-15\">15<\/td><td class=\"day-with-date current-day no-events\" data-date=\"2026-4-16\">16<\/td><td class=\"day-with-date no-events\" data-date=\"2026-4-17\">17<\/td><td class=\"day-with-date weekend no-events\" data-date=\"2026-4-18\">18<\/td><td class=\"day-with-date weekend no-events\" data-date=\"2026-4-19\">19<\/td><\/tr><tr><td class=\"day-with-date week-start no-events\" data-date=\"2026-4-20\">20<\/td><td class=\"day-with-date no-events\" data-date=\"2026-4-21\">21<\/td><td class=\"day-with-date no-events\" data-date=\"2026-4-22\">22<\/td><td class=\"day-with-date no-events\" data-date=\"2026-4-23\">23<\/td><td class=\"day-with-date no-events\" data-date=\"2026-4-24\">24<\/td><td class=\"day-with-date weekend no-events\" data-date=\"2026-4-25\">25<\/td><td class=\"day-with-date weekend no-events\" data-date=\"2026-4-26\">26<\/td><\/tr><tr><td class=\"day-with-date week-start no-events\" data-date=\"2026-4-27\">27<\/td><td class=\"day-with-date no-events\" data-date=\"2026-4-28\">28<\/td><td class=\"day-with-date no-events\" data-date=\"2026-4-29\">29<\/td><td class=\"day-with-date no-events\" data-date=\"2026-4-30\">30<\/td><td class=\"day-without-date no-events\" data-date=\"\">&nbsp;<\/td><td class=\"day-without-date no-events\" data-date=\"\">&nbsp;<\/td><td class=\"day-without-date no-events\" data-date=\"\">&nbsp;<\/td><\/tr><\/table><\/div><div class=\"ecwd-events-day-details\"><\/div><input type=\"hidden\" class=\"event_search\" value=\"yes\"\/><input type=\"hidden\" class=\"ecwd_page_items\" value=\"5\"\/><div class=\"ecwd_loader\"><\/div><div class=\"single_event_popup\"><\/div><\/div><\/div><script id=\"ecwd_script_handler\" type=\"text\/javascript\">if(typeof ecwd_js_init_call==\"object\"){ecwd_js_init_call = new ecwd_js_init();}<\/script><\/div><!-- \/Widget Shortcode --><\/p>\n<\/div>\n<\/div>\n","protected":false},"excerpt":{"rendered":"<p class=\"excerpt\">Desde la Comisi\u00f3n de Medio Ambiente, Agricultura y Ganader\u00eda de la Comarca de la Comunidad de Calatayud se realizan distintas actuaciones en relaci\u00f3n con las competencias asumidas desde su constituci\u00f3n en 2001. En la gesti\u00f3n de residuos generados en nuestra Comarca, esta instituci\u00f3n tiene un papel clave en la recogida selectiva de: Papel \u2013 cart\u00f3n [&hellip;]<\/p>\n","protected":false},"author":1,"featured_media":0,"parent":2935,"menu_order":3,"comment_status":"closed","ping_status":"closed","template":"","meta":{"footnotes":""},"class_list":["post-2948","page","type-page","status-publish","hentry"],"_links":{"self":[{"href":"https:\/\/www.comunidadcalatayud.com\/index.php\/wp-json\/wp\/v2\/pages\/2948","targetHints":{"allow":["GET"]}}],"collection":[{"href":"https:\/\/www.comunidadcalatayud.com\/index.php\/wp-json\/wp\/v2\/pages"}],"about":[{"href":"https:\/\/www.comunidadcalatayud.com\/index.php\/wp-json\/wp\/v2\/types\/page"}],"author":[{"embeddable":true,"href":"https:\/\/www.comunidadcalatayud.com\/index.php\/wp-json\/wp\/v2\/users\/1"}],"replies":[{"embeddable":true,"href":"https:\/\/www.comunidadcalatayud.com\/index.php\/wp-json\/wp\/v2\/comments?post=2948"}],"version-history":[{"count":25,"href":"https:\/\/www.comunidadcalatayud.com\/index.php\/wp-json\/wp\/v2\/pages\/2948\/revisions"}],"predecessor-version":[{"id":6861,"href":"https:\/\/www.comunidadcalatayud.com\/index.php\/wp-json\/wp\/v2\/pages\/2948\/revisions\/6861"}],"up":[{"embeddable":true,"href":"https:\/\/www.comunidadcalatayud.com\/index.php\/wp-json\/wp\/v2\/pages\/2935"}],"wp:attachment":[{"href":"https:\/\/www.comunidadcalatayud.com\/index.php\/wp-json\/wp\/v2\/media?parent=2948"}],"curies":[{"name":"wp","href":"https:\/\/api.w.org\/{rel}","templated":true}]}}