{"id":2879,"date":"2017-09-07T10:58:20","date_gmt":"2017-09-07T10:58:20","guid":{"rendered":"http:\/\/www.comunidadcalatayud.com\/?page_id=2879"},"modified":"2025-07-21T06:39:35","modified_gmt":"2025-07-21T06:39:35","slug":"municipios","status":"publish","type":"page","link":"https:\/\/www.comunidadcalatayud.com\/index.php\/municipios\/","title":{"rendered":"Municipios"},"content":{"rendered":"<p>Municipios<br \/>\n\t\t\t\t\t\t\t\t\t\t\t\t\t\t\t\t\t\t\t\t\t\tLa Comarca de Calatayud la componen en total 67 municipios.\t\t\t\t\t\t\t\t\t\t\t\t\t<\/p>\n<p><a href=\"https:\/\/www.comunidadcalatayud.com\/index.php\/2017\/09\/07\/abanto\/\"><br \/>\n\t\t\t\t\t\t\t\t\t\t\t\t\t\t\t<img loading=\"lazy\" decoding=\"async\" width=\"376\" height=\"252\" src=\"https:\/\/www.comunidadcalatayud.com\/wp-content\/uploads\/2017\/09\/Abanto-376x252.jpg\" \/>\t\t\t\t\t\t\t\t\t\t\t\t\t\t\t\t<\/p>\n<p><\/a><\/p>\n<p><a href=\"https:\/\/www.comunidadcalatayud.com\/index.php\/2017\/09\/07\/abanto\/\">Abanto<\/a><\/p>\n<p><a href=\"https:\/\/www.comunidadcalatayud.com\/index.php\/2017\/09\/07\/abanto\/\">Leer m\u00e1s<\/a><\/p>\n<p><a href=\"https:\/\/www.comunidadcalatayud.com\/index.php\/2017\/09\/19\/alarba\/\"><br \/>\n\t\t\t\t\t\t\t\t\t\t\t\t\t\t\t<img loading=\"lazy\" decoding=\"async\" width=\"376\" height=\"252\" src=\"https:\/\/www.comunidadcalatayud.com\/wp-content\/uploads\/2017\/09\/Alarba--376x252.jpg\" \/>\t\t\t\t\t\t\t\t\t\t\t\t\t\t\t\t<\/p>\n<p><\/a><\/p>\n<p><a href=\"https:\/\/www.comunidadcalatayud.com\/index.php\/2017\/09\/19\/alarba\/\">Alarba<\/a><\/p>\n<p><a href=\"https:\/\/www.comunidadcalatayud.com\/index.php\/2017\/09\/19\/alarba\/\">Leer m\u00e1s<\/a><\/p>\n<p><a href=\"https:\/\/www.comunidadcalatayud.com\/index.php\/2017\/10\/04\/alconchel-de-ariza\/\"><br \/>\n\t\t\t\t\t\t\t\t\t\t\t\t\t\t\t<img loading=\"lazy\" decoding=\"async\" width=\"376\" height=\"252\" src=\"https:\/\/www.comunidadcalatayud.com\/wp-content\/uploads\/2017\/10\/Alconchel-376x252.jpg\" \/>\t\t\t\t\t\t\t\t\t\t\t\t\t\t\t\t<\/p>\n<p><\/a><\/p>\n<p><a href=\"https:\/\/www.comunidadcalatayud.com\/index.php\/2017\/10\/04\/alconchel-de-ariza\/\">Alconchel de Ariza<\/a><\/p>\n<p><a href=\"https:\/\/www.comunidadcalatayud.com\/index.php\/2017\/10\/04\/alconchel-de-ariza\/\">Leer m\u00e1s<\/a><\/p>\n<p><a href=\"https:\/\/www.comunidadcalatayud.com\/index.php\/2017\/10\/04\/alhama-de-aragon\/\"><br \/>\n\t\t\t\t\t\t\t\t\t\t\t\t\t\t\t<img loading=\"lazy\" decoding=\"async\" width=\"376\" height=\"252\" src=\"https:\/\/www.comunidadcalatayud.com\/wp-content\/uploads\/2017\/10\/AlhamaAragon-376x252.jpg\" \/>\t\t\t\t\t\t\t\t\t\t\t\t\t\t\t\t<\/p>\n<p><\/a><\/p>\n<p><a href=\"https:\/\/www.comunidadcalatayud.com\/index.php\/2017\/10\/04\/alhama-de-aragon\/\">Alhama de Arag\u00f3n<\/a><\/p>\n<p><a href=\"https:\/\/www.comunidadcalatayud.com\/index.php\/2017\/10\/04\/alhama-de-aragon\/\">Leer m\u00e1s<\/a><\/p>\n<p><a href=\"https:\/\/www.comunidadcalatayud.com\/index.php\/2017\/10\/04\/aninon\/\"><br \/>\n\t\t\t\t\t\t\t\t\t\t\t\t\t\t\t<img loading=\"lazy\" decoding=\"async\" width=\"376\" height=\"252\" src=\"https:\/\/www.comunidadcalatayud.com\/wp-content\/uploads\/2017\/10\/Aninon-376x252.jpg\" \/>\t\t\t\t\t\t\t\t\t\t\t\t\t\t\t\t<\/p>\n<p><\/a><\/p>\n<p><a href=\"https:\/\/www.comunidadcalatayud.com\/index.php\/2017\/10\/04\/aninon\/\">Ani\u00f1\u00f3n<\/a><\/p>\n<p><a href=\"https:\/\/www.comunidadcalatayud.com\/index.php\/2017\/10\/04\/aninon\/\">Leer m\u00e1s<\/a><\/p>\n<p><a href=\"https:\/\/www.comunidadcalatayud.com\/index.php\/2017\/10\/04\/arandiga\/\"><br \/>\n\t\t\t\t\t\t\t\t\t\t\t\t\t\t\t<img loading=\"lazy\" decoding=\"async\" width=\"376\" height=\"252\" src=\"https:\/\/www.comunidadcalatayud.com\/wp-content\/uploads\/2017\/10\/Arandiga-376x252.jpg\" \/>\t\t\t\t\t\t\t\t\t\t\t\t\t\t\t\t<\/p>\n<p><\/a><\/p>\n<p><a href=\"https:\/\/www.comunidadcalatayud.com\/index.php\/2017\/10\/04\/arandiga\/\">Ar\u00e1ndiga<\/a><\/p>\n<p><a href=\"https:\/\/www.comunidadcalatayud.com\/index.php\/2017\/10\/04\/arandiga\/\">Leer m\u00e1s<\/a><\/p>\n<p><a href=\"https:\/\/www.comunidadcalatayud.com\/index.php\/2017\/10\/04\/ariza\/\"><br \/>\n\t\t\t\t\t\t\t\t\t\t\t\t\t\t\t<img loading=\"lazy\" decoding=\"async\" width=\"376\" height=\"252\" src=\"https:\/\/www.comunidadcalatayud.com\/wp-content\/uploads\/2017\/10\/Ariza-376x252.jpg\" \/>\t\t\t\t\t\t\t\t\t\t\t\t\t\t\t\t<\/p>\n<p><\/a><\/p>\n<p><a href=\"https:\/\/www.comunidadcalatayud.com\/index.php\/2017\/10\/04\/ariza\/\">Ariza<\/a><\/p>\n<p><a href=\"https:\/\/www.comunidadcalatayud.com\/index.php\/2017\/10\/04\/ariza\/\">Leer m\u00e1s<\/a><\/p>\n<p><a href=\"https:\/\/www.comunidadcalatayud.com\/index.php\/2017\/10\/09\/ateca\/\"><br \/>\n\t\t\t\t\t\t\t\t\t\t\t\t\t\t\t<img loading=\"lazy\" decoding=\"async\" width=\"376\" height=\"252\" src=\"https:\/\/www.comunidadcalatayud.com\/wp-content\/uploads\/2017\/10\/Ateca-376x252.jpg\" \/>\t\t\t\t\t\t\t\t\t\t\t\t\t\t\t\t<\/p>\n<p><\/a><\/p>\n<p><a href=\"https:\/\/www.comunidadcalatayud.com\/index.php\/2017\/10\/09\/ateca\/\">Ateca<\/a><\/p>\n<p><a href=\"https:\/\/www.comunidadcalatayud.com\/index.php\/2017\/10\/09\/ateca\/\">Leer m\u00e1s<\/a><\/p>\n<p><a href=\"https:\/\/www.comunidadcalatayud.com\/index.php\/2017\/10\/09\/belmonte-de-gracian\/\"><br \/>\n\t\t\t\t\t\t\t\t\t\t\t\t\t\t\t<img loading=\"lazy\" decoding=\"async\" width=\"376\" height=\"252\" src=\"https:\/\/www.comunidadcalatayud.com\/wp-content\/uploads\/2017\/10\/BelmonteGracian-376x252.jpg\" \/>\t\t\t\t\t\t\t\t\t\t\t\t\t\t\t\t<\/p>\n<p><\/a><\/p>\n<p><a href=\"https:\/\/www.comunidadcalatayud.com\/index.php\/2017\/10\/09\/belmonte-de-gracian\/\">Belmonte de Graci\u00e1n<\/a><\/p>\n<p><a href=\"https:\/\/www.comunidadcalatayud.com\/index.php\/2017\/10\/09\/belmonte-de-gracian\/\">Leer m\u00e1s<\/a><\/p>\n<p><a href=\"https:\/\/www.comunidadcalatayud.com\/index.php\/2017\/10\/09\/berdejo\/\"><br \/>\n\t\t\t\t\t\t\t\t\t\t\t\t\t\t\t<img loading=\"lazy\" decoding=\"async\" width=\"376\" height=\"252\" src=\"https:\/\/www.comunidadcalatayud.com\/wp-content\/uploads\/2017\/10\/Berdejo-376x252.jpg\" \/>\t\t\t\t\t\t\t\t\t\t\t\t\t\t\t\t<\/p>\n<p><\/a><\/p>\n<p><a href=\"https:\/\/www.comunidadcalatayud.com\/index.php\/2017\/10\/09\/berdejo\/\">Berdejo<\/a><\/p>\n<p><a href=\"https:\/\/www.comunidadcalatayud.com\/index.php\/2017\/10\/09\/berdejo\/\">Leer m\u00e1s<\/a><\/p>\n<p><a href=\"https:\/\/www.comunidadcalatayud.com\/index.php\/2017\/10\/09\/bijuesca\/\"><br \/>\n\t\t\t\t\t\t\t\t\t\t\t\t\t\t\t<img loading=\"lazy\" decoding=\"async\" width=\"376\" height=\"252\" src=\"https:\/\/www.comunidadcalatayud.com\/wp-content\/uploads\/2017\/10\/Bijuesca-376x252.jpg\" \/>\t\t\t\t\t\t\t\t\t\t\t\t\t\t\t\t<\/p>\n<p><\/a><\/p>\n<p><a href=\"https:\/\/www.comunidadcalatayud.com\/index.php\/2017\/10\/09\/bijuesca\/\">Bijuesca<\/a><\/p>\n<p><a href=\"https:\/\/www.comunidadcalatayud.com\/index.php\/2017\/10\/09\/bijuesca\/\">Leer m\u00e1s<\/a><\/p>\n<p><a href=\"https:\/\/www.comunidadcalatayud.com\/index.php\/2017\/10\/09\/bordalba\/\"><br \/>\n\t\t\t\t\t\t\t\t\t\t\t\t\t\t\t<img loading=\"lazy\" decoding=\"async\" width=\"376\" height=\"252\" src=\"https:\/\/www.comunidadcalatayud.com\/wp-content\/uploads\/2017\/10\/Bordalba-376x252.jpg\" \/>\t\t\t\t\t\t\t\t\t\t\t\t\t\t\t\t<\/p>\n<p><\/a><\/p>\n<p><a href=\"https:\/\/www.comunidadcalatayud.com\/index.php\/2017\/10\/09\/bordalba\/\">Bordalba<\/a><\/p>\n<p><a href=\"https:\/\/www.comunidadcalatayud.com\/index.php\/2017\/10\/09\/bordalba\/\">Leer m\u00e1s<\/a><\/p>\n<p><a href=\"https:\/\/www.comunidadcalatayud.com\/index.php\/2017\/10\/09\/bubierca\/\"><br \/>\n\t\t\t\t\t\t\t\t\t\t\t\t\t\t\t<img loading=\"lazy\" decoding=\"async\" width=\"376\" height=\"252\" src=\"https:\/\/www.comunidadcalatayud.com\/wp-content\/uploads\/2017\/10\/Bubierca-376x252.jpg\" \/>\t\t\t\t\t\t\t\t\t\t\t\t\t\t\t\t<\/p>\n<p><\/a><\/p>\n<p><a href=\"https:\/\/www.comunidadcalatayud.com\/index.php\/2017\/10\/09\/bubierca\/\">Bubierca<\/a><\/p>\n<p><a href=\"https:\/\/www.comunidadcalatayud.com\/index.php\/2017\/10\/09\/bubierca\/\">Leer m\u00e1s<\/a><\/p>\n<p><a href=\"https:\/\/www.comunidadcalatayud.com\/index.php\/2017\/10\/09\/cabolafuente\/\"><br \/>\n\t\t\t\t\t\t\t\t\t\t\t\t\t\t\t<img loading=\"lazy\" decoding=\"async\" width=\"376\" height=\"252\" src=\"https:\/\/www.comunidadcalatayud.com\/wp-content\/uploads\/2017\/10\/Cabolafuente-376x252.jpg\" \/>\t\t\t\t\t\t\t\t\t\t\t\t\t\t\t\t<\/p>\n<p><\/a><\/p>\n<p><a href=\"https:\/\/www.comunidadcalatayud.com\/index.php\/2017\/10\/09\/cabolafuente\/\">Cabolafuente<\/a><\/p>\n<p><a href=\"https:\/\/www.comunidadcalatayud.com\/index.php\/2017\/10\/09\/cabolafuente\/\">Leer m\u00e1s<\/a><\/p>\n<p><a href=\"https:\/\/www.comunidadcalatayud.com\/index.php\/2017\/10\/09\/calatayud\/\"><br \/>\n\t\t\t\t\t\t\t\t\t\t\t\t\t\t\t<img loading=\"lazy\" decoding=\"async\" width=\"376\" height=\"252\" src=\"https:\/\/www.comunidadcalatayud.com\/wp-content\/uploads\/2017\/10\/Calatayud-376x252.jpg\" \/>\t\t\t\t\t\t\t\t\t\t\t\t\t\t\t\t<\/p>\n<p><\/a><\/p>\n<p><a href=\"https:\/\/www.comunidadcalatayud.com\/index.php\/2017\/10\/09\/calatayud\/\">Calatayud<\/a><\/p>\n<p><a href=\"https:\/\/www.comunidadcalatayud.com\/index.php\/2017\/10\/09\/calatayud\/\">Leer m\u00e1s<\/a><\/p>\n<p><a href=\"https:\/\/www.comunidadcalatayud.com\/index.php\/2017\/10\/09\/calmarza\/\"><br \/>\n\t\t\t\t\t\t\t\t\t\t\t\t\t\t\t<img loading=\"lazy\" decoding=\"async\" width=\"376\" height=\"252\" src=\"https:\/\/www.comunidadcalatayud.com\/wp-content\/uploads\/2017\/10\/Calmarza-376x252.jpg\" \/>\t\t\t\t\t\t\t\t\t\t\t\t\t\t\t\t<\/p>\n<p><\/a><\/p>\n<p><a href=\"https:\/\/www.comunidadcalatayud.com\/index.php\/2017\/10\/09\/calmarza\/\">Calmarza<\/a><\/p>\n<p><a href=\"https:\/\/www.comunidadcalatayud.com\/index.php\/2017\/10\/09\/calmarza\/\">Leer m\u00e1s<\/a><\/p>\n<p><a href=\"https:\/\/www.comunidadcalatayud.com\/index.php\/2017\/10\/09\/campillo-de-aragon\/\"><br \/>\n\t\t\t\t\t\t\t\t\t\t\t\t\t\t\t<img loading=\"lazy\" decoding=\"async\" width=\"376\" height=\"252\" src=\"https:\/\/www.comunidadcalatayud.com\/wp-content\/uploads\/2017\/10\/CampilloAragon-376x252.jpg\" \/>\t\t\t\t\t\t\t\t\t\t\t\t\t\t\t\t<\/p>\n<p><\/a><\/p>\n<p><a href=\"https:\/\/www.comunidadcalatayud.com\/index.php\/2017\/10\/09\/campillo-de-aragon\/\">Campillo de Arag\u00f3n<\/a><\/p>\n<p><a href=\"https:\/\/www.comunidadcalatayud.com\/index.php\/2017\/10\/09\/campillo-de-aragon\/\">Leer m\u00e1s<\/a><\/p>\n<p><a href=\"https:\/\/www.comunidadcalatayud.com\/index.php\/2017\/10\/09\/carenas\/\"><br \/>\n\t\t\t\t\t\t\t\t\t\t\t\t\t\t\t<img loading=\"lazy\" decoding=\"async\" width=\"376\" height=\"252\" src=\"https:\/\/www.comunidadcalatayud.com\/wp-content\/uploads\/2017\/10\/Carenas-376x252.jpg\" \/>\t\t\t\t\t\t\t\t\t\t\t\t\t\t\t\t<\/p>\n<p><\/a><\/p>\n<p><a href=\"https:\/\/www.comunidadcalatayud.com\/index.php\/2017\/10\/09\/carenas\/\">Carenas<\/a><\/p>\n<p><a href=\"https:\/\/www.comunidadcalatayud.com\/index.php\/2017\/10\/09\/carenas\/\">Leer m\u00e1s<\/a><\/p>\n<p><!-- \/carsol --><br \/>\n\t\t\t\t\t\t<!-- \/row -->\t\t\t\t\t\t<\/p>\n<p>1<br \/>\n\t<a href=\"https:\/\/www.comunidadcalatayud.com\/wp-admin\/admin-ajax.php?paged=2\">2<\/a><br \/>\n\t<a href=\"https:\/\/www.comunidadcalatayud.com\/wp-admin\/admin-ajax.php?paged=3\">3<\/a><br \/>\n\t<a href=\"https:\/\/www.comunidadcalatayud.com\/wp-admin\/admin-ajax.php?paged=4\">4<\/a><br \/>\n\t<a href=\"https:\/\/www.comunidadcalatayud.com\/wp-admin\/admin-ajax.php?paged=2\">&rarr;<\/a><\/p>\n","protected":false},"excerpt":{"rendered":"<p class=\"excerpt\">Municipios La Comarca de Calatayud la componen en total 67 municipios. Abanto Leer m\u00e1s Alarba Leer m\u00e1s Alconchel de Ariza Leer m\u00e1s Alhama de Arag\u00f3n Leer m\u00e1s Ani\u00f1\u00f3n Leer m\u00e1s Ar\u00e1ndiga Leer m\u00e1s Ariza Leer m\u00e1s Ateca Leer m\u00e1s Belmonte de Graci\u00e1n Leer m\u00e1s Berdejo Leer m\u00e1s Bijuesca Leer m\u00e1s Bordalba Leer m\u00e1s Bubierca Leer [&hellip;]<\/p>\n","protected":false},"author":1,"featured_media":0,"parent":0,"menu_order":2,"comment_status":"closed","ping_status":"closed","template":"builder.php","meta":{"footnotes":""},"class_list":["post-2879","page","type-page","status-publish","hentry"],"_links":{"self":[{"href":"https:\/\/www.comunidadcalatayud.com\/index.php\/wp-json\/wp\/v2\/pages\/2879","targetHints":{"allow":["GET"]}}],"collection":[{"href":"https:\/\/www.comunidadcalatayud.com\/index.php\/wp-json\/wp\/v2\/pages"}],"about":[{"href":"https:\/\/www.comunidadcalatayud.com\/index.php\/wp-json\/wp\/v2\/types\/page"}],"author":[{"embeddable":true,"href":"https:\/\/www.comunidadcalatayud.com\/index.php\/wp-json\/wp\/v2\/users\/1"}],"replies":[{"embeddable":true,"href":"https:\/\/www.comunidadcalatayud.com\/index.php\/wp-json\/wp\/v2\/comments?post=2879"}],"version-history":[{"count":24,"href":"https:\/\/www.comunidadcalatayud.com\/index.php\/wp-json\/wp\/v2\/pages\/2879\/revisions"}],"predecessor-version":[{"id":9646,"href":"https:\/\/www.comunidadcalatayud.com\/index.php\/wp-json\/wp\/v2\/pages\/2879\/revisions\/9646"}],"wp:attachment":[{"href":"https:\/\/www.comunidadcalatayud.com\/index.php\/wp-json\/wp\/v2\/media?parent=2879"}],"curies":[{"name":"wp","href":"https:\/\/api.w.org\/{rel}","templated":true}]}}