{"id":2837,"date":"2017-09-07T10:02:54","date_gmt":"2017-09-07T10:02:54","guid":{"rendered":"http:\/\/www.comunidadcalatayud.com\/?page_id=2837"},"modified":"2017-10-03T10:01:00","modified_gmt":"2017-10-03T10:01:00","slug":"normativa","status":"publish","type":"page","link":"https:\/\/www.comunidadcalatayud.com\/index.php\/comarca\/normativa\/","title":{"rendered":"Normativa"},"content":{"rendered":"<div class=\"grid\">\n<article class=\"column span-9 enlaces\">\n<h2>Ordenanzas<\/h2>\n<ol>\n<li><a href=\"http:\/\/www.comunidadcalatayud.com\/wp-content\/uploads\/2017\/09\/ORDENANZA_GENERA_SUBVENCIONES.pdf\" target=\"_blank\" rel=\"noopener\">Ordenanza reguladora de subvenciones<\/a><\/li>\n<li><a href=\"http:\/\/www.comunidadcalatayud.com\/wp-content\/uploads\/2017\/09\/tasasdeportes.pdf\" target=\"_blank\" rel=\"noopener\">Ordenanza reguladora de las tasas por la prestaci\u00f3n de servicios deportivos organizados por el Servicio Comarcal de Deportes.<\/a> (En periodo de exposici\u00f3n p\u00fablica)<\/li>\n<\/ol>\n<h2>Legislaci\u00f3n de la Comarca<\/h2>\n<ol>\n<li><a href=\"http:\/\/www.comunidadcalatayud.com\/wp-content\/uploads\/2017\/09\/LeyComarca.pdf\" target=\"_blank\" rel=\"noopener\">Ley de la Comarca<\/a><br \/>\nLey 9\/2001 de creaci\u00f3n de la Comarca de la Comunidad de Calatayud<\/li>\n<\/ol>\n<h2>Transferencias<\/h2>\n<ol>\n<li><a href=\"http:\/\/www.comunidadcalatayud.com\/wp-content\/uploads\/2017\/09\/transferencias.pdf\" target=\"_blank\" rel=\"noopener\">Decreto de Transferencias.<\/a><br \/>\nDECRETO 4\/2005, de 11 de Enero, del Gobierno de Arag\u00f3n por el que se modifican los Decretos de Trasferencia de cada una de las Comarcas.<\/li>\n<li><a href=\"http:\/\/www.comunidadcalatayud.com\/wp-content\/uploads\/2017\/09\/transferencias-1.pdf\" target=\"_blank\" rel=\"noopener\">Comarca de la Comunidad de Calatayud.<\/a><br \/>\nDECRETO 77\/2002, de 26 de Febrero, del Gobierno de Arag\u00f3n por el que se transfieren funciones y se traspasan servicios de la Administraci\u00f3n de la Comunidad Aut\u00f3noma de Arag\u00f3n a la Comarca de la Comunidad de Calatayud.<\/li>\n<\/ol>\n<h2>Legislaci\u00f3n Comarcal<\/h2>\n<ol>\n<li><a href=\"http:\/\/www.comunidadcalatayud.com\/wp-content\/uploads\/2017\/09\/Leydecomarcalizacion.pdf\" target=\"_blank\" rel=\"noopener\">Comarca de la Comunidad de Calatayud.<\/a><br \/>\nDECRETO LEGISLATIVO 1\/2006, de 27 de diciembre, del Gobierno de Arag\u00f3n, por el que se aprueba el texto refundido de la Ley de Comarcalizaci\u00f3n de Arag\u00f3n.<\/li>\n<li><a href=\"http:\/\/www.comunidadcalatayud.com\/wp-content\/uploads\/2017\/09\/Leydecomarcalizacion.pdf\" target=\"_blank\" rel=\"noopener\">Ley de delimitaci\u00f3n Comarcal<\/a><br \/>\nDECRETO LEGISLATIVO 2\/2006, de 27 de diciembre, del Gobierno de Arag\u00f3n, por el que se aprueba el texto refundido de la Ley de Delimitaci\u00f3n Comarcal de Arag\u00f3n.<\/li>\n<li><a href=\"http:\/\/www.comunidadcalatayud.com\/wp-content\/uploads\/2017\/09\/Consejodecooperacion.pdf\" target=\"_blank\" rel=\"noopener\">Consejo de Cooperaci\u00f3n Comarcal<\/a><br \/>\nDECRETO 345\/2002, de 5 noviembre, del Gobierno de Arag\u00f3n, por el que se crea el Consejo de Cooperaci\u00f3n Comarcal.<\/li>\n<li><a href=\"http:\/\/www.comunidadcalatayud.com\/wp-content\/uploads\/2017\/09\/Consejodecooperacion.pdf\" target=\"_blank\" rel=\"noopener\">Consejo de Cooperaci\u00f3n Comarcal<\/a><br \/>\nDECRETO 244\/2007, de 2 de Octubre, del Gobierno de Arag\u00f3n, por el que se crea el Consejo de Cooperaci\u00f3n Comarcal.<\/li>\n<li><a href=\"http:\/\/www.comunidadcalatayud.com\/wp-content\/uploads\/2017\/09\/Modificacionconsejo.pdf\" target=\"_blank\" rel=\"noopener\">Consejo de Cooperaci\u00f3n Comarcal<\/a><br \/>\nDECRETO 266\/2003, de 21 de octubre, del Gobierno de Arag\u00f3n, por el que se modifica la composici\u00f3n del Consejo de Cooperaci\u00f3n Comarcal.<\/li>\n<\/ol>\n<\/article>\n<div class=\"column span-3 pull-right sidebar\">\n<!-- Widget Shortcode --><div id=\"nav_menu-3\" class=\"widget widget_nav_menu widget-shortcode area-otw-sidebar-1 \"><h2 class=\"widgettitle\">Comarca<\/h2><div class=\"menu-menu-comarca-container\"><ul id=\"menu-menu-comarca\" class=\"menu\"><li id=\"menu-item-2727\" class=\"menu-item menu-item-type-post_type menu-item-object-page menu-item-2727\"><a href=\"https:\/\/www.comunidadcalatayud.com\/index.php\/comarca\/\">La Instituci\u00f3n de La Comarca<\/a><\/li>\n<li id=\"menu-item-2769\" class=\"menu-item menu-item-type-post_type menu-item-object-page menu-item-2769\"><a href=\"https:\/\/www.comunidadcalatayud.com\/index.php\/comarca\/saludo\/\">Saludo del Presidente<\/a><\/li>\n<li id=\"menu-item-2821\" class=\"menu-item menu-item-type-post_type menu-item-object-page menu-item-2821\"><a href=\"https:\/\/www.comunidadcalatayud.com\/index.php\/comarca\/consejo\/\">Consejo<\/a><\/li>\n<li id=\"menu-item-2820\" class=\"menu-item menu-item-type-post_type menu-item-object-page menu-item-2820\"><a href=\"https:\/\/www.comunidadcalatayud.com\/index.php\/comarca\/comision-de-gobierno\/\">Comisi\u00f3n de Gobierno<\/a><\/li>\n<li id=\"menu-item-2864\" class=\"menu-item menu-item-type-post_type menu-item-object-page menu-item-2864\"><a href=\"https:\/\/www.comunidadcalatayud.com\/index.php\/comarca\/comisiones-informativas\/\">Comisiones Informativas<\/a><\/li>\n<li id=\"menu-item-3578\" class=\"menu-item menu-item-type-post_type menu-item-object-page menu-item-3578\"><a href=\"https:\/\/www.comunidadcalatayud.com\/index.php\/areas\/\">\u00c1reas<\/a><\/li>\n<li id=\"menu-item-2863\" class=\"menu-item menu-item-type-post_type menu-item-object-page menu-item-2863\"><a href=\"https:\/\/www.comunidadcalatayud.com\/index.php\/comarca\/normativa\/\">Normativa<\/a><\/li>\n<li id=\"menu-item-4650\" class=\"menu-item menu-item-type-post_type menu-item-object-page menu-item-4650\"><a href=\"https:\/\/www.comunidadcalatayud.com\/index.php\/comarca\/telefonos-de-interes\/\">Tel\u00e9fonos de inter\u00e9s<\/a><\/li>\n<\/ul><\/div><\/div><!-- \/Widget Shortcode -->\n<\/div>\n<\/div>\n","protected":false},"excerpt":{"rendered":"<p class=\"excerpt\">Ordenanzas Ordenanza reguladora de subvenciones Ordenanza reguladora de las tasas por la prestaci\u00f3n de servicios deportivos organizados por el Servicio Comarcal de Deportes. (En periodo de exposici\u00f3n p\u00fablica) Legislaci\u00f3n de la Comarca Ley de la Comarca Ley 9\/2001 de creaci\u00f3n de la Comarca de la Comunidad de Calatayud Transferencias Decreto de Transferencias. DECRETO 4\/2005, de [&hellip;]<\/p>\n","protected":false},"author":1,"featured_media":0,"parent":2686,"menu_order":4,"comment_status":"closed","ping_status":"closed","template":"","meta":{"footnotes":""},"class_list":["post-2837","page","type-page","status-publish","hentry"],"_links":{"self":[{"href":"https:\/\/www.comunidadcalatayud.com\/index.php\/wp-json\/wp\/v2\/pages\/2837","targetHints":{"allow":["GET"]}}],"collection":[{"href":"https:\/\/www.comunidadcalatayud.com\/index.php\/wp-json\/wp\/v2\/pages"}],"about":[{"href":"https:\/\/www.comunidadcalatayud.com\/index.php\/wp-json\/wp\/v2\/types\/page"}],"author":[{"embeddable":true,"href":"https:\/\/www.comunidadcalatayud.com\/index.php\/wp-json\/wp\/v2\/users\/1"}],"replies":[{"embeddable":true,"href":"https:\/\/www.comunidadcalatayud.com\/index.php\/wp-json\/wp\/v2\/comments?post=2837"}],"version-history":[{"count":15,"href":"https:\/\/www.comunidadcalatayud.com\/index.php\/wp-json\/wp\/v2\/pages\/2837\/revisions"}],"predecessor-version":[{"id":5953,"href":"https:\/\/www.comunidadcalatayud.com\/index.php\/wp-json\/wp\/v2\/pages\/2837\/revisions\/5953"}],"up":[{"embeddable":true,"href":"https:\/\/www.comunidadcalatayud.com\/index.php\/wp-json\/wp\/v2\/pages\/2686"}],"wp:attachment":[{"href":"https:\/\/www.comunidadcalatayud.com\/index.php\/wp-json\/wp\/v2\/media?parent=2837"}],"curies":[{"name":"wp","href":"https:\/\/api.w.org\/{rel}","templated":true}]}}