{"id":2822,"date":"2017-09-06T11:11:59","date_gmt":"2017-09-06T11:11:59","guid":{"rendered":"http:\/\/www.comunidadcalatayud.com\/?page_id=2822"},"modified":"2017-09-18T08:57:20","modified_gmt":"2017-09-18T08:57:20","slug":"comisiones-informativas","status":"publish","type":"page","link":"https:\/\/www.comunidadcalatayud.com\/index.php\/comarca\/comisiones-informativas\/","title":{"rendered":"Comisiones Informativas"},"content":{"rendered":"<div class=\"grid\">\n<article class=\"column span-9\">\n<ul class=\"accordion-list\">\n<li class=\"accordion\"><a href=\"http:\/\/www.comunidadcalatayud.com\/index.php\/comarca\/comisiones-informativas\/comision-de-turismo\/\" class=\"accordion-button\">Comisi\u00f3n de Turismo<\/a><\/li>\n<li class=\"accordion\"><a href=\"http:\/\/www.comunidadcalatayud.com\/index.php\/comarca\/comisiones-informativas\/comision-de-bienestar-social\/\" class=\"accordion-button\">Comisi\u00f3n de Bienestar Social<\/a><\/li>\n<li class=\"accordion\"><a href=\"http:\/\/www.comunidadcalatayud.com\/index.php\/comarca\/comisiones-informativas\/comision-de-cultura-deportes-y-juventud\/\" class=\"accordion-button\">Comisi\u00f3n de Cultura, Deportes y Juventud<\/a><\/li>\n<li class=\"accordion\"><a href=\"http:\/\/www.comunidadcalatayud.com\/index.php\/comarca\/comisiones-informativas\/comision-de-medio-ambiente-agricultura-y-ganaderia\/\" class=\"accordion-button\">Comisi\u00f3n de Medio Ambiente, Agricultura y Ganaderia<\/a><\/li>\n<li class=\"accordion\"><a href=\"http:\/\/www.comunidadcalatayud.com\/index.php\/comarca\/comisiones-informativas\/comision-de-hacienda-regimen-interior-proteccion-civil-y-comision-especial-de-cuentas\/\" class=\"accordion-button\">Comisi\u00f3n de Hacienda, R\u00e9gimen Interior, Protecci\u00f3n Civil y Comisi\u00f3n Especial de Cuentas<\/a><\/li>\n<li class=\"accordion\"><a href=\"http:\/\/www.comunidadcalatayud.com\/index.php\/comarca\/comisiones-informativas\/junta-de-portavoces\/\" class=\"accordion-button\">Junta de Portavoces<\/a><\/li>\n<\/ul>\n<\/article>\n<div class=\"column span-3 pull-right sidebar\">\n<!-- Widget Shortcode --><div id=\"nav_menu-3\" class=\"widget widget_nav_menu widget-shortcode area-otw-sidebar-1 \"><h2 class=\"widgettitle\">Comarca<\/h2><div class=\"menu-menu-comarca-container\"><ul id=\"menu-menu-comarca\" class=\"menu\"><li id=\"menu-item-2727\" class=\"menu-item menu-item-type-post_type menu-item-object-page menu-item-2727\"><a href=\"https:\/\/www.comunidadcalatayud.com\/index.php\/comarca\/\">La Instituci\u00f3n de La Comarca<\/a><\/li>\n<li id=\"menu-item-2769\" class=\"menu-item menu-item-type-post_type menu-item-object-page menu-item-2769\"><a href=\"https:\/\/www.comunidadcalatayud.com\/index.php\/comarca\/saludo\/\">Saludo del Presidente<\/a><\/li>\n<li id=\"menu-item-2821\" class=\"menu-item menu-item-type-post_type menu-item-object-page menu-item-2821\"><a href=\"https:\/\/www.comunidadcalatayud.com\/index.php\/comarca\/consejo\/\">Consejo<\/a><\/li>\n<li id=\"menu-item-2820\" class=\"menu-item menu-item-type-post_type menu-item-object-page menu-item-2820\"><a href=\"https:\/\/www.comunidadcalatayud.com\/index.php\/comarca\/comision-de-gobierno\/\">Comisi\u00f3n de Gobierno<\/a><\/li>\n<li id=\"menu-item-2864\" class=\"menu-item menu-item-type-post_type menu-item-object-page menu-item-2864\"><a href=\"https:\/\/www.comunidadcalatayud.com\/index.php\/comarca\/comisiones-informativas\/\">Comisiones Informativas<\/a><\/li>\n<li id=\"menu-item-3578\" class=\"menu-item menu-item-type-post_type menu-item-object-page menu-item-3578\"><a href=\"https:\/\/www.comunidadcalatayud.com\/index.php\/areas\/\">\u00c1reas<\/a><\/li>\n<li id=\"menu-item-2863\" class=\"menu-item menu-item-type-post_type menu-item-object-page menu-item-2863\"><a href=\"https:\/\/www.comunidadcalatayud.com\/index.php\/comarca\/normativa\/\">Normativa<\/a><\/li>\n<li id=\"menu-item-4650\" class=\"menu-item menu-item-type-post_type menu-item-object-page menu-item-4650\"><a href=\"https:\/\/www.comunidadcalatayud.com\/index.php\/comarca\/telefonos-de-interes\/\">Tel\u00e9fonos de inter\u00e9s<\/a><\/li>\n<\/ul><\/div><\/div><!-- \/Widget Shortcode -->\n<\/div>\n<\/div>\n","protected":false},"excerpt":{"rendered":"<p class=\"excerpt\">Comisi\u00f3n de Turismo Comisi\u00f3n de Bienestar Social Comisi\u00f3n de Cultura, Deportes y Juventud Comisi\u00f3n de Medio Ambiente, Agricultura y Ganaderia Comisi\u00f3n de Hacienda, R\u00e9gimen Interior, Protecci\u00f3n Civil y Comisi\u00f3n Especial de Cuentas Junta de Portavoces<\/p>\n","protected":false},"author":1,"featured_media":0,"parent":2686,"menu_order":3,"comment_status":"closed","ping_status":"closed","template":"","meta":{"footnotes":""},"class_list":["post-2822","page","type-page","status-publish","hentry"],"_links":{"self":[{"href":"https:\/\/www.comunidadcalatayud.com\/index.php\/wp-json\/wp\/v2\/pages\/2822","targetHints":{"allow":["GET"]}}],"collection":[{"href":"https:\/\/www.comunidadcalatayud.com\/index.php\/wp-json\/wp\/v2\/pages"}],"about":[{"href":"https:\/\/www.comunidadcalatayud.com\/index.php\/wp-json\/wp\/v2\/types\/page"}],"author":[{"embeddable":true,"href":"https:\/\/www.comunidadcalatayud.com\/index.php\/wp-json\/wp\/v2\/users\/1"}],"replies":[{"embeddable":true,"href":"https:\/\/www.comunidadcalatayud.com\/index.php\/wp-json\/wp\/v2\/comments?post=2822"}],"version-history":[{"count":9,"href":"https:\/\/www.comunidadcalatayud.com\/index.php\/wp-json\/wp\/v2\/pages\/2822\/revisions"}],"predecessor-version":[{"id":2827,"href":"https:\/\/www.comunidadcalatayud.com\/index.php\/wp-json\/wp\/v2\/pages\/2822\/revisions\/2827"}],"up":[{"embeddable":true,"href":"https:\/\/www.comunidadcalatayud.com\/index.php\/wp-json\/wp\/v2\/pages\/2686"}],"wp:attachment":[{"href":"https:\/\/www.comunidadcalatayud.com\/index.php\/wp-json\/wp\/v2\/media?parent=2822"}],"curies":[{"name":"wp","href":"https:\/\/api.w.org\/{rel}","templated":true}]}}