{"id":2814,"date":"2017-09-06T11:03:22","date_gmt":"2017-09-06T11:03:22","guid":{"rendered":"http:\/\/www.comunidadcalatayud.com\/?page_id=2814"},"modified":"2023-11-13T10:52:31","modified_gmt":"2023-11-13T10:52:31","slug":"comision-de-gobierno","status":"publish","type":"page","link":"https:\/\/www.comunidadcalatayud.com\/index.php\/comarca\/comision-de-gobierno\/","title":{"rendered":"Comisi\u00f3n de Gobierno"},"content":{"rendered":"<div class=\"grid\">\n<article class=\"column span-9\">La Comisi\u00f3n de Gobierno est\u00e1 integrada por el Presidente, y un n\u00famero de Consejeros no superior a un tercio de su n\u00famero legal, ser\u00e1n nombrados y separados libremente por el Presidente, quien dar\u00e1 cuenta al Consejo.En la actualidad la Comisi\u00f3n de Gobierno est\u00e1 formada por los siguientes consejeros:<\/p>\n<ul>\n<li>Jos\u00e9 Ignacio Marcuello Casorr\u00e1n (PP)<\/li>\n<li>Raquel L\u00f3pez Grima (PP)<\/li>\n<li>H\u00e9ctor Sarria Moya (PP)<\/li>\n<li>Miguel Angel Polo L\u00f3pez (PP)<\/li>\n<li>Carlos Sinusia Lafuente (PP)<\/li>\n<li>Leonardo Baquedano Herrero (PP)<\/li>\n<li>Tom\u00e1s Jos\u00e9 Escolano Serrano (PP)<\/li>\n<li>Jos\u00e9 F\u00e9lix Lajusticia Rubio (PAR)<\/li>\n<li>Miguel Langa Pardos (CS-TU ARAGON)<\/li>\n<li>Ram\u00f3n Duce Maestro (PSOE)<\/li>\n<li>Mar\u00eda Pilar Delgado Anglada (VOX)<\/li>\n<li>Noelia S\u00e1nchez Gil (CHA)<\/li>\n<\/ul>\n<\/article>\n<div class=\"column span-3 pull-right sidebar\">\n<!-- Widget Shortcode --><div id=\"nav_menu-3\" class=\"widget widget_nav_menu widget-shortcode area-otw-sidebar-1 \"><h2 class=\"widgettitle\">Comarca<\/h2><div class=\"menu-menu-comarca-container\"><ul id=\"menu-menu-comarca\" class=\"menu\"><li id=\"menu-item-2727\" class=\"menu-item menu-item-type-post_type menu-item-object-page menu-item-2727\"><a href=\"https:\/\/www.comunidadcalatayud.com\/index.php\/comarca\/\">La Instituci\u00f3n de La Comarca<\/a><\/li>\n<li id=\"menu-item-2769\" class=\"menu-item menu-item-type-post_type menu-item-object-page menu-item-2769\"><a href=\"https:\/\/www.comunidadcalatayud.com\/index.php\/comarca\/saludo\/\">Saludo del Presidente<\/a><\/li>\n<li id=\"menu-item-2821\" class=\"menu-item menu-item-type-post_type menu-item-object-page menu-item-2821\"><a href=\"https:\/\/www.comunidadcalatayud.com\/index.php\/comarca\/consejo\/\">Consejo<\/a><\/li>\n<li id=\"menu-item-2820\" class=\"menu-item menu-item-type-post_type menu-item-object-page menu-item-2820\"><a href=\"https:\/\/www.comunidadcalatayud.com\/index.php\/comarca\/comision-de-gobierno\/\">Comisi\u00f3n de Gobierno<\/a><\/li>\n<li id=\"menu-item-2864\" class=\"menu-item menu-item-type-post_type menu-item-object-page menu-item-2864\"><a href=\"https:\/\/www.comunidadcalatayud.com\/index.php\/comarca\/comisiones-informativas\/\">Comisiones Informativas<\/a><\/li>\n<li id=\"menu-item-3578\" class=\"menu-item menu-item-type-post_type menu-item-object-page menu-item-3578\"><a href=\"https:\/\/www.comunidadcalatayud.com\/index.php\/areas\/\">\u00c1reas<\/a><\/li>\n<li id=\"menu-item-2863\" class=\"menu-item menu-item-type-post_type menu-item-object-page menu-item-2863\"><a href=\"https:\/\/www.comunidadcalatayud.com\/index.php\/comarca\/normativa\/\">Normativa<\/a><\/li>\n<li id=\"menu-item-4650\" class=\"menu-item menu-item-type-post_type menu-item-object-page menu-item-4650\"><a href=\"https:\/\/www.comunidadcalatayud.com\/index.php\/comarca\/telefonos-de-interes\/\">Tel\u00e9fonos de inter\u00e9s<\/a><\/li>\n<\/ul><\/div><\/div><!-- \/Widget Shortcode -->\n<\/div>\n<\/div>\n","protected":false},"excerpt":{"rendered":"<p class=\"excerpt\">La Comisi\u00f3n de Gobierno est\u00e1 integrada por el Presidente, y un n\u00famero de Consejeros no superior a un tercio de su n\u00famero legal, ser\u00e1n nombrados y separados libremente por el Presidente, quien dar\u00e1 cuenta al Consejo.En la actualidad la Comisi\u00f3n de Gobierno est\u00e1 formada por los siguientes consejeros: Jos\u00e9 Ignacio Marcuello Casorr\u00e1n (PP) Raquel L\u00f3pez [&hellip;]<\/p>\n","protected":false},"author":1,"featured_media":0,"parent":2686,"menu_order":2,"comment_status":"closed","ping_status":"closed","template":"","meta":{"footnotes":""},"class_list":["post-2814","page","type-page","status-publish","hentry"],"_links":{"self":[{"href":"https:\/\/www.comunidadcalatayud.com\/index.php\/wp-json\/wp\/v2\/pages\/2814","targetHints":{"allow":["GET"]}}],"collection":[{"href":"https:\/\/www.comunidadcalatayud.com\/index.php\/wp-json\/wp\/v2\/pages"}],"about":[{"href":"https:\/\/www.comunidadcalatayud.com\/index.php\/wp-json\/wp\/v2\/types\/page"}],"author":[{"embeddable":true,"href":"https:\/\/www.comunidadcalatayud.com\/index.php\/wp-json\/wp\/v2\/users\/1"}],"replies":[{"embeddable":true,"href":"https:\/\/www.comunidadcalatayud.com\/index.php\/wp-json\/wp\/v2\/comments?post=2814"}],"version-history":[{"count":7,"href":"https:\/\/www.comunidadcalatayud.com\/index.php\/wp-json\/wp\/v2\/pages\/2814\/revisions"}],"predecessor-version":[{"id":9633,"href":"https:\/\/www.comunidadcalatayud.com\/index.php\/wp-json\/wp\/v2\/pages\/2814\/revisions\/9633"}],"up":[{"embeddable":true,"href":"https:\/\/www.comunidadcalatayud.com\/index.php\/wp-json\/wp\/v2\/pages\/2686"}],"wp:attachment":[{"href":"https:\/\/www.comunidadcalatayud.com\/index.php\/wp-json\/wp\/v2\/media?parent=2814"}],"curies":[{"name":"wp","href":"https:\/\/api.w.org\/{rel}","templated":true}]}}