{"id":2780,"date":"2017-09-06T10:01:09","date_gmt":"2017-09-06T10:01:09","guid":{"rendered":"http:\/\/www.comunidadcalatayud.com\/?page_id=2780"},"modified":"2023-11-13T09:28:48","modified_gmt":"2023-11-13T09:28:48","slug":"psoe","status":"publish","type":"page","link":"https:\/\/www.comunidadcalatayud.com\/index.php\/comarca\/consejo\/psoe\/","title":{"rendered":"PSOE"},"content":{"rendered":"<div class=\"grid\">\n<article class=\"column span-9\">\n<ol>\n<li>Mar\u00eda Sandra Mar\u00edn Garc\u00eda<\/li>\n<li>Fernando Escribano Rubio<\/li>\n<li>Mar\u00eda Angeles Ruiz L\u00f3pez<\/li>\n<li>Raquel Naranjo Garc\u00eda<\/li>\n<li>Ram\u00f3n Duce Maestro<\/li>\n<li>Fernando Ros Molina<\/li>\n<li>Manuel Peir\u00f3 Corbacho<\/li>\n<li>Eva Mar\u00eda Pe\u00f1a Larriba<\/li>\n<li>Carmen Pablo Tura<\/li>\n<li>Hilario G\u00f3nzalez Vel\u00e1zquez<\/li>\n<li>Emilio Camino Lorente<\/li>\n<li>Alberto Espa\u00f1a G\u00f3mara<\/li>\n<li>Angel Mill\u00e1n Mar\u00edn Rubio<\/li>\n<li>Eugenio Torrubias Ac\u00f3n<\/li>\n<\/ol>\n<\/article>\n<div class=\"column span-3 pull-right sidebar\">\n<!-- Widget Shortcode --><div id=\"nav_menu-3\" class=\"widget widget_nav_menu widget-shortcode area-otw-sidebar-1 \"><h2 class=\"widgettitle\">Comarca<\/h2><div class=\"menu-menu-comarca-container\"><ul id=\"menu-menu-comarca\" class=\"menu\"><li id=\"menu-item-2727\" class=\"menu-item menu-item-type-post_type menu-item-object-page menu-item-2727\"><a href=\"https:\/\/www.comunidadcalatayud.com\/index.php\/comarca\/\">La Instituci\u00f3n de La Comarca<\/a><\/li>\n<li id=\"menu-item-2769\" class=\"menu-item menu-item-type-post_type menu-item-object-page menu-item-2769\"><a href=\"https:\/\/www.comunidadcalatayud.com\/index.php\/comarca\/saludo\/\">Saludo del Presidente<\/a><\/li>\n<li id=\"menu-item-2821\" class=\"menu-item menu-item-type-post_type menu-item-object-page menu-item-2821\"><a href=\"https:\/\/www.comunidadcalatayud.com\/index.php\/comarca\/consejo\/\">Consejo<\/a><\/li>\n<li id=\"menu-item-2820\" class=\"menu-item menu-item-type-post_type menu-item-object-page menu-item-2820\"><a href=\"https:\/\/www.comunidadcalatayud.com\/index.php\/comarca\/comision-de-gobierno\/\">Comisi\u00f3n de Gobierno<\/a><\/li>\n<li id=\"menu-item-2864\" class=\"menu-item menu-item-type-post_type menu-item-object-page menu-item-2864\"><a href=\"https:\/\/www.comunidadcalatayud.com\/index.php\/comarca\/comisiones-informativas\/\">Comisiones Informativas<\/a><\/li>\n<li id=\"menu-item-3578\" class=\"menu-item menu-item-type-post_type menu-item-object-page menu-item-3578\"><a href=\"https:\/\/www.comunidadcalatayud.com\/index.php\/areas\/\">\u00c1reas<\/a><\/li>\n<li id=\"menu-item-2863\" class=\"menu-item menu-item-type-post_type menu-item-object-page menu-item-2863\"><a href=\"https:\/\/www.comunidadcalatayud.com\/index.php\/comarca\/normativa\/\">Normativa<\/a><\/li>\n<li id=\"menu-item-4650\" class=\"menu-item menu-item-type-post_type menu-item-object-page menu-item-4650\"><a href=\"https:\/\/www.comunidadcalatayud.com\/index.php\/comarca\/telefonos-de-interes\/\">Tel\u00e9fonos de inter\u00e9s<\/a><\/li>\n<\/ul><\/div><\/div><!-- \/Widget Shortcode -->\n<\/div>\n<\/div>\n","protected":false},"excerpt":{"rendered":"<p class=\"excerpt\">Mar\u00eda Sandra Mar\u00edn Garc\u00eda Fernando Escribano Rubio Mar\u00eda Angeles Ruiz L\u00f3pez Raquel Naranjo Garc\u00eda Ram\u00f3n Duce Maestro Fernando Ros Molina Manuel Peir\u00f3 Corbacho Eva Mar\u00eda Pe\u00f1a Larriba Carmen Pablo Tura Hilario G\u00f3nzalez Vel\u00e1zquez Emilio Camino Lorente Alberto Espa\u00f1a G\u00f3mara Angel Mill\u00e1n Mar\u00edn Rubio Eugenio Torrubias Ac\u00f3n<\/p>\n","protected":false},"author":1,"featured_media":0,"parent":2776,"menu_order":0,"comment_status":"closed","ping_status":"closed","template":"","meta":{"footnotes":""},"class_list":["post-2780","page","type-page","status-publish","hentry"],"_links":{"self":[{"href":"https:\/\/www.comunidadcalatayud.com\/index.php\/wp-json\/wp\/v2\/pages\/2780","targetHints":{"allow":["GET"]}}],"collection":[{"href":"https:\/\/www.comunidadcalatayud.com\/index.php\/wp-json\/wp\/v2\/pages"}],"about":[{"href":"https:\/\/www.comunidadcalatayud.com\/index.php\/wp-json\/wp\/v2\/types\/page"}],"author":[{"embeddable":true,"href":"https:\/\/www.comunidadcalatayud.com\/index.php\/wp-json\/wp\/v2\/users\/1"}],"replies":[{"embeddable":true,"href":"https:\/\/www.comunidadcalatayud.com\/index.php\/wp-json\/wp\/v2\/comments?post=2780"}],"version-history":[{"count":7,"href":"https:\/\/www.comunidadcalatayud.com\/index.php\/wp-json\/wp\/v2\/pages\/2780\/revisions"}],"predecessor-version":[{"id":9612,"href":"https:\/\/www.comunidadcalatayud.com\/index.php\/wp-json\/wp\/v2\/pages\/2780\/revisions\/9612"}],"up":[{"embeddable":true,"href":"https:\/\/www.comunidadcalatayud.com\/index.php\/wp-json\/wp\/v2\/pages\/2776"}],"wp:attachment":[{"href":"https:\/\/www.comunidadcalatayud.com\/index.php\/wp-json\/wp\/v2\/media?parent=2780"}],"curies":[{"name":"wp","href":"https:\/\/api.w.org\/{rel}","templated":true}]}}