{"id":2686,"date":"2017-09-04T11:57:11","date_gmt":"2017-09-04T11:57:11","guid":{"rendered":"http:\/\/www.comunidadcalatayud.com\/comarca\/"},"modified":"2017-09-18T08:50:34","modified_gmt":"2017-09-18T08:50:34","slug":"comarca","status":"publish","type":"page","link":"https:\/\/www.comunidadcalatayud.com\/index.php\/comarca\/","title":{"rendered":"La Instituci\u00f3n de La Comarca"},"content":{"rendered":"<div class=\"grid\">\n<article class=\"column span-9\"><img loading=\"lazy\" decoding=\"async\" class=\"alignright wp-image-3547\" src=\"http:\/\/www.comunidadcalatayud.com\/wp-content\/uploads\/2017\/09\/EntradaPalacio.jpg\" alt=\"\" width=\"400\" height=\"266\" srcset=\"https:\/\/www.comunidadcalatayud.com\/wp-content\/uploads\/2017\/09\/EntradaPalacio.jpg 500w, https:\/\/www.comunidadcalatayud.com\/wp-content\/uploads\/2017\/09\/EntradaPalacio-300x200.jpg 300w, https:\/\/www.comunidadcalatayud.com\/wp-content\/uploads\/2017\/09\/EntradaPalacio-110x73.jpg 110w\" sizes=\"auto, (max-width: 400px) 100vw, 400px\" \/><strong>La Comarca de la Comunidad de Calatayud<\/strong> fue creada por la<strong> ley 9\/2001, de 18 de Junio<\/strong> y constituida en Sesi\u00f3n Extraordinaria celebrada el d\u00eda 11 de octubre de 2001.El territorio de la Comarca es el delimitado por el conjunto de los t\u00e9rminos de los municipios que la integran, en total son <strong>67 municipios<\/strong> y la capitalidad la ostenta Calatayud.<\/p>\n<p>Seg\u00fan el estudio del INE de 2007 tienen una superficie de 2518 Km2 con una poblaci\u00f3n de 41.356 habitantes.<\/p>\n<p><strong>Comarca de la Comunidad de Calatayud<\/strong><br \/>\nPlaza de la Comunidad, 1<br \/>\n50.300 Calatayud<br \/>\nTel\u00e9fono: 976 88 30 75<br \/>\nFax: 976 88 69 17<br \/>\n<a href=\"&#x6d;ai&#x6c;to&#x3a;co&#x6d;ar&#x63;a&#64;&#x63;om&#x75;&#110;i&#x64;&#97;d&#x63;&#97;l&#x61;&#116;a&#x79;&#117;d&#x2e;&#99;o&#x6d;\">&#99;&#x6f;m&#x61;r&#x63;a&#x40;c&#x6f;m&#117;&#x6e;&#105;&#x64;a&#x64;c&#x61;l&#x61;t&#x61;y&#117;&#x64;&#46;&#x63;o&#x6d;<\/a><\/p>\n<\/article>\n<div class=\"column span-3 pull-right sidebar\">\n<!-- Widget Shortcode --><div id=\"nav_menu-3\" class=\"widget widget_nav_menu widget-shortcode area-otw-sidebar-1 \"><h2 class=\"widgettitle\">Comarca<\/h2><div class=\"menu-menu-comarca-container\"><ul id=\"menu-menu-comarca\" class=\"menu\"><li id=\"menu-item-2727\" class=\"menu-item menu-item-type-post_type menu-item-object-page menu-item-2727\"><a href=\"https:\/\/www.comunidadcalatayud.com\/index.php\/comarca\/\">La Instituci\u00f3n de La Comarca<\/a><\/li>\n<li id=\"menu-item-2769\" class=\"menu-item menu-item-type-post_type menu-item-object-page menu-item-2769\"><a href=\"https:\/\/www.comunidadcalatayud.com\/index.php\/comarca\/saludo\/\">Saludo del Presidente<\/a><\/li>\n<li id=\"menu-item-2821\" class=\"menu-item menu-item-type-post_type menu-item-object-page menu-item-2821\"><a href=\"https:\/\/www.comunidadcalatayud.com\/index.php\/comarca\/consejo\/\">Consejo<\/a><\/li>\n<li id=\"menu-item-2820\" class=\"menu-item menu-item-type-post_type menu-item-object-page menu-item-2820\"><a href=\"https:\/\/www.comunidadcalatayud.com\/index.php\/comarca\/comision-de-gobierno\/\">Comisi\u00f3n de Gobierno<\/a><\/li>\n<li id=\"menu-item-2864\" class=\"menu-item menu-item-type-post_type menu-item-object-page menu-item-2864\"><a href=\"https:\/\/www.comunidadcalatayud.com\/index.php\/comarca\/comisiones-informativas\/\">Comisiones Informativas<\/a><\/li>\n<li id=\"menu-item-3578\" class=\"menu-item menu-item-type-post_type menu-item-object-page menu-item-3578\"><a href=\"https:\/\/www.comunidadcalatayud.com\/index.php\/areas\/\">\u00c1reas<\/a><\/li>\n<li id=\"menu-item-2863\" class=\"menu-item menu-item-type-post_type menu-item-object-page menu-item-2863\"><a href=\"https:\/\/www.comunidadcalatayud.com\/index.php\/comarca\/normativa\/\">Normativa<\/a><\/li>\n<li id=\"menu-item-4650\" class=\"menu-item menu-item-type-post_type menu-item-object-page menu-item-4650\"><a href=\"https:\/\/www.comunidadcalatayud.com\/index.php\/comarca\/telefonos-de-interes\/\">Tel\u00e9fonos de inter\u00e9s<\/a><\/li>\n<\/ul><\/div><\/div><!-- \/Widget Shortcode -->\n<\/div>\n<\/div>\n","protected":false},"excerpt":{"rendered":"<p class=\"excerpt\">La Comarca de la Comunidad de Calatayud fue creada por la ley 9\/2001, de 18 de Junio y constituida en Sesi\u00f3n Extraordinaria celebrada el d\u00eda 11 de octubre de 2001.El territorio de la Comarca es el delimitado por el conjunto de los t\u00e9rminos de los municipios que la integran, en total son 67 municipios y [&hellip;]<\/p>\n","protected":false},"author":1,"featured_media":0,"parent":0,"menu_order":1,"comment_status":"closed","ping_status":"closed","template":"","meta":{"footnotes":""},"class_list":["post-2686","page","type-page","status-publish","hentry"],"_links":{"self":[{"href":"https:\/\/www.comunidadcalatayud.com\/index.php\/wp-json\/wp\/v2\/pages\/2686","targetHints":{"allow":["GET"]}}],"collection":[{"href":"https:\/\/www.comunidadcalatayud.com\/index.php\/wp-json\/wp\/v2\/pages"}],"about":[{"href":"https:\/\/www.comunidadcalatayud.com\/index.php\/wp-json\/wp\/v2\/types\/page"}],"author":[{"embeddable":true,"href":"https:\/\/www.comunidadcalatayud.com\/index.php\/wp-json\/wp\/v2\/users\/1"}],"replies":[{"embeddable":true,"href":"https:\/\/www.comunidadcalatayud.com\/index.php\/wp-json\/wp\/v2\/comments?post=2686"}],"version-history":[{"count":11,"href":"https:\/\/www.comunidadcalatayud.com\/index.php\/wp-json\/wp\/v2\/pages\/2686\/revisions"}],"predecessor-version":[{"id":3805,"href":"https:\/\/www.comunidadcalatayud.com\/index.php\/wp-json\/wp\/v2\/pages\/2686\/revisions\/3805"}],"wp:attachment":[{"href":"https:\/\/www.comunidadcalatayud.com\/index.php\/wp-json\/wp\/v2\/media?parent=2686"}],"curies":[{"name":"wp","href":"https:\/\/api.w.org\/{rel}","templated":true}]}}