{"id":18,"date":"2017-09-04T11:35:33","date_gmt":"2017-09-04T11:35:33","guid":{"rendered":"http:\/\/www.comunidadcalatayud.com\/home-page\/"},"modified":"2025-07-21T06:39:35","modified_gmt":"2025-07-21T06:39:35","slug":"home-page","status":"publish","type":"page","link":"https:\/\/www.comunidadcalatayud.com\/","title":{"rendered":"Inicio"},"content":{"rendered":"<p><!-- Start video bg area --><\/p>\n<p><!-- End video bg area --><\/p>\n<p><!-- End apptech bg video--><\/p>\n<p>Una comarca a tu servicio &#8230;\t\t\t\t\t\t\t\t\t\t\t\t\t\t\t\t\t\t\t\t\t\t\t\t\t\t\t\t\t<\/p>\n<p><!-- Start slider button --><\/p>\n<p><!-- End Slider Button --><\/p>\n<p><!-- .container --><br \/>\n\t\t\t\t\t\t\t\t <!-- .overlay --><\/p>\n<p><!-- Start video bg area --><\/p>\n<p><!-- End video bg area --><\/p>\n<p><!-- End apptech bg video--><\/p>\n<p>Porque el medio ambiente nos importa\t\t\t\t\t\t\t\t\t\t\t\t\t\t\t\t\t\t\t\t\t\t\t\t\t\t\t\t\t<\/p>\n<p><!-- Start slider button --><\/p>\n<p><a href=\"http:\/\/www.comunidadcalatayud.com\/index.php\/areas\/medio-ambiente\/puntos-limpios-fijo-y-movil\/\" target=\"_self\"><\/p>\n<p>Punto Limpio Fijo y M\u00f3vil<\/p>\n<p><\/a><\/p>\n<p><!-- End Slider Button --><\/p>\n<p><!-- .container --><br \/>\n\t\t\t\t\t\t\t\t <!-- .overlay --><\/p>\n<p><!-- Start video bg area --><\/p>\n<p><!-- End video bg area --><\/p>\n<p><!-- End apptech bg video--><\/p>\n<p>Siglos de arte y turismo\t\t\t\t\t\t\t\t\t\t\t\t\t\t\t\t\t\t\t\t\t\t\t\t\t\t\t\t\t<\/p>\n<p><!-- Start slider button --><\/p>\n<p><!-- End Slider Button --><\/p>\n<p><!-- .container --><br \/>\n\t\t\t\t\t\t\t\t <!-- .overlay --><\/p>\n<p><!-- Start video bg area --><\/p>\n<p><!-- End video bg area --><\/p>\n<p><!-- End apptech bg video--><\/p>\n<p>Agua y tierra de sue\u00f1os\t\t\t\t\t\t\t\t\t\t\t\t\t\t\t\t\t\t\t\t\t\t\t\t\t\t\t\t\t<\/p>\n<p><!-- Start slider button --><\/p>\n<p><!-- End Slider Button --><\/p>\n<p><!-- .container --><br \/>\n\t\t\t\t\t\t\t\t <!-- .overlay --><\/p>\n<p><a href=\"https:\/\/www.comunidadcalatayud.com\/index.php\/areas\/accion-social\/\"><br \/>\n\t\t\t\t\t\t\t\t\t\t\t\t\t\t\t\t\t\t\t\t\t\t\t\t\t\t\t\t\tAcci\u00f3n Social\t\t\t\t\t\t\t\t\t\t\t\t\t\t\t\t\t\t\t\t\t\t\t\t\t\t\t\t\t<\/a><\/p>\n<p><a href=\"https:\/\/www.comunidadcalatayud.com\/index.php\/areas\/cultura\/\"><br \/>\n\t\t\t\t\t\t\t\t\t\t\t\t\t\t\t\t\t\t\t\t\t\t\t\t\t\t\t\t\tCultura\t\t\t\t\t\t\t\t\t\t\t\t\t\t\t\t\t\t\t\t\t\t\t\t\t\t\t\t\t<\/a><\/p>\n<p><a href=\"https:\/\/www.comunidadcalatayud.com\/index.php\/areas\/medio-ambiente\/\"><br \/>\n\t\t\t\t\t\t\t\t\t\t\t\t\t\t\t\t\t\t\t\t\t\t\t\t\t\t\t\t\tMedio Ambiente\t\t\t\t\t\t\t\t\t\t\t\t\t\t\t\t\t\t\t\t\t\t\t\t\t\t\t\t\t<\/a><\/p>\n<p><a href=\"https:\/\/www.comarcacalatayudpstd.es\/\" target=\"_blank\"><br \/>\n\t\t\t\t\t\t\t\t\t\t\t\t\t\t\t\t\t\t\t\t\t\t\t\t\t\t\t\t\tPSTD\t\t\t\t\t\t\t\t\t\t\t\t\t\t\t\t\t\t\t\t\t\t\t\t\t\t\t\t\t<\/a><\/p>\n<p><a href=\"https:\/\/www.comunidadcalatayud.com\/index.php\/areas\/turismo\/\"><br \/>\n\t\t\t\t\t\t\t\t\t\t\t\t\t\t\t\t\t\t\t\t\t\t\t\t\t\t\t\t\tTurismo\t\t\t\t\t\t\t\t\t\t\t\t\t\t\t\t\t\t\t\t\t\t\t\t\t\t\t\t\t<\/a><\/p>\n<p><a href=\"https:\/\/www.comunidadcalatayud.com\/index.php\/areas\/juventud\/\"><br \/>\n\t\t\t\t\t\t\t\t\t\t\t\t\t\t\t\t\t\t\t\t\t\t\t\t\t\t\t\t\tJuventud\t\t\t\t\t\t\t\t\t\t\t\t\t\t\t\t\t\t\t\t\t\t\t\t\t\t\t\t\t<\/a><\/p>\n<p><!-- \/row --><\/p>\n<p><a href=\"https:\/\/www.comunidadcalatayud.com\/index.php\/2025\/06\/18\/bases-convocatoria-de-ayudas-a-entidades-sin-animo-de-lucro-de-la-comarca-comunidad-de-calatayud-para-promocion-y-fomento-de-la-cultura-2-2\/\"><\/p>\n<p><img loading=\"lazy\" decoding=\"async\" width=\"376\" height=\"252\" src=\"https:\/\/www.comunidadcalatayud.com\/wp-content\/uploads\/2017\/12\/logo-para-web-376x252.jpg\" \/>\t\t\t\t\t\t\t\t\t\t\t\t\t\t<\/p>\n<p><\/a><\/p>\n<p><a href=\"https:\/\/www.comunidadcalatayud.com\/index.php\/2025\/06\/18\/bases-convocatoria-de-ayudas-a-entidades-sin-animo-de-lucro-de-la-comarca-comunidad-de-calatayud-para-promocion-y-fomento-de-la-cultura-2-2\/\">BASES\u00a0 CONVOCATORIA DE AYUDAS A ENTIDADES SIN \u00c1NIMO DE LUCRO DE LA COMARCA COMUNIDAD DE CALATAYUD PARA PROMOCI\u00d3N Y FOMENTO DE LA CULTURA<\/a><\/p>\n<p>junio 18, 2025<br \/>\n\t\t\t\t\t\t\t\t\t\t\t\t<a href=\"https:\/\/www.comunidadcalatayud.com\/index.php\/category\/noticias\/cultura\/\">Cultura<\/a> \/ <a href=\"https:\/\/www.comunidadcalatayud.com\/index.php\/category\/noticias\/\">Noticias<\/a> \/ <a href=\"https:\/\/www.comunidadcalatayud.com\/index.php\/category\/subvenciones\/\">Subvenciones<\/a><\/p>\n<p>\t\t\t\t\t\t\t\t\t\t\t\t\t\t 0\t\t\t\t\t\t\t\t\t\t\t\t\t<\/p>\n<p>BASES\u00a0 CONVOCATORIA DE AYUDAS A ENTIDADES SIN \u00c1NIMO DE LUCRO DE LA COMARCA COMUNIDAD DE CALATAYUD &#8230;\t<\/p>\n<p><a href=\"https:\/\/www.comunidadcalatayud.com\/index.php\/2025\/06\/18\/bases-convocatoria-de-ayudas-a-entidades-sin-animo-de-lucro-de-la-comarca-comunidad-de-calatayud-para-promocion-y-fomento-de-la-cultura-2-2\/\">Leer m\u00e1s<\/a><\/p>\n<p><a href=\"https:\/\/www.comunidadcalatayud.com\/index.php\/2025\/06\/17\/ayudas-a-clubes-ampa-otras-entidades-deportivas-sin-animo-de-lucro-2\/\"><\/p>\n<p><img loading=\"lazy\" decoding=\"async\" width=\"376\" height=\"252\" src=\"https:\/\/www.comunidadcalatayud.com\/wp-content\/uploads\/2017\/12\/logo-para-web-376x252.jpg\" \/>\t\t\t\t\t\t\t\t\t\t\t\t\t\t<\/p>\n<p><\/a><\/p>\n<p><a href=\"https:\/\/www.comunidadcalatayud.com\/index.php\/2025\/06\/17\/ayudas-a-clubes-ampa-otras-entidades-deportivas-sin-animo-de-lucro-2\/\">Ayudas a Clubes, AMPA, otras entidades deportivas sin \u00e1nimo de lucro<\/a><\/p>\n<p>junio 17, 2025<br \/>\n\t\t\t\t\t\t\t\t\t\t\t\t<a href=\"https:\/\/www.comunidadcalatayud.com\/index.php\/category\/noticias\/\">Noticias<\/a> \/ <a href=\"https:\/\/www.comunidadcalatayud.com\/index.php\/category\/subvenciones\/\">Subvenciones<\/a><\/p>\n<p>\t\t\t\t\t\t\t\t\t\t\t\t\t\t 0\t\t\t\t\t\t\t\t\t\t\t\t\t<\/p>\n<p>El objeto de la presente convocatoria lo constituye la concesi\u00f3n de ayudas a Clubes, AMPAS y Entida&#8230;\t<\/p>\n<p><a href=\"https:\/\/www.comunidadcalatayud.com\/index.php\/2025\/06\/17\/ayudas-a-clubes-ampa-otras-entidades-deportivas-sin-animo-de-lucro-2\/\">Leer m\u00e1s<\/a><\/p>\n<p><a href=\"https:\/\/www.comunidadcalatayud.com\/index.php\/2025\/06\/17\/actividades-nauticas-en-el-embalse-de-la-tranquera-julio-2025\/\"><\/p>\n<p><img loading=\"lazy\" decoding=\"async\" width=\"376\" height=\"252\" src=\"https:\/\/www.comunidadcalatayud.com\/wp-content\/uploads\/2025\/06\/Diseno-sin-titulo-29-376x252.png\" \/>\t\t\t\t\t\t\t\t\t\t\t\t\t\t<\/p>\n<p><\/a><\/p>\n<p><a href=\"https:\/\/www.comunidadcalatayud.com\/index.php\/2025\/06\/17\/actividades-nauticas-en-el-embalse-de-la-tranquera-julio-2025\/\">Actividades n\u00e1uticas en el embalse de La Tranquera \u2013 Julio 2025<\/a><\/p>\n<p>junio 17, 2025<br \/>\n\t\t\t\t\t\t\t\t\t\t\t\t<a href=\"https:\/\/www.comunidadcalatayud.com\/index.php\/category\/noticias\/deportes\/\">Deportes<\/a> \/ <a href=\"https:\/\/www.comunidadcalatayud.com\/index.php\/category\/noticias\/\">Noticias<\/a><\/p>\n<p>\t\t\t\t\t\t\t\t\t\t\t\t\t\t 0\t\t\t\t\t\t\t\t\t\t\t\t\t<\/p>\n<p>Actividades n\u00e1uticas en el embalse de La Tranquera \u2013 Julio 2025 La Comarca Comunidad de Calatayud&#8230;\t<\/p>\n<p><a href=\"https:\/\/www.comunidadcalatayud.com\/index.php\/2025\/06\/17\/actividades-nauticas-en-el-embalse-de-la-tranquera-julio-2025\/\">Leer m\u00e1s<\/a><\/p>\n<p><a href=\"https:\/\/www.comunidadcalatayud.com\/?p=10004\"><\/a><\/p>\n<p>junio 17, 2025<br \/>\n\t\t\t\t\t\t\t\t\t\t\t\t<a href=\"https:\/\/www.comunidadcalatayud.com\/index.php\/category\/noticias\/deportes\/\">Deportes<\/a> \/ <a href=\"https:\/\/www.comunidadcalatayud.com\/index.php\/category\/noticias\/\">Noticias<\/a><\/p>\n<p>\t\t\t\t\t\t\t\t\t\t\t\t\t\t 0\t\t\t\t\t\t\t\t\t\t\t\t\t<\/p>\n<p>Actividades n\u00e1uticas en el embalse de La Tranquera \u2013 Julio 2025 La Comarca Comunidad de Calatayud&#8230;\t<\/p>\n<p><a href=\"https:\/\/www.comunidadcalatayud.com\/?p=10004\">Leer m\u00e1s<\/a><\/p>\n<p><!-- \/carsol --><br \/>\n\t\t\t\t\t\t<!-- \/row --><\/p>\n<p><a href=\"http:\/\/www.actividadescomunidadcalatayud.es\/\" target=\"_blank\"><br \/>\n\t\t\t\t\t\t\t\t\t\t\t\t\t\t\t\t\t\t\t\t\t\t\t\t\t\t\t\t\tDeportes\t\t\t\t\t\t\t\t\t\t\t\t\t\t\t\t\t\t\t\t\t\t\t\t\t\t\t\t\t<\/a><\/p>\n<p>En el encontrar\u00e1s informaci\u00f3n sobre las actividades deportivas de nuestra Comarca.<br \/>\n\t\t\t\t\t\t\t\t\t\t\t\t\t\t\t\t\t\t\t\t\t\t\t\t\t\t\t\t\t\t\t\t\t\t\t\t\t<a href=\"http:\/\/www.actividadescomunidadcalatayud.es\/\" target=\"_blank\"><br \/>\n\t\t\t\t\t\t\t\t\t\t\t\t\t\tVisita el Portal de Deportes\t\t\t\t\t\t\t\t\t\t\t\t\t<\/a><\/p>\n<p><a href=\"http:\/\/www.comarcacalatayud.es\/\" target=\"_blank\"><br \/>\n\t\t\t\t\t\t\t\t\t\t\t\t\t\t\t\t\t\t\t\t\t\t\t\t\t\t\t\t\tTurismo\t\t\t\t\t\t\t\t\t\t\t\t\t\t\t\t\t\t\t\t\t\t\t\t\t\t\t\t\t<\/a><\/p>\n<p>Accede a\u00a0la informaci\u00f3n de los atractivos tur\u00edsticos de la Comunidad de Calatayud.<br \/>\n\t\t\t\t\t\t\t\t\t\t\t\t\t\t\t\t\t\t\t\t\t\t\t\t\t\t\t\t\t\t\t\t\t\t\t\t\t<a href=\"http:\/\/www.comarcacalatayud.es\/\" target=\"_blank\"><br \/>\n\t\t\t\t\t\t\t\t\t\t\t\t\t\tVisita el Portal de Turismo\t\t\t\t\t\t\t\t\t\t\t\t\t<\/a><\/p>\n<p><!-- \/row --><\/p>\n<p>EVENTOS<br \/>\n\t\t\t\t\t\t\t\t\t\t\t\t\t\t\t\t\t\t\t\t\t\t\t\t\t\t\t\t\t\t\t\t\t\t\t\t\t<!-- Widget Shortcode --><a href=\"?date=2025-6&amp;t=mini\">&lt;<\/a><a href=\"?date=2024-7-21&amp;t=mini\">&lt;<\/a>&nbsp;2025&nbsp;<a href=\"?date=2026-7-21&amp;t=mini\">&gt;<\/a>Julio<a href=\"?date=2025-8-15&amp;t=mini\">&gt;<\/a> <a>Mes<\/a><a href=\"?date=2025-7-21&amp;t=mini\">Mes<\/a><a href=\"?date=2025-7-21&amp;t=list\">Lista<\/a><a href=\"?date=2025-7-21&amp;t=week\">Semana<\/a><a href=\"?date=2025-7-21&amp;t=day\">D\u00eda<\/a>LuMaMiJuViSaDo&nbsp;12345678910111213141516171819202122232425262728293031&nbsp;&nbsp;&nbsp;<!-- \/Widget Shortcode --><\/p>\n<p>ENLACES DE INTER\u00c9S\t\t\t\t\t\t\t\t\t\t\t\t\t\t\t\t\t\t\t\t\t\t\t\t\t\t\t<\/p>\n<p><a href=\"http:\/\/www.aragon.es\/\" target=\"_blank\"><br \/>\n\t\t\t\t\t\t\t<img loading=\"lazy\" decoding=\"async\" width=\"185\" height=\"94\" src=\"https:\/\/www.comunidadcalatayud.com\/wp-content\/uploads\/2017\/10\/aragob.jpg\" \/>\t\t\t\t\t\t<\/a><\/p>\n<p><a href=\"http:\/\/www.dpz.es\/\" target=\"_blank\"><br \/>\n\t\t\t\t\t\t\t<img loading=\"lazy\" decoding=\"async\" width=\"185\" height=\"94\" src=\"https:\/\/www.comunidadcalatayud.com\/wp-content\/uploads\/2017\/10\/dpz.jpg\" \/>\t\t\t\t\t\t<\/a><\/p>\n<p><a href=\"http:\/\/comarcacalatayud.sedelectronica.es\" target=\"_blank\"><br \/>\n\t\t\t\t\t\t\t<img loading=\"lazy\" decoding=\"async\" width=\"185\" height=\"94\" src=\"https:\/\/www.comunidadcalatayud.com\/wp-content\/uploads\/2017\/10\/SedeElectronica.jpg\" \/>\t\t\t\t\t\t<\/a><\/p>\n<p><a href=\"http:\/\/www.boa.aragon.es\/\" target=\"_blank\"><br \/>\n\t\t\t\t\t\t\t<img loading=\"lazy\" decoding=\"async\" width=\"185\" height=\"94\" src=\"https:\/\/www.comunidadcalatayud.com\/wp-content\/uploads\/2017\/10\/boa.jpg\" \/>\t\t\t\t\t\t<\/a><\/p>\n<p><a href=\"https:\/\/contrataciondelestado.es\/wps\/portal\/%21ut\/p\/b1\/jc7NDoIwEATgZ-EBzE4plHAsCqXGKKKC7cX0YAyGn4vx-UXjFXRvm3yTGbJkFhFnYDHjoDPZ3j2bm3s0Q-_a92_FRVbpXuqYQ5VFCj8pIxFkOw74IzAjCPkyqNZVIQ5aATrPVpsTC6F88V8eEyfxK1-TnSf4grmJHzCzYZsP3ZXMyKLJIgU6kkmos20W63vgpOe9AK6GQDk%21\/dl4\/d5\/L2dBISEvZ0FBIS9nQSEh\/pw\/Z7_AVEQAI930GRPE02BR764FO30G0\/act\/id=0\/p=javax.servlet.include.path_info=QCPjspQCPlistPerfilesQCPAdminAFPListPerfPortletAppView.jsp\/386681913856\/-\/#\" target=\"_blank\"><br \/>\n\t\t\t\t\t\t\t<img loading=\"lazy\" decoding=\"async\" width=\"185\" height=\"94\" src=\"https:\/\/www.comunidadcalatayud.com\/wp-content\/uploads\/2017\/10\/PerfilContratante.jpg\" \/>\t\t\t\t\t\t<\/a><\/p>\n<p><a href=\"http:\/\/comarcacalatayud.sedelectronica.es\/transparency\" target=\"_blank\"><br \/>\n\t\t\t\t\t\t\t<img loading=\"lazy\" decoding=\"async\" width=\"185\" height=\"94\" src=\"https:\/\/www.comunidadcalatayud.com\/wp-content\/uploads\/2017\/10\/Transparencia.jpg\" \/>\t\t\t\t\t\t<\/a><\/p>\n<p><!-- \/row --><\/p>\n<p><a href=\"https:\/\/www.comunidadcalatayud.com\/index.php\/areas\/medio-ambiente\/puntos-limpios-fijo-y-movil\/\"><br \/>\n\t\t\t\t\t\t\t\t\t\t\t\t\t\t\t\t\t\t\t\t\t\t\t\t\t\t\t\t\tPunto Limpio\t\t\t\t\t\t\t\t\t\t\t\t\t\t\t\t\t\t\t\t\t\t\t\t\t\t\t\t\t<\/a><\/p>\n<p>\u00bfSab\u00edas que adem\u00e1s del\u00a0\u00a0Punto Limpio Fijo hay un Punto Limpio M\u00f3vil?<br \/>\n\t\t\t\t\t\t\t\t\t\t\t\t\t\t\t\t\t\t\t\t\t\t\t\t\t\t\t\t\t\t\t\t\t\t\t\t\t<a href=\"https:\/\/www.comunidadcalatayud.com\/index.php\/areas\/medio-ambiente\/puntos-limpios-fijo-y-movil\/\"><br \/>\n\t\t\t\t\t\t\t\t\t\t\t\t\t\tM\u00e1s Informaci\u00f3n\t\t\t\t\t\t\t\t\t\t\t\t\t<\/a><\/p>\n<p><!-- \/row --><\/p>\n","protected":false},"excerpt":{"rendered":"<p class=\"excerpt\">Una comarca a tu servicio &#8230; Porque el medio ambiente nos importa Punto Limpio Fijo y M\u00f3vil Siglos de arte y turismo Agua y tierra de sue\u00f1os Acci\u00f3n Social Cultura Medio Ambiente PSTD Turismo Juventud BASES\u00a0 CONVOCATORIA DE AYUDAS A ENTIDADES SIN \u00c1NIMO DE LUCRO DE LA COMARCA COMUNIDAD DE CALATAYUD PARA PROMOCI\u00d3N Y FOMENTO [&hellip;]<\/p>\n","protected":false},"author":1,"featured_media":0,"parent":0,"menu_order":0,"comment_status":"closed","ping_status":"closed","template":"builder.php","meta":{"footnotes":""},"class_list":["post-18","page","type-page","status-publish","hentry"],"_links":{"self":[{"href":"https:\/\/www.comunidadcalatayud.com\/index.php\/wp-json\/wp\/v2\/pages\/18","targetHints":{"allow":["GET"]}}],"collection":[{"href":"https:\/\/www.comunidadcalatayud.com\/index.php\/wp-json\/wp\/v2\/pages"}],"about":[{"href":"https:\/\/www.comunidadcalatayud.com\/index.php\/wp-json\/wp\/v2\/types\/page"}],"author":[{"embeddable":true,"href":"https:\/\/www.comunidadcalatayud.com\/index.php\/wp-json\/wp\/v2\/users\/1"}],"replies":[{"embeddable":true,"href":"https:\/\/www.comunidadcalatayud.com\/index.php\/wp-json\/wp\/v2\/comments?post=18"}],"version-history":[{"count":557,"href":"https:\/\/www.comunidadcalatayud.com\/index.php\/wp-json\/wp\/v2\/pages\/18\/revisions"}],"predecessor-version":[{"id":10047,"href":"https:\/\/www.comunidadcalatayud.com\/index.php\/wp-json\/wp\/v2\/pages\/18\/revisions\/10047"}],"wp:attachment":[{"href":"https:\/\/www.comunidadcalatayud.com\/index.php\/wp-json\/wp\/v2\/media?parent=18"}],"curies":[{"name":"wp","href":"https:\/\/api.w.org\/{rel}","templated":true}]}}